{"id":3291,"date":"2025-04-30T12:03:36","date_gmt":"2025-04-30T10:03:36","guid":{"rendered":"https:\/\/www.grifovacances.com\/apartament-en-detall\/"},"modified":"2025-04-30T12:03:36","modified_gmt":"2025-04-30T10:03:36","slug":"apartament-en-detall","status":"publish","type":"page","link":"https:\/\/www.grifovacances.com\/ca\/apartament-en-detall\/","title":{"rendered":"Apartament en detall"},"content":{"rendered":"\t\t<div data-elementor-type=\"wp-page\" data-elementor-id=\"3291\" class=\"elementor elementor-3291 elementor-542\" data-elementor-post-type=\"page\">\n\t\t\t\t\t\t<section class=\"elementor-section elementor-top-section elementor-element elementor-element-19d7533 elementor-section-boxed elementor-section-height-default elementor-section-height-default\" data-id=\"19d7533\" data-element_type=\"section\" data-e-type=\"section\">\n\t\t\t\t\t\t<div class=\"elementor-container elementor-column-gap-default\">\n\t\t\t\t\t<div class=\"elementor-column elementor-col-50 elementor-top-column elementor-element elementor-element-39284a2\" data-id=\"39284a2\" data-element_type=\"column\" data-e-type=\"column\">\n\t\t\t<div class=\"elementor-widget-wrap elementor-element-populated\">\n\t\t\t\t\t\t<div class=\"elementor-element elementor-element-a4a4828 elementor-widget elementor-widget-shortcode\" data-id=\"a4a4828\" data-element_type=\"widget\" data-e-type=\"widget\" data-widget_type=\"shortcode.default\">\n\t\t\t\t<div class=\"elementor-widget-container\">\n\t\t\t\t\t\t\t<div class=\"elementor-shortcode\"><\/div>\n\t\t\t\t\t\t<\/div>\n\t\t\t\t<\/div>\n\t\t\t\t\t<\/div>\n\t\t<\/div>\n\t\t\t\t<div class=\"elementor-column elementor-col-50 elementor-top-column elementor-element elementor-element-3645227\" data-id=\"3645227\" data-element_type=\"column\" data-e-type=\"column\">\n\t\t\t<div class=\"elementor-widget-wrap elementor-element-populated\">\n\t\t\t\t\t\t<section class=\"elementor-section elementor-inner-section elementor-element elementor-element-a5b278b elementor-section-boxed elementor-section-height-default elementor-section-height-default\" data-id=\"a5b278b\" data-element_type=\"section\" data-e-type=\"section\" data-settings=\"{&quot;background_background&quot;:&quot;classic&quot;}\">\n\t\t\t\t\t\t<div class=\"elementor-container elementor-column-gap-default\">\n\t\t\t\t\t<div class=\"elementor-column elementor-col-100 elementor-inner-column elementor-element elementor-element-44688fa\" data-id=\"44688fa\" data-element_type=\"column\" data-e-type=\"column\">\n\t\t\t<div class=\"elementor-widget-wrap elementor-element-populated\">\n\t\t\t\t\t\t<div class=\"elementor-element elementor-element-cc6a417 elementor-widget elementor-widget-shortcode\" data-id=\"cc6a417\" data-element_type=\"widget\" data-e-type=\"widget\" data-widget_type=\"shortcode.default\">\n\t\t\t\t<div class=\"elementor-widget-container\">\n\t\t\t\t\t\t\t<div class=\"elementor-shortcode\"><\/div>\n\t\t\t\t\t\t<\/div>\n\t\t\t\t<\/div>\n\t\t\t\t\t<\/div>\n\t\t<\/div>\n\t\t\t\t\t<\/div>\n\t\t<\/section>\n\t\t\t\t<section class=\"elementor-section elementor-inner-section elementor-element elementor-element-2c39b55 elementor-section-boxed elementor-section-height-default elementor-section-height-default\" data-id=\"2c39b55\" data-element_type=\"section\" data-e-type=\"section\" data-settings=\"{&quot;background_background&quot;:&quot;classic&quot;}\">\n\t\t\t\t\t\t<div class=\"elementor-container elementor-column-gap-default\">\n\t\t\t\t\t<div class=\"elementor-column elementor-col-100 elementor-inner-column elementor-element elementor-element-781c907\" data-id=\"781c907\" data-element_type=\"column\" data-e-type=\"column\">\n\t\t\t<div class=\"elementor-widget-wrap elementor-element-populated\">\n\t\t\t\t\t\t<div class=\"elementor-element elementor-element-afcfd43 elementor-widget elementor-widget-shortcode\" data-id=\"afcfd43\" data-element_type=\"widget\" data-e-type=\"widget\" data-widget_type=\"shortcode.default\">\n\t\t\t\t<div class=\"elementor-widget-container\">\n\t\t\t\t\t\t\t<div class=\"elementor-shortcode\"><\/div>\n\t\t\t\t\t\t<\/div>\n\t\t\t\t<\/div>\n\t\t\t\t\t<\/div>\n\t\t<\/div>\n\t\t\t\t\t<\/div>\n\t\t<\/section>\n\t\t\t\t\t<\/div>\n\t\t<\/div>\n\t\t\t\t\t<\/div>\n\t\t<\/section>\n\t\t\t\t<section class=\"elementor-section elementor-top-section elementor-element elementor-element-34ec264 elementor-section-boxed elementor-section-height-default elementor-section-height-default\" data-id=\"34ec264\" data-element_type=\"section\" data-e-type=\"section\">\n\t\t\t\t\t\t<div class=\"elementor-container elementor-column-gap-default\">\n\t\t\t\t\t<div class=\"elementor-column elementor-col-100 elementor-top-column elementor-element elementor-element-8c6f602\" data-id=\"8c6f602\" data-element_type=\"column\" data-e-type=\"column\">\n\t\t\t<div class=\"elementor-widget-wrap elementor-element-populated\">\n\t\t\t\t\t\t<div class=\"elementor-element elementor-element-64dc9ec elementor-widget elementor-widget-shortcode\" data-id=\"64dc9ec\" data-element_type=\"widget\" data-e-type=\"widget\" data-widget_type=\"shortcode.default\">\n\t\t\t\t<div class=\"elementor-widget-container\">\n\t\t\t\t\t\t\t<div class=\"elementor-shortcode\"><\/div>\n\t\t\t\t\t\t<\/div>\n\t\t\t\t<\/div>\n\t\t\t\t\t<\/div>\n\t\t<\/div>\n\t\t\t\t\t<\/div>\n\t\t<\/section>\n\t\t\t\t<section class=\"elementor-section elementor-top-section elementor-element elementor-element-e7f4635 elementor-section-boxed elementor-section-height-default elementor-section-height-default\" data-id=\"e7f4635\" data-element_type=\"section\" data-e-type=\"section\">\n\t\t\t\t\t\t<div class=\"elementor-container elementor-column-gap-default\">\n\t\t\t\t\t<div class=\"elementor-column elementor-col-100 elementor-top-column elementor-element elementor-element-2b9bf59\" data-id=\"2b9bf59\" data-element_type=\"column\" data-e-type=\"column\">\n\t\t\t<div class=\"elementor-widget-wrap elementor-element-populated\">\n\t\t\t\t\t\t<div class=\"elementor-element elementor-element-0f00628 elementor-widget elementor-widget-text-editor\" data-id=\"0f00628\" data-element_type=\"widget\" data-e-type=\"widget\" data-widget_type=\"text-editor.default\">\n\t\t\t\t<div class=\"elementor-widget-container\">\n\t\t\t\t\t\t\t\t\t<p><a href=\"https:\/\/www.grifovacances.com\/ca\/\"><strong>Grif\u00f3 Vacances<\/strong> <\/a>a Andorra li ofereix una \u00e0mplia selecci\u00f3 d&#8217;habitatges de <a href=\"https:\/\/www.grifovacances.com\/alquiler\/\"><strong>lloguer<\/strong> <\/a>reformats, confortables i totalment equipats amb totes les comoditats. Tots els nostres <a href=\"https:\/\/www.grifovacances.com\/alquiler\/\"><strong>allotjaments<\/strong><\/a> estan perfectament situats <strong>a menys de 100 metres de les pistes d\u00b4esqu\u00ed<\/strong> per a les vacances d\u00b4esqu\u00ed a les pistes de l\u00b4estaci\u00f3 d\u00b4esqu\u00ed m\u00e9s gran dels Pirineus i del Sud d\u00b4Europa, <strong>l\u00b4Estaci\u00f3 de <a href=\"https:\/\/www.grandvalira.com\/\">Grandvalira<\/a><\/strong>. Els nostres <strong>apartaments<\/strong> a <a href=\"https:\/\/www.grifovacances.com\/pas-de-la-casa\/\"><strong>Pas de la Casa<\/strong><\/a> i al <a href=\"https:\/\/www.grifovacances.com\/el-tarter-2\/\"><strong>Tarter<\/strong><\/a>, al Principat d&#8217;Andorra, s\u00f3n els allotjaments ideals per gaudir d&#8217;unes vacances inoblidables a la neu, al costat de l&#8217;Estaci\u00f3 d&#8217;esqu\u00ed de Grandvalira. Grif\u00f3 Vacances ha esdevingut un referent de professionalitat al seu servei en diversos \u00e0mbits del sector immobiliari a <a href=\"https:\/\/visitandorra.com\/es\/\"><strong>Andorra<\/strong><\/a>. Per la reserva d&#8217;un apartament podreu aprofitar-vos de tots aquests serveis. No dubtis de preguntar en recollir les claus a la nostra oficina <a href=\"https:\/\/www.immogrifo.com\/\"><strong>d&#8217;Immobili\u00e0ria Grif\u00f3<\/strong> <\/a>al carrer Encamp 29 a Pas de la Casa o posar-nos un comentari en fer la reserva.<\/p>\n\t\t\t\t\t\t\t\t<\/div>\n\t\t\t\t<\/div>\n\t\t\t\t\t<\/div>\n\t\t<\/div>\n\t\t\t\t\t<\/div>\n\t\t<\/section>\n\t\t\t\t<\/div>\n\t\t","protected":false},"excerpt":{"rendered":"<p>Grif\u00f3 Vacances a Andorra li ofereix una \u00e0mplia selecci\u00f3 d&#8217;habitatges de lloguer reformats, confortables i totalment equipats amb totes les comoditats. Tots els nostres allotjaments estan perfectament situats a menys de 100 metres de les pistes d\u00b4esqu\u00ed per a les vacances d\u00b4esqu\u00ed a les pistes de l\u00b4estaci\u00f3 d\u00b4esqu\u00ed m\u00e9s gran dels Pirineus i del Sud [&hellip;]<\/p>\n","protected":false},"author":1,"featured_media":3286,"parent":0,"menu_order":0,"comment_status":"closed","ping_status":"closed","template":"","meta":{"_joinchat":[],"footnotes":""},"class_list":["post-3291","page","type-page","status-publish","has-post-thumbnail","hentry"],"yoast_head":"<!-- This site is optimized with the Yoast SEO plugin v27.5 - https:\/\/yoast.com\/product\/yoast-seo-wordpress\/ -->\n<title>Apartament en detall - Immobili\u00e0ria Grif\u00f3 Vacances<\/title>\n<meta name=\"description\" content=\"Lloguer d\u00b4apartament a peu de pista a Pas de la Casa. Les teves vacances d\u00b4esqu\u00ed a Andorra, apartament de lloguer a peu de Grandavalira.\" \/>\n<meta name=\"robots\" content=\"index, follow, max-snippet:-1, max-image-preview:large, max-video-preview:-1\" \/>\n<meta property=\"og:locale\" content=\"ca_ES\" \/>\n<meta property=\"og:type\" content=\"article\" \/>\n<meta property=\"og:title\" content=\"Apartament en detall - Immobili\u00e0ria Grif\u00f3 Vacances\" \/>\n<meta property=\"og:description\" content=\"Lloguer d\u00b4apartament a peu de pista a Pas de la Casa. Les teves vacances d\u00b4esqu\u00ed a Andorra, apartament de lloguer a peu de Grandavalira.\" \/>\n<meta property=\"og:url\" content=\"https:\/\/www.grifovacances.com\/ca\/apartament-en-detall\/\" \/>\n<meta property=\"og:site_name\" content=\"Immobili\u00e0ria Grif\u00f3 Vacances\" \/>\n<meta property=\"og:image\" content=\"https:\/\/www.grifovacances.com\/wp-content\/uploads\/2024\/08\/rrss-grifo.jpg\" \/>\n\t<meta property=\"og:image:width\" content=\"1280\" \/>\n\t<meta property=\"og:image:height\" content=\"720\" \/>\n\t<meta property=\"og:image:type\" content=\"image\/jpeg\" \/>\n<meta name=\"twitter:card\" content=\"summary_large_image\" \/>\n<meta name=\"twitter:label1\" content=\"Temps estimat de lectura\" \/>\n\t<meta name=\"twitter:data1\" content=\"1 minut\" \/>\n<script type=\"application\/ld+json\" class=\"yoast-schema-graph\">{\"@context\":\"https:\\\/\\\/schema.org\",\"@graph\":[{\"@type\":\"WebPage\",\"@id\":\"https:\\\/\\\/www.grifovacances.com\\\/ca\\\/apartament-en-detall\\\/\",\"url\":\"https:\\\/\\\/www.grifovacances.com\\\/ca\\\/apartament-en-detall\\\/\",\"name\":\"Apartament en detall - Immobili\u00e0ria Grif\u00f3 Vacances\",\"isPartOf\":{\"@id\":\"https:\\\/\\\/www.grifovacances.com\\\/ca\\\/#website\"},\"primaryImageOfPage\":{\"@id\":\"https:\\\/\\\/www.grifovacances.com\\\/ca\\\/apartament-en-detall\\\/#primaryimage\"},\"image\":{\"@id\":\"https:\\\/\\\/www.grifovacances.com\\\/ca\\\/apartament-en-detall\\\/#primaryimage\"},\"thumbnailUrl\":\"https:\\\/\\\/www.grifovacances.com\\\/wp-content\\\/uploads\\\/2024\\\/08\\\/rrss-grifo.jpg\",\"datePublished\":\"2025-04-30T10:03:36+00:00\",\"description\":\"Lloguer d\u00b4apartament a peu de pista a Pas de la Casa. Les teves vacances d\u00b4esqu\u00ed a Andorra, apartament de lloguer a peu de Grandavalira.\",\"breadcrumb\":{\"@id\":\"https:\\\/\\\/www.grifovacances.com\\\/ca\\\/apartament-en-detall\\\/#breadcrumb\"},\"inLanguage\":\"ca\",\"potentialAction\":[{\"@type\":\"ReadAction\",\"target\":[\"https:\\\/\\\/www.grifovacances.com\\\/ca\\\/apartament-en-detall\\\/\"]}]},{\"@type\":\"BreadcrumbList\",\"@id\":\"https:\\\/\\\/www.grifovacances.com\\\/ca\\\/apartament-en-detall\\\/#breadcrumb\",\"itemListElement\":[{\"@type\":\"ListItem\",\"position\":1,\"name\":\"Inicio\",\"item\":\"https:\\\/\\\/www.grifovacances.com\\\/ca\\\/grifo-vacances-lloguer-dapartaments\\\/\"},{\"@type\":\"ListItem\",\"position\":2,\"name\":\"Apartament en detall\"}]},{\"@type\":\"WebSite\",\"@id\":\"https:\\\/\\\/www.grifovacances.com\\\/ca\\\/#website\",\"url\":\"https:\\\/\\\/www.grifovacances.com\\\/ca\\\/\",\"name\":\"Immobili\u00e0ria Grif\u00f3 Vacances\",\"description\":\"Alquiler de apartamentos a pie de pista en Pas de la Casa.\",\"publisher\":{\"@id\":\"https:\\\/\\\/www.grifovacances.com\\\/ca\\\/#organization\"},\"potentialAction\":[{\"@type\":\"SearchAction\",\"target\":{\"@type\":\"EntryPoint\",\"urlTemplate\":\"https:\\\/\\\/www.grifovacances.com\\\/ca\\\/resultats-de-cerca-lloguer\\\/?search_text={search_term_string}\"},\"query-input\":{\"@type\":\"PropertyValueSpecification\",\"valueRequired\":true,\"valueName\":\"search_term_string\"}}],\"inLanguage\":\"ca\"},{\"@type\":\"Organization\",\"@id\":\"https:\\\/\\\/www.grifovacances.com\\\/ca\\\/#organization\",\"name\":\"Inmobiliaria Grig\u00f3 Vacances - Pas de la Casa - Andorra\",\"url\":\"https:\\\/\\\/www.grifovacances.com\\\/ca\\\/\",\"logo\":{\"@type\":\"ImageObject\",\"inLanguage\":\"ca\",\"@id\":\"https:\\\/\\\/www.grifovacances.com\\\/ca\\\/#\\\/schema\\\/logo\\\/image\\\/\",\"url\":\"https:\\\/\\\/www.grifovacances.com\\\/wp-content\\\/uploads\\\/2023\\\/04\\\/LOGO-GRIFO-VACANCES-2023.png\",\"contentUrl\":\"https:\\\/\\\/www.grifovacances.com\\\/wp-content\\\/uploads\\\/2023\\\/04\\\/LOGO-GRIFO-VACANCES-2023.png\",\"width\":525,\"height\":218,\"caption\":\"Inmobiliaria Grig\u00f3 Vacances - Pas de la Casa - Andorra\"},\"image\":{\"@id\":\"https:\\\/\\\/www.grifovacances.com\\\/ca\\\/#\\\/schema\\\/logo\\\/image\\\/\"}}]}<\/script>\n<!-- \/ Yoast SEO plugin. -->","yoast_head_json":{"title":"Apartament en detall - Immobili\u00e0ria Grif\u00f3 Vacances","description":"Lloguer d\u00b4apartament a peu de pista a Pas de la Casa. Les teves vacances d\u00b4esqu\u00ed a Andorra, apartament de lloguer a peu de Grandavalira.","robots":{"index":"index","follow":"follow","max-snippet":"max-snippet:-1","max-image-preview":"max-image-preview:large","max-video-preview":"max-video-preview:-1"},"og_locale":"ca_ES","og_type":"article","og_title":"Apartament en detall - Immobili\u00e0ria Grif\u00f3 Vacances","og_description":"Lloguer d\u00b4apartament a peu de pista a Pas de la Casa. Les teves vacances d\u00b4esqu\u00ed a Andorra, apartament de lloguer a peu de Grandavalira.","og_url":"https:\/\/www.grifovacances.com\/ca\/apartament-en-detall\/","og_site_name":"Immobili\u00e0ria Grif\u00f3 Vacances","og_image":[{"width":1280,"height":720,"url":"https:\/\/www.grifovacances.com\/wp-content\/uploads\/2024\/08\/rrss-grifo.jpg","type":"image\/jpeg"}],"twitter_card":"summary_large_image","twitter_misc":{"Temps estimat de lectura":"1 minut"},"schema":{"@context":"https:\/\/schema.org","@graph":[{"@type":"WebPage","@id":"https:\/\/www.grifovacances.com\/ca\/apartament-en-detall\/","url":"https:\/\/www.grifovacances.com\/ca\/apartament-en-detall\/","name":"Apartament en detall - Immobili\u00e0ria Grif\u00f3 Vacances","isPartOf":{"@id":"https:\/\/www.grifovacances.com\/ca\/#website"},"primaryImageOfPage":{"@id":"https:\/\/www.grifovacances.com\/ca\/apartament-en-detall\/#primaryimage"},"image":{"@id":"https:\/\/www.grifovacances.com\/ca\/apartament-en-detall\/#primaryimage"},"thumbnailUrl":"https:\/\/www.grifovacances.com\/wp-content\/uploads\/2024\/08\/rrss-grifo.jpg","datePublished":"2025-04-30T10:03:36+00:00","description":"Lloguer d\u00b4apartament a peu de pista a Pas de la Casa. Les teves vacances d\u00b4esqu\u00ed a Andorra, apartament de lloguer a peu de Grandavalira.","breadcrumb":{"@id":"https:\/\/www.grifovacances.com\/ca\/apartament-en-detall\/#breadcrumb"},"inLanguage":"ca","potentialAction":[{"@type":"ReadAction","target":["https:\/\/www.grifovacances.com\/ca\/apartament-en-detall\/"]}]},{"@type":"BreadcrumbList","@id":"https:\/\/www.grifovacances.com\/ca\/apartament-en-detall\/#breadcrumb","itemListElement":[{"@type":"ListItem","position":1,"name":"Inicio","item":"https:\/\/www.grifovacances.com\/ca\/grifo-vacances-lloguer-dapartaments\/"},{"@type":"ListItem","position":2,"name":"Apartament en detall"}]},{"@type":"WebSite","@id":"https:\/\/www.grifovacances.com\/ca\/#website","url":"https:\/\/www.grifovacances.com\/ca\/","name":"Immobili\u00e0ria Grif\u00f3 Vacances","description":"Alquiler de apartamentos a pie de pista en Pas de la Casa.","publisher":{"@id":"https:\/\/www.grifovacances.com\/ca\/#organization"},"potentialAction":[{"@type":"SearchAction","target":{"@type":"EntryPoint","urlTemplate":"https:\/\/www.grifovacances.com\/ca\/resultats-de-cerca-lloguer\/?search_text={search_term_string}"},"query-input":{"@type":"PropertyValueSpecification","valueRequired":true,"valueName":"search_term_string"}}],"inLanguage":"ca"},{"@type":"Organization","@id":"https:\/\/www.grifovacances.com\/ca\/#organization","name":"Inmobiliaria Grig\u00f3 Vacances - Pas de la Casa - Andorra","url":"https:\/\/www.grifovacances.com\/ca\/","logo":{"@type":"ImageObject","inLanguage":"ca","@id":"https:\/\/www.grifovacances.com\/ca\/#\/schema\/logo\/image\/","url":"https:\/\/www.grifovacances.com\/wp-content\/uploads\/2023\/04\/LOGO-GRIFO-VACANCES-2023.png","contentUrl":"https:\/\/www.grifovacances.com\/wp-content\/uploads\/2023\/04\/LOGO-GRIFO-VACANCES-2023.png","width":525,"height":218,"caption":"Inmobiliaria Grig\u00f3 Vacances - Pas de la Casa - Andorra"},"image":{"@id":"https:\/\/www.grifovacances.com\/ca\/#\/schema\/logo\/image\/"}}]}},"_links":{"self":[{"href":"https:\/\/www.grifovacances.com\/ca\/wp-json\/wp\/v2\/pages\/3291","targetHints":{"allow":["GET"]}}],"collection":[{"href":"https:\/\/www.grifovacances.com\/ca\/wp-json\/wp\/v2\/pages"}],"about":[{"href":"https:\/\/www.grifovacances.com\/ca\/wp-json\/wp\/v2\/types\/page"}],"author":[{"embeddable":true,"href":"https:\/\/www.grifovacances.com\/ca\/wp-json\/wp\/v2\/users\/1"}],"replies":[{"embeddable":true,"href":"https:\/\/www.grifovacances.com\/ca\/wp-json\/wp\/v2\/comments?post=3291"}],"version-history":[{"count":1,"href":"https:\/\/www.grifovacances.com\/ca\/wp-json\/wp\/v2\/pages\/3291\/revisions"}],"predecessor-version":[{"id":3292,"href":"https:\/\/www.grifovacances.com\/ca\/wp-json\/wp\/v2\/pages\/3291\/revisions\/3292"}],"wp:featuredmedia":[{"embeddable":true,"href":"https:\/\/www.grifovacances.com\/ca\/wp-json\/wp\/v2\/media\/3286"}],"wp:attachment":[{"href":"https:\/\/www.grifovacances.com\/ca\/wp-json\/wp\/v2\/media?parent=3291"}],"curies":[{"name":"wp","href":"https:\/\/api.w.org\/{rel}","templated":true}]}}