{"id":3295,"date":"2025-04-30T12:05:55","date_gmt":"2025-04-30T10:05:55","guid":{"rendered":"https:\/\/www.grifovacances.com\/condicions-de-lloguer\/"},"modified":"2025-04-30T12:05:55","modified_gmt":"2025-04-30T10:05:55","slug":"condicions-de-lloguer","status":"publish","type":"page","link":"https:\/\/www.grifovacances.com\/ca\/condicions-de-lloguer\/","title":{"rendered":"Condicions de Lloguer"},"content":{"rendered":"\t\t<div data-elementor-type=\"wp-page\" data-elementor-id=\"3295\" class=\"elementor elementor-3295 elementor-3112\" data-elementor-post-type=\"page\">\n\t\t\t\t\t\t<section class=\"elementor-section elementor-top-section elementor-element elementor-element-f7a44d2 elementor-section-boxed elementor-section-height-default elementor-section-height-default\" data-id=\"f7a44d2\" data-element_type=\"section\" data-e-type=\"section\">\n\t\t\t\t\t\t<div class=\"elementor-container elementor-column-gap-default\">\n\t\t\t\t\t<div class=\"elementor-column elementor-col-100 elementor-top-column elementor-element elementor-element-f6c6d08\" data-id=\"f6c6d08\" data-element_type=\"column\" data-e-type=\"column\">\n\t\t\t<div class=\"elementor-widget-wrap elementor-element-populated\">\n\t\t\t\t\t\t<div class=\"elementor-element elementor-element-2bcc0a7 elementor-widget elementor-widget-shortcode\" data-id=\"2bcc0a7\" data-element_type=\"widget\" data-e-type=\"widget\" data-widget_type=\"shortcode.default\">\n\t\t\t\t<div class=\"elementor-widget-container\">\n\t\t\t\t\t\t\t<div class=\"elementor-shortcode\"><p>\u00a0<\/p>\r\n<p><span style=\"font-size: small;\">Per a poder realitzar la reserva definitiva, li preguem ens envi\u00ef el 50 % de l'import total del lloguer com a pagament a compte, maxim 15 di\u00e8s despr\u00e9s de la recepcio del full de reserva (sota pena d'an.nulacio)de la forma que li sigui m\u00e9s convenient (transfer\u00e8ncia banc\u00e0ria o targeta de cr\u00e8dit.<\/span><\/p>\r\n<p><span style=\"font-size: small;\">Important:<\/span><\/p>\r\n<p><span style=\"font-size: small;\">En cas d'una arribada tardana fora dels nostres horaris, (09h00-13h00 i 15h00-19h00) poseuvos en contacte amb nosaltres al+ 376 85 52 50 o +376 34 12 26 (urgencies) o per e.mail a Grifovacances@andorra.ad<\/span><\/p><\/div>\n\t\t\t\t\t\t<\/div>\n\t\t\t\t<\/div>\n\t\t\t\t\t<\/div>\n\t\t<\/div>\n\t\t\t\t\t<\/div>\n\t\t<\/section>\n\t\t\t\t<\/div>\n\t\t","protected":false},"excerpt":{"rendered":"","protected":false},"author":1,"featured_media":3286,"parent":0,"menu_order":0,"comment_status":"closed","ping_status":"closed","template":"","meta":{"_joinchat":[],"footnotes":""},"class_list":["post-3295","page","type-page","status-publish","has-post-thumbnail","hentry"],"yoast_head":"<!-- This site is optimized with the Yoast SEO plugin v27.5 - https:\/\/yoast.com\/product\/yoast-seo-wordpress\/ -->\n<title>Condicions de Lloguer - Immobili\u00e0ria Grif\u00f3 Vacances<\/title>\n<meta name=\"description\" content=\"Alquiler de apartamentos a pie de pista en Pas de la Casa. Tus vacaciones de esqu\u00ed en Andorra, apartamentos en alquiler a pie de Grandavalira.\" \/>\n<meta name=\"robots\" content=\"index, follow, max-snippet:-1, max-image-preview:large, max-video-preview:-1\" \/>\n<meta property=\"og:locale\" content=\"ca_ES\" \/>\n<meta property=\"og:type\" content=\"article\" \/>\n<meta property=\"og:title\" content=\"Condicions de Lloguer - Immobili\u00e0ria Grif\u00f3 Vacances\" \/>\n<meta property=\"og:description\" content=\"Alquiler de apartamentos a pie de pista en Pas de la Casa. Tus vacaciones de esqu\u00ed en Andorra, apartamentos en alquiler a pie de Grandavalira.\" \/>\n<meta property=\"og:url\" content=\"https:\/\/www.grifovacances.com\/ca\/condicions-de-lloguer\/\" \/>\n<meta property=\"og:site_name\" content=\"Immobili\u00e0ria Grif\u00f3 Vacances\" \/>\n<meta property=\"og:image\" content=\"https:\/\/www.grifovacances.com\/wp-content\/uploads\/2024\/08\/rrss-grifo.jpg\" \/>\n\t<meta property=\"og:image:width\" content=\"1280\" \/>\n\t<meta property=\"og:image:height\" content=\"720\" \/>\n\t<meta property=\"og:image:type\" content=\"image\/jpeg\" \/>\n<meta name=\"twitter:card\" content=\"summary_large_image\" \/>\n<script type=\"application\/ld+json\" class=\"yoast-schema-graph\">{\"@context\":\"https:\\\/\\\/schema.org\",\"@graph\":[{\"@type\":\"WebPage\",\"@id\":\"https:\\\/\\\/www.grifovacances.com\\\/ca\\\/condicions-de-lloguer\\\/\",\"url\":\"https:\\\/\\\/www.grifovacances.com\\\/ca\\\/condicions-de-lloguer\\\/\",\"name\":\"Condicions de Lloguer - Immobili\u00e0ria Grif\u00f3 Vacances\",\"isPartOf\":{\"@id\":\"https:\\\/\\\/www.grifovacances.com\\\/ca\\\/#website\"},\"primaryImageOfPage\":{\"@id\":\"https:\\\/\\\/www.grifovacances.com\\\/ca\\\/condicions-de-lloguer\\\/#primaryimage\"},\"image\":{\"@id\":\"https:\\\/\\\/www.grifovacances.com\\\/ca\\\/condicions-de-lloguer\\\/#primaryimage\"},\"thumbnailUrl\":\"https:\\\/\\\/www.grifovacances.com\\\/wp-content\\\/uploads\\\/2024\\\/08\\\/rrss-grifo.jpg\",\"datePublished\":\"2025-04-30T10:05:55+00:00\",\"description\":\"Alquiler de apartamentos a pie de pista en Pas de la Casa. Tus vacaciones de esqu\u00ed en Andorra, apartamentos en alquiler a pie de Grandavalira.\",\"breadcrumb\":{\"@id\":\"https:\\\/\\\/www.grifovacances.com\\\/ca\\\/condicions-de-lloguer\\\/#breadcrumb\"},\"inLanguage\":\"ca\",\"potentialAction\":[{\"@type\":\"ReadAction\",\"target\":[\"https:\\\/\\\/www.grifovacances.com\\\/ca\\\/condicions-de-lloguer\\\/\"]}]},{\"@type\":\"BreadcrumbList\",\"@id\":\"https:\\\/\\\/www.grifovacances.com\\\/ca\\\/condicions-de-lloguer\\\/#breadcrumb\",\"itemListElement\":[{\"@type\":\"ListItem\",\"position\":1,\"name\":\"Inicio\",\"item\":\"https:\\\/\\\/www.grifovacances.com\\\/ca\\\/grifo-vacances-lloguer-dapartaments\\\/\"},{\"@type\":\"ListItem\",\"position\":2,\"name\":\"Condicions de Lloguer\"}]},{\"@type\":\"WebSite\",\"@id\":\"https:\\\/\\\/www.grifovacances.com\\\/ca\\\/#website\",\"url\":\"https:\\\/\\\/www.grifovacances.com\\\/ca\\\/\",\"name\":\"Immobili\u00e0ria Grif\u00f3 Vacances\",\"description\":\"Alquiler de apartamentos a pie de pista en Pas de la Casa.\",\"publisher\":{\"@id\":\"https:\\\/\\\/www.grifovacances.com\\\/ca\\\/#organization\"},\"potentialAction\":[{\"@type\":\"SearchAction\",\"target\":{\"@type\":\"EntryPoint\",\"urlTemplate\":\"https:\\\/\\\/www.grifovacances.com\\\/ca\\\/resultats-de-cerca-lloguer\\\/?search_text={search_term_string}\"},\"query-input\":{\"@type\":\"PropertyValueSpecification\",\"valueRequired\":true,\"valueName\":\"search_term_string\"}}],\"inLanguage\":\"ca\"},{\"@type\":\"Organization\",\"@id\":\"https:\\\/\\\/www.grifovacances.com\\\/ca\\\/#organization\",\"name\":\"Inmobiliaria Grig\u00f3 Vacances - Pas de la Casa - Andorra\",\"url\":\"https:\\\/\\\/www.grifovacances.com\\\/ca\\\/\",\"logo\":{\"@type\":\"ImageObject\",\"inLanguage\":\"ca\",\"@id\":\"https:\\\/\\\/www.grifovacances.com\\\/ca\\\/#\\\/schema\\\/logo\\\/image\\\/\",\"url\":\"https:\\\/\\\/www.grifovacances.com\\\/wp-content\\\/uploads\\\/2023\\\/04\\\/LOGO-GRIFO-VACANCES-2023.png\",\"contentUrl\":\"https:\\\/\\\/www.grifovacances.com\\\/wp-content\\\/uploads\\\/2023\\\/04\\\/LOGO-GRIFO-VACANCES-2023.png\",\"width\":525,\"height\":218,\"caption\":\"Inmobiliaria Grig\u00f3 Vacances - Pas de la Casa - Andorra\"},\"image\":{\"@id\":\"https:\\\/\\\/www.grifovacances.com\\\/ca\\\/#\\\/schema\\\/logo\\\/image\\\/\"}}]}<\/script>\n<!-- \/ Yoast SEO plugin. -->","yoast_head_json":{"title":"Condicions de Lloguer - Immobili\u00e0ria Grif\u00f3 Vacances","description":"Alquiler de apartamentos a pie de pista en Pas de la Casa. Tus vacaciones de esqu\u00ed en Andorra, apartamentos en alquiler a pie de Grandavalira.","robots":{"index":"index","follow":"follow","max-snippet":"max-snippet:-1","max-image-preview":"max-image-preview:large","max-video-preview":"max-video-preview:-1"},"og_locale":"ca_ES","og_type":"article","og_title":"Condicions de Lloguer - Immobili\u00e0ria Grif\u00f3 Vacances","og_description":"Alquiler de apartamentos a pie de pista en Pas de la Casa. Tus vacaciones de esqu\u00ed en Andorra, apartamentos en alquiler a pie de Grandavalira.","og_url":"https:\/\/www.grifovacances.com\/ca\/condicions-de-lloguer\/","og_site_name":"Immobili\u00e0ria Grif\u00f3 Vacances","og_image":[{"width":1280,"height":720,"url":"https:\/\/www.grifovacances.com\/wp-content\/uploads\/2024\/08\/rrss-grifo.jpg","type":"image\/jpeg"}],"twitter_card":"summary_large_image","schema":{"@context":"https:\/\/schema.org","@graph":[{"@type":"WebPage","@id":"https:\/\/www.grifovacances.com\/ca\/condicions-de-lloguer\/","url":"https:\/\/www.grifovacances.com\/ca\/condicions-de-lloguer\/","name":"Condicions de Lloguer - Immobili\u00e0ria Grif\u00f3 Vacances","isPartOf":{"@id":"https:\/\/www.grifovacances.com\/ca\/#website"},"primaryImageOfPage":{"@id":"https:\/\/www.grifovacances.com\/ca\/condicions-de-lloguer\/#primaryimage"},"image":{"@id":"https:\/\/www.grifovacances.com\/ca\/condicions-de-lloguer\/#primaryimage"},"thumbnailUrl":"https:\/\/www.grifovacances.com\/wp-content\/uploads\/2024\/08\/rrss-grifo.jpg","datePublished":"2025-04-30T10:05:55+00:00","description":"Alquiler de apartamentos a pie de pista en Pas de la Casa. Tus vacaciones de esqu\u00ed en Andorra, apartamentos en alquiler a pie de Grandavalira.","breadcrumb":{"@id":"https:\/\/www.grifovacances.com\/ca\/condicions-de-lloguer\/#breadcrumb"},"inLanguage":"ca","potentialAction":[{"@type":"ReadAction","target":["https:\/\/www.grifovacances.com\/ca\/condicions-de-lloguer\/"]}]},{"@type":"BreadcrumbList","@id":"https:\/\/www.grifovacances.com\/ca\/condicions-de-lloguer\/#breadcrumb","itemListElement":[{"@type":"ListItem","position":1,"name":"Inicio","item":"https:\/\/www.grifovacances.com\/ca\/grifo-vacances-lloguer-dapartaments\/"},{"@type":"ListItem","position":2,"name":"Condicions de Lloguer"}]},{"@type":"WebSite","@id":"https:\/\/www.grifovacances.com\/ca\/#website","url":"https:\/\/www.grifovacances.com\/ca\/","name":"Immobili\u00e0ria Grif\u00f3 Vacances","description":"Alquiler de apartamentos a pie de pista en Pas de la Casa.","publisher":{"@id":"https:\/\/www.grifovacances.com\/ca\/#organization"},"potentialAction":[{"@type":"SearchAction","target":{"@type":"EntryPoint","urlTemplate":"https:\/\/www.grifovacances.com\/ca\/resultats-de-cerca-lloguer\/?search_text={search_term_string}"},"query-input":{"@type":"PropertyValueSpecification","valueRequired":true,"valueName":"search_term_string"}}],"inLanguage":"ca"},{"@type":"Organization","@id":"https:\/\/www.grifovacances.com\/ca\/#organization","name":"Inmobiliaria Grig\u00f3 Vacances - Pas de la Casa - Andorra","url":"https:\/\/www.grifovacances.com\/ca\/","logo":{"@type":"ImageObject","inLanguage":"ca","@id":"https:\/\/www.grifovacances.com\/ca\/#\/schema\/logo\/image\/","url":"https:\/\/www.grifovacances.com\/wp-content\/uploads\/2023\/04\/LOGO-GRIFO-VACANCES-2023.png","contentUrl":"https:\/\/www.grifovacances.com\/wp-content\/uploads\/2023\/04\/LOGO-GRIFO-VACANCES-2023.png","width":525,"height":218,"caption":"Inmobiliaria Grig\u00f3 Vacances - Pas de la Casa - Andorra"},"image":{"@id":"https:\/\/www.grifovacances.com\/ca\/#\/schema\/logo\/image\/"}}]}},"_links":{"self":[{"href":"https:\/\/www.grifovacances.com\/ca\/wp-json\/wp\/v2\/pages\/3295","targetHints":{"allow":["GET"]}}],"collection":[{"href":"https:\/\/www.grifovacances.com\/ca\/wp-json\/wp\/v2\/pages"}],"about":[{"href":"https:\/\/www.grifovacances.com\/ca\/wp-json\/wp\/v2\/types\/page"}],"author":[{"embeddable":true,"href":"https:\/\/www.grifovacances.com\/ca\/wp-json\/wp\/v2\/users\/1"}],"replies":[{"embeddable":true,"href":"https:\/\/www.grifovacances.com\/ca\/wp-json\/wp\/v2\/comments?post=3295"}],"version-history":[{"count":1,"href":"https:\/\/www.grifovacances.com\/ca\/wp-json\/wp\/v2\/pages\/3295\/revisions"}],"predecessor-version":[{"id":3296,"href":"https:\/\/www.grifovacances.com\/ca\/wp-json\/wp\/v2\/pages\/3295\/revisions\/3296"}],"wp:featuredmedia":[{"embeddable":true,"href":"https:\/\/www.grifovacances.com\/ca\/wp-json\/wp\/v2\/media\/3286"}],"wp:attachment":[{"href":"https:\/\/www.grifovacances.com\/ca\/wp-json\/wp\/v2\/media?parent=3295"}],"curies":[{"name":"wp","href":"https:\/\/api.w.org\/{rel}","templated":true}]}}