{"id":3334,"date":"2025-04-30T12:22:18","date_gmt":"2025-04-30T10:22:18","guid":{"rendered":"https:\/\/www.grifovacances.com\/llista-de-desitjos\/"},"modified":"2025-04-30T12:22:18","modified_gmt":"2025-04-30T10:22:18","slug":"llista-de-desitjos","status":"publish","type":"page","link":"https:\/\/www.grifovacances.com\/ca\/llista-de-desitjos\/","title":{"rendered":"Llista de Desitjos"},"content":{"rendered":"\t\t<div data-elementor-type=\"wp-page\" data-elementor-id=\"3334\" class=\"elementor elementor-3334 elementor-543\" data-elementor-post-type=\"page\">\n\t\t\t\t\t\t<section class=\"elementor-section elementor-top-section elementor-element elementor-element-8e34d99 elementor-section-boxed elementor-section-height-default elementor-section-height-default elementor-invisible\" data-id=\"8e34d99\" data-element_type=\"section\" data-e-type=\"section\" data-settings=\"{&quot;animation&quot;:&quot;fadeIn&quot;}\">\n\t\t\t\t\t\t<div class=\"elementor-container elementor-column-gap-default\">\n\t\t\t\t\t<div class=\"elementor-column elementor-col-100 elementor-top-column elementor-element elementor-element-5c85a91\" data-id=\"5c85a91\" data-element_type=\"column\" data-e-type=\"column\">\n\t\t\t<div class=\"elementor-widget-wrap elementor-element-populated\">\n\t\t\t\t\t\t<div class=\"elementor-element elementor-element-bbaa0dc elementor-widget elementor-widget-shortcode\" data-id=\"bbaa0dc\" data-element_type=\"widget\" data-e-type=\"widget\" data-widget_type=\"shortcode.default\">\n\t\t\t\t<div class=\"elementor-widget-container\">\n\t\t\t\t\t\t\t<div class=\"elementor-shortcode\"><div class=\"n2r__search  \" data-n2r-searchsession-url=\"https:\/\/www.grifovacances.com\/wp-json\/n2r\/v1\/searchsession\" data-n2r-nosession=\"true\">\n    <div class=\"n2r__search__container n2r__tabs__content\">\n    <div class=\"n2r__tabs__content__item n2r__search__container__rental active\" >\n  <form name=\"n2r__search\" method=\"get\" action=\"https:\/\/www.grifovacances.com\/ca\/resultats-de-cerca-lloguer\/\" role=\"form\" autocomplete=\"off\">\n    <input type=\"hidden\" aria-hidden=\"true\" name=\"commercialization_type\" value=\"rental\">\n              <div class=\"n2r__search__field\">\n            <label for=\"n2r-search-rental-search_text-87023\">Refer\u00e8ncia<\/label>\n            <input type=\"text\" name=\"search_text\" id=\"n2r-search-rental-search_text-87023\" class=\"n2r__input\" value=\"\">\n          <\/div>\n                      <div class=\"n2r__search__field\">\n              <label for=\"n2r-search-rental-city-87023\">Destinaci\u00f3<\/label>\n              <select name=\"city\" id=\"n2r-search-rental-city-87023\" class=\"n2r__select\">\n                <option value=\"\">Tots<\/option>\n                <option value=\"PAS DE LA CASA\" >PAS DE LA CASA<\/option><option value=\"Pas de la Casa\" >Pas de la Casa<\/option><option value=\"SANT PERE DEL TARTER\" >SANT PERE DEL TARTER<\/option>              <\/select>\n              <span><\/span>\n            <\/div>\n                      <div class=\"n2r__search__field \">\n              <label for=\"n2r-search-rental-type-87023\">Tipus d&#039;edificaci\u00f3<\/label>\n              <select name=\"type\" id=\"n2r-search-rental-type-87023\" class=\"n2r__select\">\n                <option value=\"\">Tots<\/option>\n                <option value=\"apartment\" >Apartament<\/option><option value=\"chalet\" >Casa \/ Xalet<\/option><option value=\"parking\" >Aparcament<\/option><option value=\"study\" >Estudi<\/option>              <\/select>\n              <span><\/span>\n            <\/div>\n                    <div class=\"n2r__search__field n2r__datepickercontainer\">\n            <label for=\"n2r-search-rental-dates-87023\">Selecciona les dates<\/label>\n            <input type=\"text\" name=\"dates\" id=\"n2r-search-rental-dates-87023\" class=\"n2r__input n2r-daterangepicker-component\" value=\"\" data-checkin=\"\" data-checkout=\"\" data-language=\"ca\" data-nights=\"1\" placeholder=\" \">\n            <a class=\"n2r__datepickercontainer__clear\"><i class=\"fa fa-times\"><\/i><\/a>\n            <input type=\"hidden\" aria-hidden=\"true\" name=\"checkin\" value=\"\">\n            <input type=\"hidden\" aria-hidden=\"true\" name=\"checkout\" value=\"\">\n          <\/div>\n                  <div class=\"n2r__search__field n2r__search__field--small\">\n            <label for=\"n2r-search-rental-adults-87023\">Adults<\/label>\n            <input class=\"n2r__input\" name=\"adults\" id=\"n2r-search-rental-adults-87023\" type=\"number\" min=\"1\" max=\"30\" value=\"1\">\n          <\/div>\n                  <div class=\"n2r__search__field n2r__search__field--small\">\n            <label for=\"n2r-search-rental-children-87023\">Nens<\/label>\n            <input class=\"n2r__input\" name=\"children\" id=\"n2r-search-rental-children-87023\" type=\"number\" min=\"0\" max=\"30\" value=\"0\">\n          <\/div>\n                  <div class=\"n2r__search__field\">\n            <label for=\"n2r-search-rental-flexible-87023\">\n              <input type=\"checkbox\" name=\"flexible\" id=\"n2r-search-rental-flexible-87023\" value=\"1\" >\n              S\u00f3c flexible en dates            <\/label>\n          <\/div>\n              <div class=\"n2r__search__field n2r__search__field--submit\">\n      <button type=\"submit\" class=\"n2r__search__submit n2r__btn\">Cercar<\/button>\n    <\/div>\n  <\/form>\n<\/div>  <\/div>\n<\/div> <\/div>\n\t\t\t\t\t\t<\/div>\n\t\t\t\t<\/div>\n\t\t\t\t\t<\/div>\n\t\t<\/div>\n\t\t\t\t\t<\/div>\n\t\t<\/section>\n\t\t\t\t<section class=\"elementor-section elementor-top-section elementor-element elementor-element-55bfbf99 elementor-section-boxed elementor-section-height-default elementor-section-height-default\" data-id=\"55bfbf99\" data-element_type=\"section\" data-e-type=\"section\">\n\t\t\t\t\t\t<div class=\"elementor-container elementor-column-gap-default\">\n\t\t\t\t\t<div class=\"elementor-column elementor-col-100 elementor-top-column elementor-element elementor-element-751e2216\" data-id=\"751e2216\" data-element_type=\"column\" data-e-type=\"column\">\n\t\t\t<div class=\"elementor-widget-wrap elementor-element-populated\">\n\t\t\t\t\t\t<div class=\"elementor-element elementor-element-7bae7d1 elementor-widget elementor-widget-shortcode\" data-id=\"7bae7d1\" data-element_type=\"widget\" data-e-type=\"widget\" data-widget_type=\"shortcode.default\">\n\t\t\t\t<div class=\"elementor-widget-container\">\n\t\t\t\t\t\t\t<div class=\"elementor-shortcode\"><div class=\"n2r__empty\">No hi ha propietats desades a la llista de desitjos<\/div><\/div>\n\t\t\t\t\t\t<\/div>\n\t\t\t\t<\/div>\n\t\t\t\t\t<\/div>\n\t\t<\/div>\n\t\t\t\t\t<\/div>\n\t\t<\/section>\n\t\t\t\t<section class=\"elementor-section elementor-top-section elementor-element elementor-element-aee9c21 elementor-section-boxed elementor-section-height-default elementor-section-height-default\" data-id=\"aee9c21\" data-element_type=\"section\" data-e-type=\"section\">\n\t\t\t\t\t\t<div class=\"elementor-container elementor-column-gap-default\">\n\t\t\t\t\t<div class=\"elementor-column elementor-col-100 elementor-top-column elementor-element elementor-element-4c18dc9\" data-id=\"4c18dc9\" data-element_type=\"column\" data-e-type=\"column\">\n\t\t\t<div class=\"elementor-widget-wrap elementor-element-populated\">\n\t\t\t\t\t\t<div class=\"elementor-element elementor-element-ad376b8 elementor-widget elementor-widget-text-editor\" data-id=\"ad376b8\" data-element_type=\"widget\" data-e-type=\"widget\" data-widget_type=\"text-editor.default\">\n\t\t\t\t<div class=\"elementor-widget-container\">\n\t\t\t\t\t\t\t\t\t<p><a href=\"https:\/\/www.grifovacances.com\/ca\/\"><strong>Grif\u00f3 Vacances<\/strong><\/a> a Andorra li ofereix una \u00e0mplia selecci\u00f3 d&#8217;habitatges de <a href=\"https:\/\/www.grifovacances.com\/ca\/apartaments-de-lloguer\/\"><strong>lloguer<\/strong> <\/a>reformats, confortables i totalment equipats amb totes les comoditats. Tots els nostres <a href=\"https:\/\/www.grifovacances.com\/ca\/apartaments-de-lloguer\/\"><strong>allotjaments<\/strong> <\/a>estan perfectament situats <strong>a menys de 100 metres de les pistes d\u00b4esqu\u00ed<\/strong> per a les vacances d\u00b4esqu\u00ed a les pistes de l\u00b4estaci\u00f3 d\u00b4esqu\u00ed m\u00e9s gran dels Pirineus i del Sud d\u00b4Europa, <strong>l\u00b4Estaci\u00f3 de <a href=\"https:\/\/www.grandvalira.com\/\">Grandvalira<\/a>.<\/strong>\u00a0Els nostres <strong>apartaments<\/strong> a <strong><a href=\"https:\/\/www.grifovacances.com\/pas-de-la-casa\/\">Pas de la Casa<\/a><\/strong> i al <strong><a href=\"https:\/\/www.grifovacances.com\/ca\/el-tarter\/\">Tarter<\/a><\/strong>, al Principat d&#8217;Andorra, s\u00f3n els allotjaments ideals per gaudir d&#8217;unes vacances inoblidables a la neu, al costat de l&#8217;Estaci\u00f3 d&#8217;esqu\u00ed de Grandvalira. Grif\u00f3 Vacances ha esdevingut un referent de professionalitat al seu servei en diversos \u00e0mbits del sector immobiliari a <strong><a href=\"https:\/\/visitandorra.com\/es\/\">Andorra<\/a>.<\/strong> Per la reserva d&#8217;un apartament podreu aprofitar-vos de tots aquests serveis. No dubtis de preguntar en recollir les claus a la nostra oficina <a href=\"https:\/\/www.immogrifo.com\/\"><strong>d&#8217;Immobili\u00e0ria Grif\u00f3<\/strong><\/a> al carrer <strong>Encamp 29 a Pas de la Casa<\/strong> o posar-nos un comentari en fer la reserva.<\/p>\n\t\t\t\t\t\t\t\t<\/div>\n\t\t\t\t<\/div>\n\t\t\t\t\t<\/div>\n\t\t<\/div>\n\t\t\t\t\t<\/div>\n\t\t<\/section>\n\t\t\t\t<\/div>\n\t\t","protected":false},"excerpt":{"rendered":"<p>Grif\u00f3 Vacances a Andorra li ofereix una \u00e0mplia selecci\u00f3 d&#8217;habitatges de lloguer reformats, confortables i totalment equipats amb totes les comoditats. Tots els nostres allotjaments estan perfectament situats a menys de 100 metres de les pistes d\u00b4esqu\u00ed per a les vacances d\u00b4esqu\u00ed a les pistes de l\u00b4estaci\u00f3 d\u00b4esqu\u00ed m\u00e9s gran dels Pirineus i del Sud [&hellip;]<\/p>\n","protected":false},"author":1,"featured_media":0,"parent":0,"menu_order":0,"comment_status":"closed","ping_status":"closed","template":"","meta":{"_joinchat":[],"footnotes":""},"class_list":["post-3334","page","type-page","status-publish","hentry"],"yoast_head":"<!-- This site is optimized with the Yoast SEO plugin v27.5 - https:\/\/yoast.com\/product\/yoast-seo-wordpress\/ -->\n<title>Llista de Desitjos - Immobili\u00e0ria Grif\u00f3 Vacances<\/title>\n<meta name=\"description\" content=\"Lloguer d&#039;apartaments a peu de pista a Pas de la Casa. Les teves vacances d&#039;esqu\u00ed a Andorra, apartaments de lloguer a Grandavalira.\" \/>\n<meta name=\"robots\" content=\"index, follow, max-snippet:-1, max-image-preview:large, max-video-preview:-1\" \/>\n<meta property=\"og:locale\" content=\"ca_ES\" \/>\n<meta property=\"og:type\" content=\"article\" \/>\n<meta property=\"og:title\" content=\"Llista de Desitjos - Immobili\u00e0ria Grif\u00f3 Vacances\" \/>\n<meta property=\"og:description\" content=\"Lloguer d&#039;apartaments a peu de pista a Pas de la Casa. Les teves vacances d&#039;esqu\u00ed a Andorra, apartaments de lloguer a Grandavalira.\" \/>\n<meta property=\"og:url\" content=\"https:\/\/www.grifovacances.com\/ca\/llista-de-desitjos\/\" \/>\n<meta property=\"og:site_name\" content=\"Immobili\u00e0ria Grif\u00f3 Vacances\" \/>\n<meta name=\"twitter:card\" content=\"summary_large_image\" \/>\n<meta name=\"twitter:label1\" content=\"Temps estimat de lectura\" \/>\n\t<meta name=\"twitter:data1\" content=\"1 minut\" \/>\n<script type=\"application\/ld+json\" class=\"yoast-schema-graph\">{\"@context\":\"https:\\\/\\\/schema.org\",\"@graph\":[{\"@type\":\"WebPage\",\"@id\":\"https:\\\/\\\/www.grifovacances.com\\\/ca\\\/llista-de-desitjos\\\/\",\"url\":\"https:\\\/\\\/www.grifovacances.com\\\/ca\\\/llista-de-desitjos\\\/\",\"name\":\"Llista de Desitjos - Immobili\u00e0ria Grif\u00f3 Vacances\",\"isPartOf\":{\"@id\":\"https:\\\/\\\/www.grifovacances.com\\\/ca\\\/#website\"},\"datePublished\":\"2025-04-30T10:22:18+00:00\",\"description\":\"Lloguer d'apartaments a peu de pista a Pas de la Casa. Les teves vacances d'esqu\u00ed a Andorra, apartaments de lloguer a Grandavalira.\",\"breadcrumb\":{\"@id\":\"https:\\\/\\\/www.grifovacances.com\\\/ca\\\/llista-de-desitjos\\\/#breadcrumb\"},\"inLanguage\":\"ca\",\"potentialAction\":[{\"@type\":\"ReadAction\",\"target\":[\"https:\\\/\\\/www.grifovacances.com\\\/ca\\\/llista-de-desitjos\\\/\"]}]},{\"@type\":\"BreadcrumbList\",\"@id\":\"https:\\\/\\\/www.grifovacances.com\\\/ca\\\/llista-de-desitjos\\\/#breadcrumb\",\"itemListElement\":[{\"@type\":\"ListItem\",\"position\":1,\"name\":\"Inicio\",\"item\":\"https:\\\/\\\/www.grifovacances.com\\\/ca\\\/grifo-vacances-lloguer-dapartaments\\\/\"},{\"@type\":\"ListItem\",\"position\":2,\"name\":\"Llista de Desitjos\"}]},{\"@type\":\"WebSite\",\"@id\":\"https:\\\/\\\/www.grifovacances.com\\\/ca\\\/#website\",\"url\":\"https:\\\/\\\/www.grifovacances.com\\\/ca\\\/\",\"name\":\"Immobili\u00e0ria Grif\u00f3 Vacances\",\"description\":\"Alquiler de apartamentos a pie de pista en Pas de la Casa.\",\"publisher\":{\"@id\":\"https:\\\/\\\/www.grifovacances.com\\\/ca\\\/#organization\"},\"potentialAction\":[{\"@type\":\"SearchAction\",\"target\":{\"@type\":\"EntryPoint\",\"urlTemplate\":\"https:\\\/\\\/www.grifovacances.com\\\/ca\\\/resultats-de-cerca-lloguer\\\/?search_text={search_term_string}\"},\"query-input\":{\"@type\":\"PropertyValueSpecification\",\"valueRequired\":true,\"valueName\":\"search_term_string\"}}],\"inLanguage\":\"ca\"},{\"@type\":\"Organization\",\"@id\":\"https:\\\/\\\/www.grifovacances.com\\\/ca\\\/#organization\",\"name\":\"Inmobiliaria Grig\u00f3 Vacances - Pas de la Casa - Andorra\",\"url\":\"https:\\\/\\\/www.grifovacances.com\\\/ca\\\/\",\"logo\":{\"@type\":\"ImageObject\",\"inLanguage\":\"ca\",\"@id\":\"https:\\\/\\\/www.grifovacances.com\\\/ca\\\/#\\\/schema\\\/logo\\\/image\\\/\",\"url\":\"https:\\\/\\\/www.grifovacances.com\\\/wp-content\\\/uploads\\\/2023\\\/04\\\/LOGO-GRIFO-VACANCES-2023.png\",\"contentUrl\":\"https:\\\/\\\/www.grifovacances.com\\\/wp-content\\\/uploads\\\/2023\\\/04\\\/LOGO-GRIFO-VACANCES-2023.png\",\"width\":525,\"height\":218,\"caption\":\"Inmobiliaria Grig\u00f3 Vacances - Pas de la Casa - Andorra\"},\"image\":{\"@id\":\"https:\\\/\\\/www.grifovacances.com\\\/ca\\\/#\\\/schema\\\/logo\\\/image\\\/\"}}]}<\/script>\n<!-- \/ Yoast SEO plugin. -->","yoast_head_json":{"title":"Llista de Desitjos - Immobili\u00e0ria Grif\u00f3 Vacances","description":"Lloguer d'apartaments a peu de pista a Pas de la Casa. Les teves vacances d'esqu\u00ed a Andorra, apartaments de lloguer a Grandavalira.","robots":{"index":"index","follow":"follow","max-snippet":"max-snippet:-1","max-image-preview":"max-image-preview:large","max-video-preview":"max-video-preview:-1"},"og_locale":"ca_ES","og_type":"article","og_title":"Llista de Desitjos - Immobili\u00e0ria Grif\u00f3 Vacances","og_description":"Lloguer d'apartaments a peu de pista a Pas de la Casa. Les teves vacances d'esqu\u00ed a Andorra, apartaments de lloguer a Grandavalira.","og_url":"https:\/\/www.grifovacances.com\/ca\/llista-de-desitjos\/","og_site_name":"Immobili\u00e0ria Grif\u00f3 Vacances","twitter_card":"summary_large_image","twitter_misc":{"Temps estimat de lectura":"1 minut"},"schema":{"@context":"https:\/\/schema.org","@graph":[{"@type":"WebPage","@id":"https:\/\/www.grifovacances.com\/ca\/llista-de-desitjos\/","url":"https:\/\/www.grifovacances.com\/ca\/llista-de-desitjos\/","name":"Llista de Desitjos - Immobili\u00e0ria Grif\u00f3 Vacances","isPartOf":{"@id":"https:\/\/www.grifovacances.com\/ca\/#website"},"datePublished":"2025-04-30T10:22:18+00:00","description":"Lloguer d'apartaments a peu de pista a Pas de la Casa. Les teves vacances d'esqu\u00ed a Andorra, apartaments de lloguer a Grandavalira.","breadcrumb":{"@id":"https:\/\/www.grifovacances.com\/ca\/llista-de-desitjos\/#breadcrumb"},"inLanguage":"ca","potentialAction":[{"@type":"ReadAction","target":["https:\/\/www.grifovacances.com\/ca\/llista-de-desitjos\/"]}]},{"@type":"BreadcrumbList","@id":"https:\/\/www.grifovacances.com\/ca\/llista-de-desitjos\/#breadcrumb","itemListElement":[{"@type":"ListItem","position":1,"name":"Inicio","item":"https:\/\/www.grifovacances.com\/ca\/grifo-vacances-lloguer-dapartaments\/"},{"@type":"ListItem","position":2,"name":"Llista de Desitjos"}]},{"@type":"WebSite","@id":"https:\/\/www.grifovacances.com\/ca\/#website","url":"https:\/\/www.grifovacances.com\/ca\/","name":"Immobili\u00e0ria Grif\u00f3 Vacances","description":"Alquiler de apartamentos a pie de pista en Pas de la Casa.","publisher":{"@id":"https:\/\/www.grifovacances.com\/ca\/#organization"},"potentialAction":[{"@type":"SearchAction","target":{"@type":"EntryPoint","urlTemplate":"https:\/\/www.grifovacances.com\/ca\/resultats-de-cerca-lloguer\/?search_text={search_term_string}"},"query-input":{"@type":"PropertyValueSpecification","valueRequired":true,"valueName":"search_term_string"}}],"inLanguage":"ca"},{"@type":"Organization","@id":"https:\/\/www.grifovacances.com\/ca\/#organization","name":"Inmobiliaria Grig\u00f3 Vacances - Pas de la Casa - Andorra","url":"https:\/\/www.grifovacances.com\/ca\/","logo":{"@type":"ImageObject","inLanguage":"ca","@id":"https:\/\/www.grifovacances.com\/ca\/#\/schema\/logo\/image\/","url":"https:\/\/www.grifovacances.com\/wp-content\/uploads\/2023\/04\/LOGO-GRIFO-VACANCES-2023.png","contentUrl":"https:\/\/www.grifovacances.com\/wp-content\/uploads\/2023\/04\/LOGO-GRIFO-VACANCES-2023.png","width":525,"height":218,"caption":"Inmobiliaria Grig\u00f3 Vacances - Pas de la Casa - Andorra"},"image":{"@id":"https:\/\/www.grifovacances.com\/ca\/#\/schema\/logo\/image\/"}}]}},"_links":{"self":[{"href":"https:\/\/www.grifovacances.com\/ca\/wp-json\/wp\/v2\/pages\/3334","targetHints":{"allow":["GET"]}}],"collection":[{"href":"https:\/\/www.grifovacances.com\/ca\/wp-json\/wp\/v2\/pages"}],"about":[{"href":"https:\/\/www.grifovacances.com\/ca\/wp-json\/wp\/v2\/types\/page"}],"author":[{"embeddable":true,"href":"https:\/\/www.grifovacances.com\/ca\/wp-json\/wp\/v2\/users\/1"}],"replies":[{"embeddable":true,"href":"https:\/\/www.grifovacances.com\/ca\/wp-json\/wp\/v2\/comments?post=3334"}],"version-history":[{"count":1,"href":"https:\/\/www.grifovacances.com\/ca\/wp-json\/wp\/v2\/pages\/3334\/revisions"}],"predecessor-version":[{"id":3335,"href":"https:\/\/www.grifovacances.com\/ca\/wp-json\/wp\/v2\/pages\/3334\/revisions\/3335"}],"wp:attachment":[{"href":"https:\/\/www.grifovacances.com\/ca\/wp-json\/wp\/v2\/media?parent=3334"}],"curies":[{"name":"wp","href":"https:\/\/api.w.org\/{rel}","templated":true}]}}