{"id":3361,"date":"2025-04-30T12:29:16","date_gmt":"2025-04-30T10:29:16","guid":{"rendered":"https:\/\/www.grifovacances.com\/politica-de-privacitat\/"},"modified":"2025-04-30T12:29:16","modified_gmt":"2025-04-30T10:29:16","slug":"politica-de-privacitat","status":"publish","type":"page","link":"https:\/\/www.grifovacances.com\/ca\/politica-de-privacitat\/","title":{"rendered":"Pol\u00edtica de Privacitat"},"content":{"rendered":"\t\t<div data-elementor-type=\"wp-page\" data-elementor-id=\"3361\" class=\"elementor elementor-3361 elementor-3125\" data-elementor-post-type=\"page\">\n\t\t\t\t\t\t<section class=\"elementor-section elementor-top-section elementor-element elementor-element-70b3c83 elementor-section-boxed elementor-section-height-default elementor-section-height-default\" data-id=\"70b3c83\" data-element_type=\"section\" data-e-type=\"section\">\n\t\t\t\t\t\t<div class=\"elementor-container elementor-column-gap-default\">\n\t\t\t\t\t<div class=\"elementor-column elementor-col-100 elementor-top-column elementor-element elementor-element-28c2f9d\" data-id=\"28c2f9d\" data-element_type=\"column\" data-e-type=\"column\">\n\t\t\t<div class=\"elementor-widget-wrap elementor-element-populated\">\n\t\t\t\t\t\t<div class=\"elementor-element elementor-element-126996e elementor-widget elementor-widget-shortcode\" data-id=\"126996e\" data-element_type=\"widget\" data-e-type=\"widget\" data-widget_type=\"shortcode.default\">\n\t\t\t\t<div class=\"elementor-widget-container\">\n\t\t\t\t\t\t\t<div class=\"elementor-shortcode\"><p class=\"xmsonormal\"><span lang=\"ES\" style=\"font-size: 8.0pt; mso-ansi-language: ES;\">D\u2019acord amb el que disposa la Llei 29\/2021, del 28 d\u2019octubre, qualificada de protecci\u00f3 de dades personals, s\u2019informa que el responsable del tractament \u00e9s GRIFO VACANCES, amb domicili a Av. d\u2019Encamp 29, Ed. El Grizzli, local 1 bis, (AD200) Pas de la Casa, Encamp, Principat d\u2019Andorra i amb tel\u00e8fon (+376) 855 250. Les seves dades seran tractades amb la finalitat de gestionar la nostra relaci\u00f3 i prestar-li els nostres serveis professionals; els usos dels quals seran: la gesti\u00f3 administrativa, facturaci\u00f3, comptabilitat, estad\u00edstiques, fidelitzaci\u00f3 i satisfacci\u00f3 amb els nostres serveis.. La base jur\u00eddica legitimadora del tractament de les seves dades personals es fonamenta en: la nostra relaci\u00f3 comercial y el seu consentiment. Les dades proporcionades es conservaran durant el temps estrictament necessari per complir amb la finalitat per la qual es recapten, i per determinar les possibles responsabilitats que es poguessin derivar d\u2019aquesta finalitat, tenint en compte els per\u00edodes establerts en la normativa d\u2019arxiu i documentaci\u00f3. Amb car\u00e0cter general, no es comunicaran dades personals a tercers, excepte que existeixi una obligaci\u00f3 legal. La persona interessada pot exercir els drets d\u2019acc\u00e9s, portabilitat, rectificaci\u00f3 i supressi\u00f3 de les seves dades, aix\u00ed com a limitar-ne el tractament o a oposar-s\u2019hi, formalitzant una sol\u00b7licitud escrita enviada per correu electr\u00f2nic a l\u2019adre\u00e7a <a href=\"mailto:grifovacances@andorra.ad\">grifovacances@andorra.ad<\/a>.<\/span><\/p>\r\n<p class=\"xmsonormal\"><span lang=\"ES\" style=\"font-size: 8.0pt; mso-ansi-language: ES;\">CONFIDENCIALITAT <\/span><\/p>\r\n<p class=\"xmsonormal\"><span lang=\"ES\" style=\"font-size: 8.0pt; mso-ansi-language: ES;\">Aquest missatge est\u00e0 dirigit exclusivament al seu destinatari i pot contenir informaci\u00f3 confidencial. Si ha rebut aquest missatge per error, la distribuci\u00f3 o c\u00f2pia d'aquest email est\u00e0 terminantment prohibida i li preguem que ens el comuniqui immediatament per e-mail o per via telef\u00f2nica.<\/span><\/p>\r\n<p class=\"xmsonormal\"><span style=\"font-size: 8.0pt;\">Ce message est adress\u00e9 exclusivement \u00e0 son destinataire et peut contenir des informations confidentielles. Si vous avez re\u00e7u ce message par erreur, la diffusion ou la copie de ce mail sont absolument interdites et nous vous prions de nous en informer imm\u00e9diatement par mail ou par t\u00e9l\u00e9phone.<\/span><\/p>\r\n<p class=\"xmsonormal\">\u00a0<\/p>\r\n<p class=\"xmsonormal\"><span lang=\"ES\" style=\"font-size: 8.0pt; mso-ansi-language: ES;\">Este mensaje est\u00e1 dirigido exclusivamente a su destinatario y puede contener informaci\u00f3n confidencial. Si ha recibido este mensaje por error, la distribuci\u00f3n o copia de este email est\u00e1 terminantemente prohibida y le rogamos nos lo comunique inmediatamente por e-mail o por v\u00eda telef\u00f3nica. <\/span><\/p>\r\n<p class=\"xmsonormal\"><span lang=\"ES\" style=\"font-size: 8.0pt; mso-ansi-language: ES;\">\u00a0<\/span><\/p>\r\n<p class=\"xmsonormal\"><span style=\"font-size: 8.0pt;\">The information in this e-mail is confidential and is intended only for the use of the above named recipient. If you are not the intended recipient, any distribution or copying of this e-mail is strictly prohibited and we kindly ask you to advise immediately by return e-mail or telephone<\/span><\/p><\/div>\n\t\t\t\t\t\t<\/div>\n\t\t\t\t<\/div>\n\t\t\t\t\t<\/div>\n\t\t<\/div>\n\t\t\t\t\t<\/div>\n\t\t<\/section>\n\t\t\t\t<\/div>\n\t\t","protected":false},"excerpt":{"rendered":"","protected":false},"author":1,"featured_media":3286,"parent":0,"menu_order":0,"comment_status":"closed","ping_status":"closed","template":"","meta":{"_joinchat":[],"footnotes":""},"class_list":["post-3361","page","type-page","status-publish","has-post-thumbnail","hentry"],"yoast_head":"<!-- This site is optimized with the Yoast SEO plugin v27.5 - https:\/\/yoast.com\/product\/yoast-seo-wordpress\/ -->\n<title>Pol\u00edtica de Privacitat - Immobili\u00e0ria Grif\u00f3 Vacances<\/title>\n<meta name=\"description\" content=\"Alquiler de apartamentos a pie de pista en Pas de la Casa. Tus vacaciones de esqu\u00ed en Andorra, apartamentos en alquiler a pie de Grandavalira.\" \/>\n<meta name=\"robots\" content=\"index, follow, max-snippet:-1, max-image-preview:large, max-video-preview:-1\" \/>\n<meta property=\"og:locale\" content=\"ca_ES\" \/>\n<meta property=\"og:type\" content=\"article\" \/>\n<meta property=\"og:title\" content=\"Pol\u00edtica de Privacitat - Immobili\u00e0ria Grif\u00f3 Vacances\" \/>\n<meta property=\"og:description\" content=\"Alquiler de apartamentos a pie de pista en Pas de la Casa. Tus vacaciones de esqu\u00ed en Andorra, apartamentos en alquiler a pie de Grandavalira.\" \/>\n<meta property=\"og:url\" content=\"https:\/\/www.grifovacances.com\/ca\/politica-de-privacitat\/\" \/>\n<meta property=\"og:site_name\" content=\"Immobili\u00e0ria Grif\u00f3 Vacances\" \/>\n<meta property=\"og:image\" content=\"https:\/\/www.grifovacances.com\/wp-content\/uploads\/2024\/08\/rrss-grifo.jpg\" \/>\n\t<meta property=\"og:image:width\" content=\"1280\" \/>\n\t<meta property=\"og:image:height\" content=\"720\" \/>\n\t<meta property=\"og:image:type\" content=\"image\/jpeg\" \/>\n<meta name=\"twitter:card\" content=\"summary_large_image\" \/>\n<script type=\"application\/ld+json\" class=\"yoast-schema-graph\">{\"@context\":\"https:\\\/\\\/schema.org\",\"@graph\":[{\"@type\":\"WebPage\",\"@id\":\"https:\\\/\\\/www.grifovacances.com\\\/ca\\\/politica-de-privacitat\\\/\",\"url\":\"https:\\\/\\\/www.grifovacances.com\\\/ca\\\/politica-de-privacitat\\\/\",\"name\":\"Pol\u00edtica de Privacitat - Immobili\u00e0ria Grif\u00f3 Vacances\",\"isPartOf\":{\"@id\":\"https:\\\/\\\/www.grifovacances.com\\\/ca\\\/#website\"},\"primaryImageOfPage\":{\"@id\":\"https:\\\/\\\/www.grifovacances.com\\\/ca\\\/politica-de-privacitat\\\/#primaryimage\"},\"image\":{\"@id\":\"https:\\\/\\\/www.grifovacances.com\\\/ca\\\/politica-de-privacitat\\\/#primaryimage\"},\"thumbnailUrl\":\"https:\\\/\\\/www.grifovacances.com\\\/wp-content\\\/uploads\\\/2024\\\/08\\\/rrss-grifo.jpg\",\"datePublished\":\"2025-04-30T10:29:16+00:00\",\"description\":\"Alquiler de apartamentos a pie de pista en Pas de la Casa. Tus vacaciones de esqu\u00ed en Andorra, apartamentos en alquiler a pie de Grandavalira.\",\"breadcrumb\":{\"@id\":\"https:\\\/\\\/www.grifovacances.com\\\/ca\\\/politica-de-privacitat\\\/#breadcrumb\"},\"inLanguage\":\"ca\",\"potentialAction\":[{\"@type\":\"ReadAction\",\"target\":[\"https:\\\/\\\/www.grifovacances.com\\\/ca\\\/politica-de-privacitat\\\/\"]}]},{\"@type\":\"BreadcrumbList\",\"@id\":\"https:\\\/\\\/www.grifovacances.com\\\/ca\\\/politica-de-privacitat\\\/#breadcrumb\",\"itemListElement\":[{\"@type\":\"ListItem\",\"position\":1,\"name\":\"Inicio\",\"item\":\"https:\\\/\\\/www.grifovacances.com\\\/ca\\\/grifo-vacances-lloguer-dapartaments\\\/\"},{\"@type\":\"ListItem\",\"position\":2,\"name\":\"Pol\u00edtica de Privacitat\"}]},{\"@type\":\"WebSite\",\"@id\":\"https:\\\/\\\/www.grifovacances.com\\\/ca\\\/#website\",\"url\":\"https:\\\/\\\/www.grifovacances.com\\\/ca\\\/\",\"name\":\"Immobili\u00e0ria Grif\u00f3 Vacances\",\"description\":\"Alquiler de apartamentos a pie de pista en Pas de la Casa.\",\"publisher\":{\"@id\":\"https:\\\/\\\/www.grifovacances.com\\\/ca\\\/#organization\"},\"potentialAction\":[{\"@type\":\"SearchAction\",\"target\":{\"@type\":\"EntryPoint\",\"urlTemplate\":\"https:\\\/\\\/www.grifovacances.com\\\/ca\\\/resultats-de-cerca-lloguer\\\/?search_text={search_term_string}\"},\"query-input\":{\"@type\":\"PropertyValueSpecification\",\"valueRequired\":true,\"valueName\":\"search_term_string\"}}],\"inLanguage\":\"ca\"},{\"@type\":\"Organization\",\"@id\":\"https:\\\/\\\/www.grifovacances.com\\\/ca\\\/#organization\",\"name\":\"Inmobiliaria Grig\u00f3 Vacances - Pas de la Casa - Andorra\",\"url\":\"https:\\\/\\\/www.grifovacances.com\\\/ca\\\/\",\"logo\":{\"@type\":\"ImageObject\",\"inLanguage\":\"ca\",\"@id\":\"https:\\\/\\\/www.grifovacances.com\\\/ca\\\/#\\\/schema\\\/logo\\\/image\\\/\",\"url\":\"https:\\\/\\\/www.grifovacances.com\\\/wp-content\\\/uploads\\\/2023\\\/04\\\/LOGO-GRIFO-VACANCES-2023.png\",\"contentUrl\":\"https:\\\/\\\/www.grifovacances.com\\\/wp-content\\\/uploads\\\/2023\\\/04\\\/LOGO-GRIFO-VACANCES-2023.png\",\"width\":525,\"height\":218,\"caption\":\"Inmobiliaria Grig\u00f3 Vacances - Pas de la Casa - Andorra\"},\"image\":{\"@id\":\"https:\\\/\\\/www.grifovacances.com\\\/ca\\\/#\\\/schema\\\/logo\\\/image\\\/\"}}]}<\/script>\n<!-- \/ Yoast SEO plugin. -->","yoast_head_json":{"title":"Pol\u00edtica de Privacitat - Immobili\u00e0ria Grif\u00f3 Vacances","description":"Alquiler de apartamentos a pie de pista en Pas de la Casa. Tus vacaciones de esqu\u00ed en Andorra, apartamentos en alquiler a pie de Grandavalira.","robots":{"index":"index","follow":"follow","max-snippet":"max-snippet:-1","max-image-preview":"max-image-preview:large","max-video-preview":"max-video-preview:-1"},"og_locale":"ca_ES","og_type":"article","og_title":"Pol\u00edtica de Privacitat - Immobili\u00e0ria Grif\u00f3 Vacances","og_description":"Alquiler de apartamentos a pie de pista en Pas de la Casa. Tus vacaciones de esqu\u00ed en Andorra, apartamentos en alquiler a pie de Grandavalira.","og_url":"https:\/\/www.grifovacances.com\/ca\/politica-de-privacitat\/","og_site_name":"Immobili\u00e0ria Grif\u00f3 Vacances","og_image":[{"width":1280,"height":720,"url":"https:\/\/www.grifovacances.com\/wp-content\/uploads\/2024\/08\/rrss-grifo.jpg","type":"image\/jpeg"}],"twitter_card":"summary_large_image","schema":{"@context":"https:\/\/schema.org","@graph":[{"@type":"WebPage","@id":"https:\/\/www.grifovacances.com\/ca\/politica-de-privacitat\/","url":"https:\/\/www.grifovacances.com\/ca\/politica-de-privacitat\/","name":"Pol\u00edtica de Privacitat - Immobili\u00e0ria Grif\u00f3 Vacances","isPartOf":{"@id":"https:\/\/www.grifovacances.com\/ca\/#website"},"primaryImageOfPage":{"@id":"https:\/\/www.grifovacances.com\/ca\/politica-de-privacitat\/#primaryimage"},"image":{"@id":"https:\/\/www.grifovacances.com\/ca\/politica-de-privacitat\/#primaryimage"},"thumbnailUrl":"https:\/\/www.grifovacances.com\/wp-content\/uploads\/2024\/08\/rrss-grifo.jpg","datePublished":"2025-04-30T10:29:16+00:00","description":"Alquiler de apartamentos a pie de pista en Pas de la Casa. Tus vacaciones de esqu\u00ed en Andorra, apartamentos en alquiler a pie de Grandavalira.","breadcrumb":{"@id":"https:\/\/www.grifovacances.com\/ca\/politica-de-privacitat\/#breadcrumb"},"inLanguage":"ca","potentialAction":[{"@type":"ReadAction","target":["https:\/\/www.grifovacances.com\/ca\/politica-de-privacitat\/"]}]},{"@type":"BreadcrumbList","@id":"https:\/\/www.grifovacances.com\/ca\/politica-de-privacitat\/#breadcrumb","itemListElement":[{"@type":"ListItem","position":1,"name":"Inicio","item":"https:\/\/www.grifovacances.com\/ca\/grifo-vacances-lloguer-dapartaments\/"},{"@type":"ListItem","position":2,"name":"Pol\u00edtica de Privacitat"}]},{"@type":"WebSite","@id":"https:\/\/www.grifovacances.com\/ca\/#website","url":"https:\/\/www.grifovacances.com\/ca\/","name":"Immobili\u00e0ria Grif\u00f3 Vacances","description":"Alquiler de apartamentos a pie de pista en Pas de la Casa.","publisher":{"@id":"https:\/\/www.grifovacances.com\/ca\/#organization"},"potentialAction":[{"@type":"SearchAction","target":{"@type":"EntryPoint","urlTemplate":"https:\/\/www.grifovacances.com\/ca\/resultats-de-cerca-lloguer\/?search_text={search_term_string}"},"query-input":{"@type":"PropertyValueSpecification","valueRequired":true,"valueName":"search_term_string"}}],"inLanguage":"ca"},{"@type":"Organization","@id":"https:\/\/www.grifovacances.com\/ca\/#organization","name":"Inmobiliaria Grig\u00f3 Vacances - Pas de la Casa - Andorra","url":"https:\/\/www.grifovacances.com\/ca\/","logo":{"@type":"ImageObject","inLanguage":"ca","@id":"https:\/\/www.grifovacances.com\/ca\/#\/schema\/logo\/image\/","url":"https:\/\/www.grifovacances.com\/wp-content\/uploads\/2023\/04\/LOGO-GRIFO-VACANCES-2023.png","contentUrl":"https:\/\/www.grifovacances.com\/wp-content\/uploads\/2023\/04\/LOGO-GRIFO-VACANCES-2023.png","width":525,"height":218,"caption":"Inmobiliaria Grig\u00f3 Vacances - Pas de la Casa - Andorra"},"image":{"@id":"https:\/\/www.grifovacances.com\/ca\/#\/schema\/logo\/image\/"}}]}},"_links":{"self":[{"href":"https:\/\/www.grifovacances.com\/ca\/wp-json\/wp\/v2\/pages\/3361","targetHints":{"allow":["GET"]}}],"collection":[{"href":"https:\/\/www.grifovacances.com\/ca\/wp-json\/wp\/v2\/pages"}],"about":[{"href":"https:\/\/www.grifovacances.com\/ca\/wp-json\/wp\/v2\/types\/page"}],"author":[{"embeddable":true,"href":"https:\/\/www.grifovacances.com\/ca\/wp-json\/wp\/v2\/users\/1"}],"replies":[{"embeddable":true,"href":"https:\/\/www.grifovacances.com\/ca\/wp-json\/wp\/v2\/comments?post=3361"}],"version-history":[{"count":1,"href":"https:\/\/www.grifovacances.com\/ca\/wp-json\/wp\/v2\/pages\/3361\/revisions"}],"predecessor-version":[{"id":3362,"href":"https:\/\/www.grifovacances.com\/ca\/wp-json\/wp\/v2\/pages\/3361\/revisions\/3362"}],"wp:featuredmedia":[{"embeddable":true,"href":"https:\/\/www.grifovacances.com\/ca\/wp-json\/wp\/v2\/media\/3286"}],"wp:attachment":[{"href":"https:\/\/www.grifovacances.com\/ca\/wp-json\/wp\/v2\/media?parent=3361"}],"curies":[{"name":"wp","href":"https:\/\/api.w.org\/{rel}","templated":true}]}}