{"id":3363,"date":"2025-04-30T12:35:08","date_gmt":"2025-04-30T10:35:08","guid":{"rendered":"https:\/\/www.grifovacances.com\/propietat-en-detall\/"},"modified":"2025-04-30T12:35:08","modified_gmt":"2025-04-30T10:35:08","slug":"propietat-en-detall","status":"publish","type":"page","link":"https:\/\/www.grifovacances.com\/ca\/propietat-en-detall\/","title":{"rendered":"Propietat en detall"},"content":{"rendered":"\t\t<div data-elementor-type=\"wp-page\" data-elementor-id=\"3363\" class=\"elementor elementor-3363 elementor-2654\" data-elementor-post-type=\"page\">\n\t\t\t\t\t\t<section class=\"elementor-section elementor-top-section elementor-element elementor-element-19d7533 elementor-section-boxed elementor-section-height-default elementor-section-height-default\" data-id=\"19d7533\" data-element_type=\"section\" data-e-type=\"section\">\n\t\t\t\t\t\t<div class=\"elementor-container elementor-column-gap-default\">\n\t\t\t\t\t<div class=\"elementor-column elementor-col-50 elementor-top-column elementor-element elementor-element-39284a2\" data-id=\"39284a2\" data-element_type=\"column\" data-e-type=\"column\">\n\t\t\t<div class=\"elementor-widget-wrap elementor-element-populated\">\n\t\t\t\t\t\t<div class=\"elementor-element elementor-element-a4a4828 elementor-widget elementor-widget-shortcode\" data-id=\"a4a4828\" data-element_type=\"widget\" data-e-type=\"widget\" data-widget_type=\"shortcode.default\">\n\t\t\t\t<div class=\"elementor-widget-container\">\n\t\t\t\t\t\t\t<div class=\"elementor-shortcode\"><\/div>\n\t\t\t\t\t\t<\/div>\n\t\t\t\t<\/div>\n\t\t\t\t\t<\/div>\n\t\t<\/div>\n\t\t\t\t<div class=\"elementor-column elementor-col-50 elementor-top-column elementor-element elementor-element-3645227\" data-id=\"3645227\" data-element_type=\"column\" data-e-type=\"column\">\n\t\t\t<div class=\"elementor-widget-wrap elementor-element-populated\">\n\t\t\t\t\t\t<section class=\"elementor-section elementor-inner-section elementor-element elementor-element-a5b278b elementor-section-boxed elementor-section-height-default elementor-section-height-default\" data-id=\"a5b278b\" data-element_type=\"section\" data-e-type=\"section\" data-settings=\"{&quot;background_background&quot;:&quot;classic&quot;}\">\n\t\t\t\t\t\t<div class=\"elementor-container elementor-column-gap-default\">\n\t\t\t\t\t<div class=\"elementor-column elementor-col-100 elementor-inner-column elementor-element elementor-element-44688fa\" data-id=\"44688fa\" data-element_type=\"column\" data-e-type=\"column\">\n\t\t\t<div class=\"elementor-widget-wrap elementor-element-populated\">\n\t\t\t\t\t\t<div class=\"elementor-element elementor-element-cc6a417 elementor-widget elementor-widget-shortcode\" data-id=\"cc6a417\" data-element_type=\"widget\" data-e-type=\"widget\" data-widget_type=\"shortcode.default\">\n\t\t\t\t<div class=\"elementor-widget-container\">\n\t\t\t\t\t\t\t<div class=\"elementor-shortcode\"><\/div>\n\t\t\t\t\t\t<\/div>\n\t\t\t\t<\/div>\n\t\t\t\t\t<\/div>\n\t\t<\/div>\n\t\t\t\t\t<\/div>\n\t\t<\/section>\n\t\t\t\t<section class=\"elementor-section elementor-inner-section elementor-element elementor-element-2c39b55 elementor-section-boxed elementor-section-height-default elementor-section-height-default\" data-id=\"2c39b55\" data-element_type=\"section\" data-e-type=\"section\" data-settings=\"{&quot;background_background&quot;:&quot;classic&quot;}\">\n\t\t\t\t\t\t<div class=\"elementor-container elementor-column-gap-default\">\n\t\t\t\t\t<div class=\"elementor-column elementor-col-100 elementor-inner-column elementor-element elementor-element-781c907\" data-id=\"781c907\" data-element_type=\"column\" data-e-type=\"column\">\n\t\t\t<div class=\"elementor-widget-wrap elementor-element-populated\">\n\t\t\t\t\t\t<div class=\"elementor-element elementor-element-afcfd43 elementor-widget elementor-widget-shortcode\" data-id=\"afcfd43\" data-element_type=\"widget\" data-e-type=\"widget\" data-widget_type=\"shortcode.default\">\n\t\t\t\t<div class=\"elementor-widget-container\">\n\t\t\t\t\t\t\t<div class=\"elementor-shortcode\"><\/div>\n\t\t\t\t\t\t<\/div>\n\t\t\t\t<\/div>\n\t\t\t\t\t<\/div>\n\t\t<\/div>\n\t\t\t\t\t<\/div>\n\t\t<\/section>\n\t\t\t\t\t<\/div>\n\t\t<\/div>\n\t\t\t\t\t<\/div>\n\t\t<\/section>\n\t\t\t\t<section class=\"elementor-section elementor-top-section elementor-element elementor-element-34ec264 elementor-section-boxed elementor-section-height-default elementor-section-height-default\" data-id=\"34ec264\" data-element_type=\"section\" data-e-type=\"section\">\n\t\t\t\t\t\t<div class=\"elementor-container elementor-column-gap-default\">\n\t\t\t\t\t<div class=\"elementor-column elementor-col-100 elementor-top-column elementor-element elementor-element-8c6f602\" data-id=\"8c6f602\" data-element_type=\"column\" data-e-type=\"column\">\n\t\t\t<div class=\"elementor-widget-wrap elementor-element-populated\">\n\t\t\t\t\t\t<div class=\"elementor-element elementor-element-64dc9ec elementor-widget elementor-widget-shortcode\" data-id=\"64dc9ec\" data-element_type=\"widget\" data-e-type=\"widget\" data-widget_type=\"shortcode.default\">\n\t\t\t\t<div class=\"elementor-widget-container\">\n\t\t\t\t\t\t\t<div class=\"elementor-shortcode\"><\/div>\n\t\t\t\t\t\t<\/div>\n\t\t\t\t<\/div>\n\t\t\t\t\t<\/div>\n\t\t<\/div>\n\t\t\t\t\t<\/div>\n\t\t<\/section>\n\t\t\t\t<section class=\"elementor-section elementor-top-section elementor-element elementor-element-e7f4635 elementor-section-boxed elementor-section-height-default elementor-section-height-default\" data-id=\"e7f4635\" data-element_type=\"section\" data-e-type=\"section\">\n\t\t\t\t\t\t<div class=\"elementor-container elementor-column-gap-default\">\n\t\t\t\t\t<div class=\"elementor-column elementor-col-100 elementor-top-column elementor-element elementor-element-2b9bf59\" data-id=\"2b9bf59\" data-element_type=\"column\" data-e-type=\"column\">\n\t\t\t<div class=\"elementor-widget-wrap elementor-element-populated\">\n\t\t\t\t\t\t<div class=\"elementor-element elementor-element-0f00628 elementor-widget elementor-widget-text-editor\" data-id=\"0f00628\" data-element_type=\"widget\" data-e-type=\"widget\" data-widget_type=\"text-editor.default\">\n\t\t\t\t<div class=\"elementor-widget-container\">\n\t\t\t\t\t\t\t\t\t<p><a href=\"https:\/\/www.grifovacances.com\/ca\/\"><strong>Grif\u00f3 Vacances<\/strong><\/a> a Andorra us ofereix una \u00e0mplia selecci\u00f3 de propietats en venda reformades, confortables i totalment equipades amb totes les comoditats. Totes les nostres <strong>propietats en venda<\/strong> estan perfectament situades <strong>a menys de 100 metres de les pistes d\u00b4esqu\u00ed<\/strong> per gaudir d\u00b4una estada molt a prop de les pistes de l\u00b4estaci\u00f3 d\u00b4esqu\u00ed m\u00e9s gran dels Pirineus i del Sud d\u00b4Europa, <strong>l\u00b4Estaci\u00f3 de <a href=\"https:\/\/www.grandvalira.com\/\">Grandvalira<\/a>.<\/strong> Les nostres <strong>propietats a la venda<\/strong> a <a href=\"https:\/\/www.grifovacances.com\/ca\/pas-de-la-casa\/\"><strong>Pas de la Casa<\/strong><\/a> i al <a href=\"https:\/\/www.grifovacances.com\/ca\/el-tarter\/\"><strong>Tarter<\/strong><\/a>, al Principat d&#8217;Andorra, s\u00f3n la inversi\u00f3 ideal per gaudir d&#8217;un habitatge en propietat amb baixa pressi\u00f3 fiscal i pocs impostos, a tocar de l&#8217;Estaci\u00f3 d&#8217;esqu\u00ed de Grandvalira. <a href=\"https:\/\/www.grifovacances.com\/ca\/\" target=\"_blank\" rel=\"noopener\"><strong>Grif\u00f3 Vacances<\/strong><\/a>\u00a0ha esdevingut un referent de professionalitat al seu servei en diversos \u00e0mbits del sector immobiliari a <a href=\"https:\/\/visitandorra.com\/es\/\"><strong>Andorra<\/strong><\/a>. No dubteu a preguntar a la nostra oficina <a href=\"https:\/\/www.immogrifo.com\/\"><strong>d&#8217;Immobili\u00e0ria Grif\u00f3<\/strong><\/a> al carrer <strong>Encamp 29 a Pas de la Casa<\/strong> o de contactar amb nosaltres si us interessa comprar aquesta propietat.<\/p>\n\t\t\t\t\t\t\t\t<\/div>\n\t\t\t\t<\/div>\n\t\t\t\t\t<\/div>\n\t\t<\/div>\n\t\t\t\t\t<\/div>\n\t\t<\/section>\n\t\t\t\t<\/div>\n\t\t","protected":false},"excerpt":{"rendered":"<p>Grif\u00f3 Vacances a Andorra us ofereix una \u00e0mplia selecci\u00f3 de propietats en venda reformades, confortables i totalment equipades amb totes les comoditats. Totes les nostres propietats en venda estan perfectament situades a menys de 100 metres de les pistes d\u00b4esqu\u00ed per gaudir d\u00b4una estada molt a prop de les pistes de l\u00b4estaci\u00f3 d\u00b4esqu\u00ed m\u00e9s gran [&hellip;]<\/p>\n","protected":false},"author":1,"featured_media":3286,"parent":0,"menu_order":0,"comment_status":"closed","ping_status":"closed","template":"","meta":{"_joinchat":[],"footnotes":""},"class_list":["post-3363","page","type-page","status-publish","has-post-thumbnail","hentry"],"yoast_head":"<!-- This site is optimized with the Yoast SEO plugin v27.5 - https:\/\/yoast.com\/product\/yoast-seo-wordpress\/ -->\n<title>Propietat en detall - Immobili\u00e0ria Grif\u00f3 Vacances<\/title>\n<meta name=\"description\" content=\"Venda de propietats a peu de pista a Pas de la Casa. La teva inversi\u00f3 d&#039;habitatge a Andorra, apartament en venda a peu de Grandavalira.\" \/>\n<meta name=\"robots\" content=\"index, follow, max-snippet:-1, max-image-preview:large, max-video-preview:-1\" \/>\n<meta property=\"og:locale\" content=\"ca_ES\" \/>\n<meta property=\"og:type\" content=\"article\" \/>\n<meta property=\"og:title\" content=\"Propietat en detall - Immobili\u00e0ria Grif\u00f3 Vacances\" \/>\n<meta property=\"og:description\" content=\"Venda de propietats a peu de pista a Pas de la Casa. La teva inversi\u00f3 d&#039;habitatge a Andorra, apartament en venda a peu de Grandavalira.\" \/>\n<meta property=\"og:url\" content=\"https:\/\/www.grifovacances.com\/ca\/propietat-en-detall\/\" \/>\n<meta property=\"og:site_name\" content=\"Immobili\u00e0ria Grif\u00f3 Vacances\" \/>\n<meta property=\"og:image\" content=\"https:\/\/www.grifovacances.com\/wp-content\/uploads\/2024\/08\/rrss-grifo.jpg\" \/>\n\t<meta property=\"og:image:width\" content=\"1280\" \/>\n\t<meta property=\"og:image:height\" content=\"720\" \/>\n\t<meta property=\"og:image:type\" content=\"image\/jpeg\" \/>\n<meta name=\"twitter:card\" content=\"summary_large_image\" \/>\n<meta name=\"twitter:label1\" content=\"Temps estimat de lectura\" \/>\n\t<meta name=\"twitter:data1\" content=\"1 minut\" \/>\n<script type=\"application\/ld+json\" class=\"yoast-schema-graph\">{\"@context\":\"https:\\\/\\\/schema.org\",\"@graph\":[{\"@type\":\"WebPage\",\"@id\":\"https:\\\/\\\/www.grifovacances.com\\\/ca\\\/propietat-en-detall\\\/\",\"url\":\"https:\\\/\\\/www.grifovacances.com\\\/ca\\\/propietat-en-detall\\\/\",\"name\":\"Propietat en detall - Immobili\u00e0ria Grif\u00f3 Vacances\",\"isPartOf\":{\"@id\":\"https:\\\/\\\/www.grifovacances.com\\\/ca\\\/#website\"},\"primaryImageOfPage\":{\"@id\":\"https:\\\/\\\/www.grifovacances.com\\\/ca\\\/propietat-en-detall\\\/#primaryimage\"},\"image\":{\"@id\":\"https:\\\/\\\/www.grifovacances.com\\\/ca\\\/propietat-en-detall\\\/#primaryimage\"},\"thumbnailUrl\":\"https:\\\/\\\/www.grifovacances.com\\\/wp-content\\\/uploads\\\/2024\\\/08\\\/rrss-grifo.jpg\",\"datePublished\":\"2025-04-30T10:35:08+00:00\",\"description\":\"Venda de propietats a peu de pista a Pas de la Casa. La teva inversi\u00f3 d'habitatge a Andorra, apartament en venda a peu de Grandavalira.\",\"breadcrumb\":{\"@id\":\"https:\\\/\\\/www.grifovacances.com\\\/ca\\\/propietat-en-detall\\\/#breadcrumb\"},\"inLanguage\":\"ca\",\"potentialAction\":[{\"@type\":\"ReadAction\",\"target\":[\"https:\\\/\\\/www.grifovacances.com\\\/ca\\\/propietat-en-detall\\\/\"]}]},{\"@type\":\"BreadcrumbList\",\"@id\":\"https:\\\/\\\/www.grifovacances.com\\\/ca\\\/propietat-en-detall\\\/#breadcrumb\",\"itemListElement\":[{\"@type\":\"ListItem\",\"position\":1,\"name\":\"Inicio\",\"item\":\"https:\\\/\\\/www.grifovacances.com\\\/ca\\\/grifo-vacances-lloguer-dapartaments\\\/\"},{\"@type\":\"ListItem\",\"position\":2,\"name\":\"Propietat en detall\"}]},{\"@type\":\"WebSite\",\"@id\":\"https:\\\/\\\/www.grifovacances.com\\\/ca\\\/#website\",\"url\":\"https:\\\/\\\/www.grifovacances.com\\\/ca\\\/\",\"name\":\"Immobili\u00e0ria Grif\u00f3 Vacances\",\"description\":\"Alquiler de apartamentos a pie de pista en Pas de la Casa.\",\"publisher\":{\"@id\":\"https:\\\/\\\/www.grifovacances.com\\\/ca\\\/#organization\"},\"potentialAction\":[{\"@type\":\"SearchAction\",\"target\":{\"@type\":\"EntryPoint\",\"urlTemplate\":\"https:\\\/\\\/www.grifovacances.com\\\/ca\\\/resultats-de-cerca-lloguer\\\/?search_text={search_term_string}\"},\"query-input\":{\"@type\":\"PropertyValueSpecification\",\"valueRequired\":true,\"valueName\":\"search_term_string\"}}],\"inLanguage\":\"ca\"},{\"@type\":\"Organization\",\"@id\":\"https:\\\/\\\/www.grifovacances.com\\\/ca\\\/#organization\",\"name\":\"Inmobiliaria Grig\u00f3 Vacances - Pas de la Casa - Andorra\",\"url\":\"https:\\\/\\\/www.grifovacances.com\\\/ca\\\/\",\"logo\":{\"@type\":\"ImageObject\",\"inLanguage\":\"ca\",\"@id\":\"https:\\\/\\\/www.grifovacances.com\\\/ca\\\/#\\\/schema\\\/logo\\\/image\\\/\",\"url\":\"https:\\\/\\\/www.grifovacances.com\\\/wp-content\\\/uploads\\\/2023\\\/04\\\/LOGO-GRIFO-VACANCES-2023.png\",\"contentUrl\":\"https:\\\/\\\/www.grifovacances.com\\\/wp-content\\\/uploads\\\/2023\\\/04\\\/LOGO-GRIFO-VACANCES-2023.png\",\"width\":525,\"height\":218,\"caption\":\"Inmobiliaria Grig\u00f3 Vacances - Pas de la Casa - Andorra\"},\"image\":{\"@id\":\"https:\\\/\\\/www.grifovacances.com\\\/ca\\\/#\\\/schema\\\/logo\\\/image\\\/\"}}]}<\/script>\n<!-- \/ Yoast SEO plugin. -->","yoast_head_json":{"title":"Propietat en detall - Immobili\u00e0ria Grif\u00f3 Vacances","description":"Venda de propietats a peu de pista a Pas de la Casa. La teva inversi\u00f3 d'habitatge a Andorra, apartament en venda a peu de Grandavalira.","robots":{"index":"index","follow":"follow","max-snippet":"max-snippet:-1","max-image-preview":"max-image-preview:large","max-video-preview":"max-video-preview:-1"},"og_locale":"ca_ES","og_type":"article","og_title":"Propietat en detall - Immobili\u00e0ria Grif\u00f3 Vacances","og_description":"Venda de propietats a peu de pista a Pas de la Casa. La teva inversi\u00f3 d'habitatge a Andorra, apartament en venda a peu de Grandavalira.","og_url":"https:\/\/www.grifovacances.com\/ca\/propietat-en-detall\/","og_site_name":"Immobili\u00e0ria Grif\u00f3 Vacances","og_image":[{"width":1280,"height":720,"url":"https:\/\/www.grifovacances.com\/wp-content\/uploads\/2024\/08\/rrss-grifo.jpg","type":"image\/jpeg"}],"twitter_card":"summary_large_image","twitter_misc":{"Temps estimat de lectura":"1 minut"},"schema":{"@context":"https:\/\/schema.org","@graph":[{"@type":"WebPage","@id":"https:\/\/www.grifovacances.com\/ca\/propietat-en-detall\/","url":"https:\/\/www.grifovacances.com\/ca\/propietat-en-detall\/","name":"Propietat en detall - Immobili\u00e0ria Grif\u00f3 Vacances","isPartOf":{"@id":"https:\/\/www.grifovacances.com\/ca\/#website"},"primaryImageOfPage":{"@id":"https:\/\/www.grifovacances.com\/ca\/propietat-en-detall\/#primaryimage"},"image":{"@id":"https:\/\/www.grifovacances.com\/ca\/propietat-en-detall\/#primaryimage"},"thumbnailUrl":"https:\/\/www.grifovacances.com\/wp-content\/uploads\/2024\/08\/rrss-grifo.jpg","datePublished":"2025-04-30T10:35:08+00:00","description":"Venda de propietats a peu de pista a Pas de la Casa. La teva inversi\u00f3 d'habitatge a Andorra, apartament en venda a peu de Grandavalira.","breadcrumb":{"@id":"https:\/\/www.grifovacances.com\/ca\/propietat-en-detall\/#breadcrumb"},"inLanguage":"ca","potentialAction":[{"@type":"ReadAction","target":["https:\/\/www.grifovacances.com\/ca\/propietat-en-detall\/"]}]},{"@type":"BreadcrumbList","@id":"https:\/\/www.grifovacances.com\/ca\/propietat-en-detall\/#breadcrumb","itemListElement":[{"@type":"ListItem","position":1,"name":"Inicio","item":"https:\/\/www.grifovacances.com\/ca\/grifo-vacances-lloguer-dapartaments\/"},{"@type":"ListItem","position":2,"name":"Propietat en detall"}]},{"@type":"WebSite","@id":"https:\/\/www.grifovacances.com\/ca\/#website","url":"https:\/\/www.grifovacances.com\/ca\/","name":"Immobili\u00e0ria Grif\u00f3 Vacances","description":"Alquiler de apartamentos a pie de pista en Pas de la Casa.","publisher":{"@id":"https:\/\/www.grifovacances.com\/ca\/#organization"},"potentialAction":[{"@type":"SearchAction","target":{"@type":"EntryPoint","urlTemplate":"https:\/\/www.grifovacances.com\/ca\/resultats-de-cerca-lloguer\/?search_text={search_term_string}"},"query-input":{"@type":"PropertyValueSpecification","valueRequired":true,"valueName":"search_term_string"}}],"inLanguage":"ca"},{"@type":"Organization","@id":"https:\/\/www.grifovacances.com\/ca\/#organization","name":"Inmobiliaria Grig\u00f3 Vacances - Pas de la Casa - Andorra","url":"https:\/\/www.grifovacances.com\/ca\/","logo":{"@type":"ImageObject","inLanguage":"ca","@id":"https:\/\/www.grifovacances.com\/ca\/#\/schema\/logo\/image\/","url":"https:\/\/www.grifovacances.com\/wp-content\/uploads\/2023\/04\/LOGO-GRIFO-VACANCES-2023.png","contentUrl":"https:\/\/www.grifovacances.com\/wp-content\/uploads\/2023\/04\/LOGO-GRIFO-VACANCES-2023.png","width":525,"height":218,"caption":"Inmobiliaria Grig\u00f3 Vacances - Pas de la Casa - Andorra"},"image":{"@id":"https:\/\/www.grifovacances.com\/ca\/#\/schema\/logo\/image\/"}}]}},"_links":{"self":[{"href":"https:\/\/www.grifovacances.com\/ca\/wp-json\/wp\/v2\/pages\/3363","targetHints":{"allow":["GET"]}}],"collection":[{"href":"https:\/\/www.grifovacances.com\/ca\/wp-json\/wp\/v2\/pages"}],"about":[{"href":"https:\/\/www.grifovacances.com\/ca\/wp-json\/wp\/v2\/types\/page"}],"author":[{"embeddable":true,"href":"https:\/\/www.grifovacances.com\/ca\/wp-json\/wp\/v2\/users\/1"}],"replies":[{"embeddable":true,"href":"https:\/\/www.grifovacances.com\/ca\/wp-json\/wp\/v2\/comments?post=3363"}],"version-history":[{"count":1,"href":"https:\/\/www.grifovacances.com\/ca\/wp-json\/wp\/v2\/pages\/3363\/revisions"}],"predecessor-version":[{"id":3364,"href":"https:\/\/www.grifovacances.com\/ca\/wp-json\/wp\/v2\/pages\/3363\/revisions\/3364"}],"wp:featuredmedia":[{"embeddable":true,"href":"https:\/\/www.grifovacances.com\/ca\/wp-json\/wp\/v2\/media\/3286"}],"wp:attachment":[{"href":"https:\/\/www.grifovacances.com\/ca\/wp-json\/wp\/v2\/media?parent=3363"}],"curies":[{"name":"wp","href":"https:\/\/api.w.org\/{rel}","templated":true}]}}