{"id":3368,"date":"2025-04-30T12:37:09","date_gmt":"2025-04-30T10:37:09","guid":{"rendered":"https:\/\/www.grifovacances.com\/reserva-amb-detall\/"},"modified":"2025-04-30T12:37:09","modified_gmt":"2025-04-30T10:37:09","slug":"reserva-amb-detall","status":"publish","type":"page","link":"https:\/\/www.grifovacances.com\/ca\/reserva-amb-detall\/","title":{"rendered":"Reserva amb detall"},"content":{"rendered":"\t\t<div data-elementor-type=\"wp-page\" data-elementor-id=\"3368\" class=\"elementor elementor-3368 elementor-544\" data-elementor-post-type=\"page\">\n\t\t\t\t\t\t<section class=\"elementor-section elementor-top-section elementor-element elementor-element-a6efc5c elementor-section-boxed elementor-section-height-default elementor-section-height-default\" data-id=\"a6efc5c\" data-element_type=\"section\" data-e-type=\"section\">\n\t\t\t\t\t\t<div class=\"elementor-container elementor-column-gap-default\">\n\t\t\t\t\t<div class=\"elementor-column elementor-col-100 elementor-top-column elementor-element elementor-element-211d88e\" data-id=\"211d88e\" data-element_type=\"column\" data-e-type=\"column\">\n\t\t\t<div class=\"elementor-widget-wrap elementor-element-populated\">\n\t\t\t\t\t\t<div class=\"elementor-element elementor-element-deb0e62 elementor-widget elementor-widget-shortcode\" data-id=\"deb0e62\" data-element_type=\"widget\" data-e-type=\"widget\" data-widget_type=\"shortcode.default\">\n\t\t\t\t<div class=\"elementor-widget-container\">\n\t\t\t\t\t\t\t<div class=\"elementor-shortcode\">  <div class=\"n2r__booking__confirmation\">\n    <div class=\"n2r__booking__confirmation__title\">Cart is empty<\/div>\n  <\/div>\n<\/div>\n\t\t\t\t\t\t<\/div>\n\t\t\t\t<\/div>\n\t\t\t\t\t<\/div>\n\t\t<\/div>\n\t\t\t\t\t<\/div>\n\t\t<\/section>\n\t\t\t\t<\/div>\n\t\t","protected":false},"excerpt":{"rendered":"","protected":false},"author":1,"featured_media":3286,"parent":0,"menu_order":0,"comment_status":"closed","ping_status":"closed","template":"","meta":{"_joinchat":[],"footnotes":""},"class_list":["post-3368","page","type-page","status-publish","has-post-thumbnail","hentry"],"yoast_head":"<!-- This site is optimized with the Yoast SEO plugin v27.5 - https:\/\/yoast.com\/product\/yoast-seo-wordpress\/ -->\n<title>Reserva amb detall - Immobili\u00e0ria Grif\u00f3 Vacances<\/title>\n<meta name=\"description\" content=\"Lloguer d&#039;apartaments a peu de pista a Pas de la Casa. Les teves vacances d&#039;esqu\u00ed a Andorra, apartaments de lloguer a Grandavalira.\" \/>\n<meta name=\"robots\" content=\"index, follow, max-snippet:-1, max-image-preview:large, max-video-preview:-1\" \/>\n<meta property=\"og:locale\" content=\"ca_ES\" \/>\n<meta property=\"og:type\" content=\"article\" \/>\n<meta property=\"og:title\" content=\"Reserva amb detall - Immobili\u00e0ria Grif\u00f3 Vacances\" \/>\n<meta property=\"og:description\" content=\"Lloguer d&#039;apartaments a peu de pista a Pas de la Casa. Les teves vacances d&#039;esqu\u00ed a Andorra, apartaments de lloguer a Grandavalira.\" \/>\n<meta property=\"og:url\" content=\"https:\/\/www.grifovacances.com\/ca\/reserva-amb-detall\/\" \/>\n<meta property=\"og:site_name\" content=\"Immobili\u00e0ria Grif\u00f3 Vacances\" \/>\n<meta property=\"og:image\" content=\"https:\/\/www.grifovacances.com\/wp-content\/uploads\/2024\/08\/rrss-grifo.jpg\" \/>\n\t<meta property=\"og:image:width\" content=\"1280\" \/>\n\t<meta property=\"og:image:height\" content=\"720\" \/>\n\t<meta property=\"og:image:type\" content=\"image\/jpeg\" \/>\n<meta name=\"twitter:card\" content=\"summary_large_image\" \/>\n<script type=\"application\/ld+json\" class=\"yoast-schema-graph\">{\"@context\":\"https:\\\/\\\/schema.org\",\"@graph\":[{\"@type\":\"WebPage\",\"@id\":\"https:\\\/\\\/www.grifovacances.com\\\/ca\\\/reserva-amb-detall\\\/\",\"url\":\"https:\\\/\\\/www.grifovacances.com\\\/ca\\\/reserva-amb-detall\\\/\",\"name\":\"Reserva amb detall - Immobili\u00e0ria Grif\u00f3 Vacances\",\"isPartOf\":{\"@id\":\"https:\\\/\\\/www.grifovacances.com\\\/ca\\\/#website\"},\"primaryImageOfPage\":{\"@id\":\"https:\\\/\\\/www.grifovacances.com\\\/ca\\\/reserva-amb-detall\\\/#primaryimage\"},\"image\":{\"@id\":\"https:\\\/\\\/www.grifovacances.com\\\/ca\\\/reserva-amb-detall\\\/#primaryimage\"},\"thumbnailUrl\":\"https:\\\/\\\/www.grifovacances.com\\\/wp-content\\\/uploads\\\/2024\\\/08\\\/rrss-grifo.jpg\",\"datePublished\":\"2025-04-30T10:37:09+00:00\",\"description\":\"Lloguer d'apartaments a peu de pista a Pas de la Casa. Les teves vacances d'esqu\u00ed a Andorra, apartaments de lloguer a Grandavalira.\",\"breadcrumb\":{\"@id\":\"https:\\\/\\\/www.grifovacances.com\\\/ca\\\/reserva-amb-detall\\\/#breadcrumb\"},\"inLanguage\":\"ca\",\"potentialAction\":[{\"@type\":\"ReadAction\",\"target\":[\"https:\\\/\\\/www.grifovacances.com\\\/ca\\\/reserva-amb-detall\\\/\"]}]},{\"@type\":\"BreadcrumbList\",\"@id\":\"https:\\\/\\\/www.grifovacances.com\\\/ca\\\/reserva-amb-detall\\\/#breadcrumb\",\"itemListElement\":[{\"@type\":\"ListItem\",\"position\":1,\"name\":\"Inicio\",\"item\":\"https:\\\/\\\/www.grifovacances.com\\\/ca\\\/grifo-vacances-lloguer-dapartaments\\\/\"},{\"@type\":\"ListItem\",\"position\":2,\"name\":\"Reserva amb detall\"}]},{\"@type\":\"WebSite\",\"@id\":\"https:\\\/\\\/www.grifovacances.com\\\/ca\\\/#website\",\"url\":\"https:\\\/\\\/www.grifovacances.com\\\/ca\\\/\",\"name\":\"Immobili\u00e0ria Grif\u00f3 Vacances\",\"description\":\"Alquiler de apartamentos a pie de pista en Pas de la Casa.\",\"publisher\":{\"@id\":\"https:\\\/\\\/www.grifovacances.com\\\/ca\\\/#organization\"},\"potentialAction\":[{\"@type\":\"SearchAction\",\"target\":{\"@type\":\"EntryPoint\",\"urlTemplate\":\"https:\\\/\\\/www.grifovacances.com\\\/ca\\\/resultats-de-cerca-lloguer\\\/?search_text={search_term_string}\"},\"query-input\":{\"@type\":\"PropertyValueSpecification\",\"valueRequired\":true,\"valueName\":\"search_term_string\"}}],\"inLanguage\":\"ca\"},{\"@type\":\"Organization\",\"@id\":\"https:\\\/\\\/www.grifovacances.com\\\/ca\\\/#organization\",\"name\":\"Inmobiliaria Grig\u00f3 Vacances - Pas de la Casa - Andorra\",\"url\":\"https:\\\/\\\/www.grifovacances.com\\\/ca\\\/\",\"logo\":{\"@type\":\"ImageObject\",\"inLanguage\":\"ca\",\"@id\":\"https:\\\/\\\/www.grifovacances.com\\\/ca\\\/#\\\/schema\\\/logo\\\/image\\\/\",\"url\":\"https:\\\/\\\/www.grifovacances.com\\\/wp-content\\\/uploads\\\/2023\\\/04\\\/LOGO-GRIFO-VACANCES-2023.png\",\"contentUrl\":\"https:\\\/\\\/www.grifovacances.com\\\/wp-content\\\/uploads\\\/2023\\\/04\\\/LOGO-GRIFO-VACANCES-2023.png\",\"width\":525,\"height\":218,\"caption\":\"Inmobiliaria Grig\u00f3 Vacances - Pas de la Casa - Andorra\"},\"image\":{\"@id\":\"https:\\\/\\\/www.grifovacances.com\\\/ca\\\/#\\\/schema\\\/logo\\\/image\\\/\"}}]}<\/script>\n<!-- \/ Yoast SEO plugin. -->","yoast_head_json":{"title":"Reserva amb detall - Immobili\u00e0ria Grif\u00f3 Vacances","description":"Lloguer d'apartaments a peu de pista a Pas de la Casa. Les teves vacances d'esqu\u00ed a Andorra, apartaments de lloguer a Grandavalira.","robots":{"index":"index","follow":"follow","max-snippet":"max-snippet:-1","max-image-preview":"max-image-preview:large","max-video-preview":"max-video-preview:-1"},"og_locale":"ca_ES","og_type":"article","og_title":"Reserva amb detall - Immobili\u00e0ria Grif\u00f3 Vacances","og_description":"Lloguer d'apartaments a peu de pista a Pas de la Casa. Les teves vacances d'esqu\u00ed a Andorra, apartaments de lloguer a Grandavalira.","og_url":"https:\/\/www.grifovacances.com\/ca\/reserva-amb-detall\/","og_site_name":"Immobili\u00e0ria Grif\u00f3 Vacances","og_image":[{"width":1280,"height":720,"url":"https:\/\/www.grifovacances.com\/wp-content\/uploads\/2024\/08\/rrss-grifo.jpg","type":"image\/jpeg"}],"twitter_card":"summary_large_image","schema":{"@context":"https:\/\/schema.org","@graph":[{"@type":"WebPage","@id":"https:\/\/www.grifovacances.com\/ca\/reserva-amb-detall\/","url":"https:\/\/www.grifovacances.com\/ca\/reserva-amb-detall\/","name":"Reserva amb detall - Immobili\u00e0ria Grif\u00f3 Vacances","isPartOf":{"@id":"https:\/\/www.grifovacances.com\/ca\/#website"},"primaryImageOfPage":{"@id":"https:\/\/www.grifovacances.com\/ca\/reserva-amb-detall\/#primaryimage"},"image":{"@id":"https:\/\/www.grifovacances.com\/ca\/reserva-amb-detall\/#primaryimage"},"thumbnailUrl":"https:\/\/www.grifovacances.com\/wp-content\/uploads\/2024\/08\/rrss-grifo.jpg","datePublished":"2025-04-30T10:37:09+00:00","description":"Lloguer d'apartaments a peu de pista a Pas de la Casa. Les teves vacances d'esqu\u00ed a Andorra, apartaments de lloguer a Grandavalira.","breadcrumb":{"@id":"https:\/\/www.grifovacances.com\/ca\/reserva-amb-detall\/#breadcrumb"},"inLanguage":"ca","potentialAction":[{"@type":"ReadAction","target":["https:\/\/www.grifovacances.com\/ca\/reserva-amb-detall\/"]}]},{"@type":"BreadcrumbList","@id":"https:\/\/www.grifovacances.com\/ca\/reserva-amb-detall\/#breadcrumb","itemListElement":[{"@type":"ListItem","position":1,"name":"Inicio","item":"https:\/\/www.grifovacances.com\/ca\/grifo-vacances-lloguer-dapartaments\/"},{"@type":"ListItem","position":2,"name":"Reserva amb detall"}]},{"@type":"WebSite","@id":"https:\/\/www.grifovacances.com\/ca\/#website","url":"https:\/\/www.grifovacances.com\/ca\/","name":"Immobili\u00e0ria Grif\u00f3 Vacances","description":"Alquiler de apartamentos a pie de pista en Pas de la Casa.","publisher":{"@id":"https:\/\/www.grifovacances.com\/ca\/#organization"},"potentialAction":[{"@type":"SearchAction","target":{"@type":"EntryPoint","urlTemplate":"https:\/\/www.grifovacances.com\/ca\/resultats-de-cerca-lloguer\/?search_text={search_term_string}"},"query-input":{"@type":"PropertyValueSpecification","valueRequired":true,"valueName":"search_term_string"}}],"inLanguage":"ca"},{"@type":"Organization","@id":"https:\/\/www.grifovacances.com\/ca\/#organization","name":"Inmobiliaria Grig\u00f3 Vacances - Pas de la Casa - Andorra","url":"https:\/\/www.grifovacances.com\/ca\/","logo":{"@type":"ImageObject","inLanguage":"ca","@id":"https:\/\/www.grifovacances.com\/ca\/#\/schema\/logo\/image\/","url":"https:\/\/www.grifovacances.com\/wp-content\/uploads\/2023\/04\/LOGO-GRIFO-VACANCES-2023.png","contentUrl":"https:\/\/www.grifovacances.com\/wp-content\/uploads\/2023\/04\/LOGO-GRIFO-VACANCES-2023.png","width":525,"height":218,"caption":"Inmobiliaria Grig\u00f3 Vacances - Pas de la Casa - Andorra"},"image":{"@id":"https:\/\/www.grifovacances.com\/ca\/#\/schema\/logo\/image\/"}}]}},"_links":{"self":[{"href":"https:\/\/www.grifovacances.com\/ca\/wp-json\/wp\/v2\/pages\/3368","targetHints":{"allow":["GET"]}}],"collection":[{"href":"https:\/\/www.grifovacances.com\/ca\/wp-json\/wp\/v2\/pages"}],"about":[{"href":"https:\/\/www.grifovacances.com\/ca\/wp-json\/wp\/v2\/types\/page"}],"author":[{"embeddable":true,"href":"https:\/\/www.grifovacances.com\/ca\/wp-json\/wp\/v2\/users\/1"}],"replies":[{"embeddable":true,"href":"https:\/\/www.grifovacances.com\/ca\/wp-json\/wp\/v2\/comments?post=3368"}],"version-history":[{"count":1,"href":"https:\/\/www.grifovacances.com\/ca\/wp-json\/wp\/v2\/pages\/3368\/revisions"}],"predecessor-version":[{"id":3369,"href":"https:\/\/www.grifovacances.com\/ca\/wp-json\/wp\/v2\/pages\/3368\/revisions\/3369"}],"wp:featuredmedia":[{"embeddable":true,"href":"https:\/\/www.grifovacances.com\/ca\/wp-json\/wp\/v2\/media\/3286"}],"wp:attachment":[{"href":"https:\/\/www.grifovacances.com\/ca\/wp-json\/wp\/v2\/media?parent=3368"}],"curies":[{"name":"wp","href":"https:\/\/api.w.org\/{rel}","templated":true}]}}