{"id":3121,"date":"2024-11-28T15:35:37","date_gmt":"2024-11-28T14:35:37","guid":{"rendered":"https:\/\/www.grifovacances.com\/rental-conditions\/"},"modified":"2024-11-28T15:35:37","modified_gmt":"2024-11-28T14:35:37","slug":"rental-conditions","status":"publish","type":"page","link":"https:\/\/www.grifovacances.com\/en\/rental-conditions\/","title":{"rendered":"Rental Conditions"},"content":{"rendered":"\t\t<div data-elementor-type=\"wp-page\" data-elementor-id=\"3121\" class=\"elementor elementor-3121 elementor-3112\" data-elementor-post-type=\"page\">\n\t\t\t\t\t\t<section class=\"elementor-section elementor-top-section elementor-element elementor-element-f7a44d2 elementor-section-boxed elementor-section-height-default elementor-section-height-default\" data-id=\"f7a44d2\" data-element_type=\"section\" data-e-type=\"section\">\n\t\t\t\t\t\t<div class=\"elementor-container elementor-column-gap-default\">\n\t\t\t\t\t<div class=\"elementor-column elementor-col-100 elementor-top-column elementor-element elementor-element-f6c6d08\" data-id=\"f6c6d08\" data-element_type=\"column\" data-e-type=\"column\">\n\t\t\t<div class=\"elementor-widget-wrap elementor-element-populated\">\n\t\t\t\t\t\t<div class=\"elementor-element elementor-element-2bcc0a7 elementor-widget elementor-widget-shortcode\" data-id=\"2bcc0a7\" data-element_type=\"widget\" data-e-type=\"widget\" data-widget_type=\"shortcode.default\">\n\t\t\t\t<div class=\"elementor-widget-container\">\n\t\t\t\t\t\t\t<div class=\"elementor-shortcode\"><p><span style=\"font-size: small;\">To carry out the final book of the property, we request that you send us 50 % of this total rental cost as a deposit payment by bank transfer or credit card, whichever is more convenient.\u00a0<\/span><\/p>\r\n<p><span style=\"font-size: small;\">You can also pay the first payment by credit card\u00a0 trough the link sended\u00a0 in the booking contract\u00a0<\/span><\/p>\r\n<p><span style=\"font-size: small;\">Important - In case of arrival after the opening hours of the office - Please contact us ! We don't have night reception<\/span><\/p><\/div>\n\t\t\t\t\t\t<\/div>\n\t\t\t\t<\/div>\n\t\t\t\t\t<\/div>\n\t\t<\/div>\n\t\t\t\t\t<\/div>\n\t\t<\/section>\n\t\t\t\t<\/div>\n\t\t","protected":false},"excerpt":{"rendered":"","protected":false},"author":1,"featured_media":2917,"parent":0,"menu_order":0,"comment_status":"closed","ping_status":"closed","template":"","meta":{"_joinchat":[],"footnotes":""},"class_list":["post-3121","page","type-page","status-publish","has-post-thumbnail","hentry"],"yoast_head":"<!-- This site is optimized with the Yoast SEO plugin v27.5 - https:\/\/yoast.com\/product\/yoast-seo-wordpress\/ -->\n<title>Rental Conditions - Immobili\u00e0ria Grif\u00f3 Vacances<\/title>\n<meta name=\"description\" content=\"Alquiler de apartamentos a pie de pista en Pas de la Casa. Tus vacaciones de esqu\u00ed en Andorra, apartamentos en alquiler a pie de Grandavalira.\" \/>\n<meta name=\"robots\" content=\"index, follow, max-snippet:-1, max-image-preview:large, max-video-preview:-1\" \/>\n<meta property=\"og:locale\" content=\"en_US\" \/>\n<meta property=\"og:type\" content=\"article\" \/>\n<meta property=\"og:title\" content=\"Rental Conditions - Immobili\u00e0ria Grif\u00f3 Vacances\" \/>\n<meta property=\"og:description\" content=\"Alquiler de apartamentos a pie de pista en Pas de la Casa. Tus vacaciones de esqu\u00ed en Andorra, apartamentos en alquiler a pie de Grandavalira.\" \/>\n<meta property=\"og:url\" content=\"https:\/\/www.grifovacances.com\/en\/rental-conditions\/\" \/>\n<meta property=\"og:site_name\" content=\"Immobili\u00e0ria Grif\u00f3 Vacances\" \/>\n<meta property=\"og:image\" content=\"https:\/\/www.grifovacances.com\/wp-content\/uploads\/2024\/08\/rrss-grifo.jpg\" \/>\n\t<meta property=\"og:image:width\" content=\"1280\" \/>\n\t<meta property=\"og:image:height\" content=\"720\" \/>\n\t<meta property=\"og:image:type\" content=\"image\/jpeg\" \/>\n<meta name=\"twitter:card\" content=\"summary_large_image\" \/>\n<script type=\"application\/ld+json\" class=\"yoast-schema-graph\">{\"@context\":\"https:\\\/\\\/schema.org\",\"@graph\":[{\"@type\":\"WebPage\",\"@id\":\"https:\\\/\\\/www.grifovacances.com\\\/en\\\/rental-conditions\\\/\",\"url\":\"https:\\\/\\\/www.grifovacances.com\\\/en\\\/rental-conditions\\\/\",\"name\":\"Rental Conditions - Immobili\u00e0ria Grif\u00f3 Vacances\",\"isPartOf\":{\"@id\":\"https:\\\/\\\/www.grifovacances.com\\\/en\\\/#website\"},\"primaryImageOfPage\":{\"@id\":\"https:\\\/\\\/www.grifovacances.com\\\/en\\\/rental-conditions\\\/#primaryimage\"},\"image\":{\"@id\":\"https:\\\/\\\/www.grifovacances.com\\\/en\\\/rental-conditions\\\/#primaryimage\"},\"thumbnailUrl\":\"https:\\\/\\\/www.grifovacances.com\\\/wp-content\\\/uploads\\\/2024\\\/08\\\/rrss-grifo.jpg\",\"datePublished\":\"2024-11-28T14:35:37+00:00\",\"description\":\"Alquiler de apartamentos a pie de pista en Pas de la Casa. Tus vacaciones de esqu\u00ed en Andorra, apartamentos en alquiler a pie de Grandavalira.\",\"breadcrumb\":{\"@id\":\"https:\\\/\\\/www.grifovacances.com\\\/en\\\/rental-conditions\\\/#breadcrumb\"},\"inLanguage\":\"en-US\",\"potentialAction\":[{\"@type\":\"ReadAction\",\"target\":[\"https:\\\/\\\/www.grifovacances.com\\\/en\\\/rental-conditions\\\/\"]}]},{\"@type\":\"BreadcrumbList\",\"@id\":\"https:\\\/\\\/www.grifovacances.com\\\/en\\\/rental-conditions\\\/#breadcrumb\",\"itemListElement\":[{\"@type\":\"ListItem\",\"position\":1,\"name\":\"Inicio\",\"item\":\"https:\\\/\\\/www.grifovacances.com\\\/en\\\/grifo-vacances-home\\\/\"},{\"@type\":\"ListItem\",\"position\":2,\"name\":\"Rental Conditions\"}]},{\"@type\":\"WebSite\",\"@id\":\"https:\\\/\\\/www.grifovacances.com\\\/en\\\/#website\",\"url\":\"https:\\\/\\\/www.grifovacances.com\\\/en\\\/\",\"name\":\"Immobili\u00e0ria Grif\u00f3 Vacances\",\"description\":\"Alquiler de apartamentos a pie de pista en Pas de la Casa.\",\"publisher\":{\"@id\":\"https:\\\/\\\/www.grifovacances.com\\\/en\\\/#organization\"},\"potentialAction\":[{\"@type\":\"SearchAction\",\"target\":{\"@type\":\"EntryPoint\",\"urlTemplate\":\"https:\\\/\\\/www.grifovacances.com\\\/en\\\/search-results\\\/?search_text={search_term_string}\"},\"query-input\":{\"@type\":\"PropertyValueSpecification\",\"valueRequired\":true,\"valueName\":\"search_term_string\"}}],\"inLanguage\":\"en-US\"},{\"@type\":\"Organization\",\"@id\":\"https:\\\/\\\/www.grifovacances.com\\\/en\\\/#organization\",\"name\":\"Inmobiliaria Grig\u00f3 Vacances - Pas de la Casa - Andorra\",\"url\":\"https:\\\/\\\/www.grifovacances.com\\\/en\\\/\",\"logo\":{\"@type\":\"ImageObject\",\"inLanguage\":\"en-US\",\"@id\":\"https:\\\/\\\/www.grifovacances.com\\\/en\\\/#\\\/schema\\\/logo\\\/image\\\/\",\"url\":\"https:\\\/\\\/www.grifovacances.com\\\/wp-content\\\/uploads\\\/2023\\\/04\\\/LOGO-GRIFO-VACANCES-2023.png\",\"contentUrl\":\"https:\\\/\\\/www.grifovacances.com\\\/wp-content\\\/uploads\\\/2023\\\/04\\\/LOGO-GRIFO-VACANCES-2023.png\",\"width\":525,\"height\":218,\"caption\":\"Inmobiliaria Grig\u00f3 Vacances - Pas de la Casa - Andorra\"},\"image\":{\"@id\":\"https:\\\/\\\/www.grifovacances.com\\\/en\\\/#\\\/schema\\\/logo\\\/image\\\/\"}}]}<\/script>\n<!-- \/ Yoast SEO plugin. -->","yoast_head_json":{"title":"Rental Conditions - Immobili\u00e0ria Grif\u00f3 Vacances","description":"Alquiler de apartamentos a pie de pista en Pas de la Casa. Tus vacaciones de esqu\u00ed en Andorra, apartamentos en alquiler a pie de Grandavalira.","robots":{"index":"index","follow":"follow","max-snippet":"max-snippet:-1","max-image-preview":"max-image-preview:large","max-video-preview":"max-video-preview:-1"},"og_locale":"en_US","og_type":"article","og_title":"Rental Conditions - Immobili\u00e0ria Grif\u00f3 Vacances","og_description":"Alquiler de apartamentos a pie de pista en Pas de la Casa. Tus vacaciones de esqu\u00ed en Andorra, apartamentos en alquiler a pie de Grandavalira.","og_url":"https:\/\/www.grifovacances.com\/en\/rental-conditions\/","og_site_name":"Immobili\u00e0ria Grif\u00f3 Vacances","og_image":[{"width":1280,"height":720,"url":"https:\/\/www.grifovacances.com\/wp-content\/uploads\/2024\/08\/rrss-grifo.jpg","type":"image\/jpeg"}],"twitter_card":"summary_large_image","schema":{"@context":"https:\/\/schema.org","@graph":[{"@type":"WebPage","@id":"https:\/\/www.grifovacances.com\/en\/rental-conditions\/","url":"https:\/\/www.grifovacances.com\/en\/rental-conditions\/","name":"Rental Conditions - Immobili\u00e0ria Grif\u00f3 Vacances","isPartOf":{"@id":"https:\/\/www.grifovacances.com\/en\/#website"},"primaryImageOfPage":{"@id":"https:\/\/www.grifovacances.com\/en\/rental-conditions\/#primaryimage"},"image":{"@id":"https:\/\/www.grifovacances.com\/en\/rental-conditions\/#primaryimage"},"thumbnailUrl":"https:\/\/www.grifovacances.com\/wp-content\/uploads\/2024\/08\/rrss-grifo.jpg","datePublished":"2024-11-28T14:35:37+00:00","description":"Alquiler de apartamentos a pie de pista en Pas de la Casa. Tus vacaciones de esqu\u00ed en Andorra, apartamentos en alquiler a pie de Grandavalira.","breadcrumb":{"@id":"https:\/\/www.grifovacances.com\/en\/rental-conditions\/#breadcrumb"},"inLanguage":"en-US","potentialAction":[{"@type":"ReadAction","target":["https:\/\/www.grifovacances.com\/en\/rental-conditions\/"]}]},{"@type":"BreadcrumbList","@id":"https:\/\/www.grifovacances.com\/en\/rental-conditions\/#breadcrumb","itemListElement":[{"@type":"ListItem","position":1,"name":"Inicio","item":"https:\/\/www.grifovacances.com\/en\/grifo-vacances-home\/"},{"@type":"ListItem","position":2,"name":"Rental Conditions"}]},{"@type":"WebSite","@id":"https:\/\/www.grifovacances.com\/en\/#website","url":"https:\/\/www.grifovacances.com\/en\/","name":"Immobili\u00e0ria Grif\u00f3 Vacances","description":"Alquiler de apartamentos a pie de pista en Pas de la Casa.","publisher":{"@id":"https:\/\/www.grifovacances.com\/en\/#organization"},"potentialAction":[{"@type":"SearchAction","target":{"@type":"EntryPoint","urlTemplate":"https:\/\/www.grifovacances.com\/en\/search-results\/?search_text={search_term_string}"},"query-input":{"@type":"PropertyValueSpecification","valueRequired":true,"valueName":"search_term_string"}}],"inLanguage":"en-US"},{"@type":"Organization","@id":"https:\/\/www.grifovacances.com\/en\/#organization","name":"Inmobiliaria Grig\u00f3 Vacances - Pas de la Casa - Andorra","url":"https:\/\/www.grifovacances.com\/en\/","logo":{"@type":"ImageObject","inLanguage":"en-US","@id":"https:\/\/www.grifovacances.com\/en\/#\/schema\/logo\/image\/","url":"https:\/\/www.grifovacances.com\/wp-content\/uploads\/2023\/04\/LOGO-GRIFO-VACANCES-2023.png","contentUrl":"https:\/\/www.grifovacances.com\/wp-content\/uploads\/2023\/04\/LOGO-GRIFO-VACANCES-2023.png","width":525,"height":218,"caption":"Inmobiliaria Grig\u00f3 Vacances - Pas de la Casa - Andorra"},"image":{"@id":"https:\/\/www.grifovacances.com\/en\/#\/schema\/logo\/image\/"}}]}},"_links":{"self":[{"href":"https:\/\/www.grifovacances.com\/en\/wp-json\/wp\/v2\/pages\/3121","targetHints":{"allow":["GET"]}}],"collection":[{"href":"https:\/\/www.grifovacances.com\/en\/wp-json\/wp\/v2\/pages"}],"about":[{"href":"https:\/\/www.grifovacances.com\/en\/wp-json\/wp\/v2\/types\/page"}],"author":[{"embeddable":true,"href":"https:\/\/www.grifovacances.com\/en\/wp-json\/wp\/v2\/users\/1"}],"replies":[{"embeddable":true,"href":"https:\/\/www.grifovacances.com\/en\/wp-json\/wp\/v2\/comments?post=3121"}],"version-history":[{"count":1,"href":"https:\/\/www.grifovacances.com\/en\/wp-json\/wp\/v2\/pages\/3121\/revisions"}],"predecessor-version":[{"id":3122,"href":"https:\/\/www.grifovacances.com\/en\/wp-json\/wp\/v2\/pages\/3121\/revisions\/3122"}],"wp:featuredmedia":[{"embeddable":true,"href":"https:\/\/www.grifovacances.com\/en\/wp-json\/wp\/v2\/media\/2917"}],"wp:attachment":[{"href":"https:\/\/www.grifovacances.com\/en\/wp-json\/wp\/v2\/media?parent=3121"}],"curies":[{"name":"wp","href":"https:\/\/api.w.org\/{rel}","templated":true}]}}