{"id":2656,"date":"2023-07-13T17:31:04","date_gmt":"2023-07-13T15:31:04","guid":{"rendered":"https:\/\/www.grifovacances.com\/?page_id=2656"},"modified":"2024-08-28T12:06:59","modified_gmt":"2024-08-28T10:06:59","slug":"la-propriete-en-detail","status":"publish","type":"page","link":"https:\/\/www.grifovacances.com\/fr\/la-propriete-en-detail\/","title":{"rendered":"La propri\u00e9t\u00e9 en d\u00e9tail"},"content":{"rendered":"\t\t<div data-elementor-type=\"wp-page\" data-elementor-id=\"2656\" class=\"elementor elementor-2656 elementor-2654\" data-elementor-post-type=\"page\">\n\t\t\t\t\t\t<section class=\"elementor-section elementor-top-section elementor-element elementor-element-19d7533 elementor-section-boxed elementor-section-height-default elementor-section-height-default\" data-id=\"19d7533\" data-element_type=\"section\" data-e-type=\"section\">\n\t\t\t\t\t\t<div class=\"elementor-container elementor-column-gap-default\">\n\t\t\t\t\t<div class=\"elementor-column elementor-col-50 elementor-top-column elementor-element elementor-element-39284a2\" data-id=\"39284a2\" data-element_type=\"column\" data-e-type=\"column\">\n\t\t\t<div class=\"elementor-widget-wrap elementor-element-populated\">\n\t\t\t\t\t\t<div class=\"elementor-element elementor-element-a4a4828 elementor-widget elementor-widget-shortcode\" data-id=\"a4a4828\" data-element_type=\"widget\" data-e-type=\"widget\" data-widget_type=\"shortcode.default\">\n\t\t\t\t<div class=\"elementor-widget-container\">\n\t\t\t\t\t\t\t<div class=\"elementor-shortcode\"><\/div>\n\t\t\t\t\t\t<\/div>\n\t\t\t\t<\/div>\n\t\t\t\t\t<\/div>\n\t\t<\/div>\n\t\t\t\t<div class=\"elementor-column elementor-col-50 elementor-top-column elementor-element elementor-element-3645227\" data-id=\"3645227\" data-element_type=\"column\" data-e-type=\"column\">\n\t\t\t<div class=\"elementor-widget-wrap elementor-element-populated\">\n\t\t\t\t\t\t<section class=\"elementor-section elementor-inner-section elementor-element elementor-element-a5b278b elementor-section-boxed elementor-section-height-default elementor-section-height-default\" data-id=\"a5b278b\" data-element_type=\"section\" data-e-type=\"section\" data-settings=\"{&quot;background_background&quot;:&quot;classic&quot;}\">\n\t\t\t\t\t\t<div class=\"elementor-container elementor-column-gap-default\">\n\t\t\t\t\t<div class=\"elementor-column elementor-col-100 elementor-inner-column elementor-element elementor-element-44688fa\" data-id=\"44688fa\" data-element_type=\"column\" data-e-type=\"column\">\n\t\t\t<div class=\"elementor-widget-wrap elementor-element-populated\">\n\t\t\t\t\t\t<div class=\"elementor-element elementor-element-cc6a417 elementor-widget elementor-widget-shortcode\" data-id=\"cc6a417\" data-element_type=\"widget\" data-e-type=\"widget\" data-widget_type=\"shortcode.default\">\n\t\t\t\t<div class=\"elementor-widget-container\">\n\t\t\t\t\t\t\t<div class=\"elementor-shortcode\"><\/div>\n\t\t\t\t\t\t<\/div>\n\t\t\t\t<\/div>\n\t\t\t\t\t<\/div>\n\t\t<\/div>\n\t\t\t\t\t<\/div>\n\t\t<\/section>\n\t\t\t\t<section class=\"elementor-section elementor-inner-section elementor-element elementor-element-2c39b55 elementor-section-boxed elementor-section-height-default elementor-section-height-default\" data-id=\"2c39b55\" data-element_type=\"section\" data-e-type=\"section\" data-settings=\"{&quot;background_background&quot;:&quot;classic&quot;}\">\n\t\t\t\t\t\t<div class=\"elementor-container elementor-column-gap-default\">\n\t\t\t\t\t<div class=\"elementor-column elementor-col-100 elementor-inner-column elementor-element elementor-element-781c907\" data-id=\"781c907\" data-element_type=\"column\" data-e-type=\"column\">\n\t\t\t<div class=\"elementor-widget-wrap elementor-element-populated\">\n\t\t\t\t\t\t<div class=\"elementor-element elementor-element-afcfd43 elementor-widget elementor-widget-shortcode\" data-id=\"afcfd43\" data-element_type=\"widget\" data-e-type=\"widget\" data-widget_type=\"shortcode.default\">\n\t\t\t\t<div class=\"elementor-widget-container\">\n\t\t\t\t\t\t\t<div class=\"elementor-shortcode\"><\/div>\n\t\t\t\t\t\t<\/div>\n\t\t\t\t<\/div>\n\t\t\t\t\t<\/div>\n\t\t<\/div>\n\t\t\t\t\t<\/div>\n\t\t<\/section>\n\t\t\t\t\t<\/div>\n\t\t<\/div>\n\t\t\t\t\t<\/div>\n\t\t<\/section>\n\t\t\t\t<section class=\"elementor-section elementor-top-section elementor-element elementor-element-34ec264 elementor-section-boxed elementor-section-height-default elementor-section-height-default\" data-id=\"34ec264\" data-element_type=\"section\" data-e-type=\"section\">\n\t\t\t\t\t\t<div class=\"elementor-container elementor-column-gap-default\">\n\t\t\t\t\t<div class=\"elementor-column elementor-col-100 elementor-top-column elementor-element elementor-element-8c6f602\" data-id=\"8c6f602\" data-element_type=\"column\" data-e-type=\"column\">\n\t\t\t<div class=\"elementor-widget-wrap elementor-element-populated\">\n\t\t\t\t\t\t<div class=\"elementor-element elementor-element-64dc9ec elementor-widget elementor-widget-shortcode\" data-id=\"64dc9ec\" data-element_type=\"widget\" data-e-type=\"widget\" data-widget_type=\"shortcode.default\">\n\t\t\t\t<div class=\"elementor-widget-container\">\n\t\t\t\t\t\t\t<div class=\"elementor-shortcode\"><\/div>\n\t\t\t\t\t\t<\/div>\n\t\t\t\t<\/div>\n\t\t\t\t\t<\/div>\n\t\t<\/div>\n\t\t\t\t\t<\/div>\n\t\t<\/section>\n\t\t\t\t<section class=\"elementor-section elementor-top-section elementor-element elementor-element-e7f4635 elementor-section-boxed elementor-section-height-default elementor-section-height-default\" data-id=\"e7f4635\" data-element_type=\"section\" data-e-type=\"section\">\n\t\t\t\t\t\t<div class=\"elementor-container elementor-column-gap-default\">\n\t\t\t\t\t<div class=\"elementor-column elementor-col-100 elementor-top-column elementor-element elementor-element-2b9bf59\" data-id=\"2b9bf59\" data-element_type=\"column\" data-e-type=\"column\">\n\t\t\t<div class=\"elementor-widget-wrap elementor-element-populated\">\n\t\t\t\t\t\t<div class=\"elementor-element elementor-element-0f00628 elementor-widget elementor-widget-text-editor\" data-id=\"0f00628\" data-element_type=\"widget\" data-e-type=\"widget\" data-widget_type=\"text-editor.default\">\n\t\t\t\t<div class=\"elementor-widget-container\">\n\t\t\t\t\t\t\t\t\t<p><a href=\"https:\/\/www.grifovacances.com\/fr\/\"><strong>Grif\u00f3 Vacances<\/strong><\/a> en Andorre vous propose une large s\u00e9lection de propri\u00e9t\u00e9s r\u00e9nov\u00e9es, confortables et enti\u00e8rement \u00e9quip\u00e9es \u00e0 vendre. Toutes nos <strong>propri\u00e9t\u00e9s \u00e0 vendre<\/strong> sont parfaitement situ\u00e9es \u00e0 moins de <strong>100 m\u00e8tres des pistes de ski<\/strong> pour profiter d&#8217;un s\u00e9jour tout pr\u00e8s des pistes de la plus grande station de ski des Pyr\u00e9n\u00e9es et du sud de l&#8217;Europe, <strong><a href=\"https:\/\/www.grandvalira.com\/\">Grandvalira<\/a><\/strong> Resort. Nos propri\u00e9t\u00e9s \u00e0 vendre au <a href=\"https:\/\/www.grifovacances.com\/fr\/pas-de-la-case\/\"><strong>Pas de la Casa<\/strong><\/a> et \u00e0 <a href=\"https:\/\/www.grifovacances.com\/fr\/soldeu-el-tarter\/\"><strong>el<\/strong>\u00a0<strong>Tarter<\/strong><\/a>, , dans la Principaut\u00e9 d&#8217;Andorre, sont l&#8217;investissement id\u00e9al pour profiter d&#8217;une propri\u00e9t\u00e9 \u00e0 faible imposition et \u00e0 faible taxation, \u00e0 proximit\u00e9 de la station de ski de Grandvalira. <a href=\"https:\/\/www.grifovacances.com\/fr\/\" target=\"_blank\" rel=\"noopener\"><strong>Grif\u00f3 Vacances<\/strong><\/a>\u00a0 est devenu une r\u00e9f\u00e9rence de professionnalisme \u00e0 votre service dans diff\u00e9rents domaines du secteur immobilier en <strong><a href=\"https:\/\/visitandorra.com\/es\/\">Andorra<\/a>.<\/strong> N&#8217;h\u00e9sitez pas \u00e0 vous renseigner aupr\u00e8s de notre bureau<strong><a href=\"https:\/\/www.immogrifo.com\/\"> d&#8217;Immobili\u00e0ria Grif\u00f3<\/a><\/strong>, situ\u00e9 au <strong>29 rue Encamp au Pas de la Casa,<\/strong> ou \u00e0 nous contacter si vous \u00eates int\u00e9ress\u00e9 par l&#8217;achat de cette propri\u00e9t\u00e9.<\/p>\n\t\t\t\t\t\t\t\t<\/div>\n\t\t\t\t<\/div>\n\t\t\t\t\t<\/div>\n\t\t<\/div>\n\t\t\t\t\t<\/div>\n\t\t<\/section>\n\t\t\t\t<\/div>\n\t\t","protected":false},"excerpt":{"rendered":"<p>Grif\u00f3 Vacances en Andorre vous propose une large s\u00e9lection de propri\u00e9t\u00e9s r\u00e9nov\u00e9es, confortables et enti\u00e8rement \u00e9quip\u00e9es \u00e0 vendre. Toutes nos propri\u00e9t\u00e9s \u00e0 vendre sont parfaitement situ\u00e9es \u00e0 moins de 100 m\u00e8tres des pistes de ski pour profiter d&#8217;un s\u00e9jour tout pr\u00e8s des pistes de la plus grande station de ski des Pyr\u00e9n\u00e9es et du sud [&hellip;]<\/p>\n","protected":false},"author":1,"featured_media":2918,"parent":0,"menu_order":0,"comment_status":"closed","ping_status":"closed","template":"","meta":{"_joinchat":[],"footnotes":""},"class_list":["post-2656","page","type-page","status-publish","has-post-thumbnail","hentry"],"yoast_head":"<!-- This site is optimized with the Yoast SEO plugin v27.5 - https:\/\/yoast.com\/product\/yoast-seo-wordpress\/ -->\n<title>La propri\u00e9t\u00e9 en d\u00e9tail - Immobili\u00e0ria Grif\u00f3 Vacances<\/title>\n<meta name=\"description\" content=\"Propri\u00e9t\u00e9 \u00e0 vendre au pied des pistes \u00e0 Pas de la Casa. Votre investissement immobilier en Andorre, appartement \u00e0 vendre au pied de Grandavalira.\" \/>\n<meta name=\"robots\" content=\"index, follow, max-snippet:-1, max-image-preview:large, max-video-preview:-1\" \/>\n<meta property=\"og:locale\" content=\"fr_FR\" \/>\n<meta property=\"og:type\" content=\"article\" \/>\n<meta property=\"og:title\" content=\"La propri\u00e9t\u00e9 en d\u00e9tail - Immobili\u00e0ria Grif\u00f3 Vacances\" \/>\n<meta property=\"og:description\" content=\"Propri\u00e9t\u00e9 \u00e0 vendre au pied des pistes \u00e0 Pas de la Casa. Votre investissement immobilier en Andorre, appartement \u00e0 vendre au pied de Grandavalira.\" \/>\n<meta property=\"og:url\" content=\"https:\/\/www.grifovacances.com\/net2rent-property-detail\/\" \/>\n<meta property=\"og:site_name\" content=\"Immobili\u00e0ria Grif\u00f3 Vacances\" \/>\n<meta property=\"article:modified_time\" content=\"2024-08-28T10:06:59+00:00\" \/>\n<meta property=\"og:image\" content=\"https:\/\/www.grifovacances.com\/wp-content\/uploads\/2024\/08\/rrss-grifo.jpg\" \/>\n\t<meta property=\"og:image:width\" content=\"1280\" \/>\n\t<meta property=\"og:image:height\" content=\"720\" \/>\n\t<meta property=\"og:image:type\" content=\"image\/jpeg\" \/>\n<meta name=\"twitter:card\" content=\"summary_large_image\" \/>\n<meta name=\"twitter:label1\" content=\"Dur\u00e9e de lecture estim\u00e9e\" \/>\n\t<meta name=\"twitter:data1\" content=\"1 minute\" \/>\n<script type=\"application\/ld+json\" class=\"yoast-schema-graph\">{\"@context\":\"https:\\\/\\\/schema.org\",\"@graph\":[{\"@type\":\"WebPage\",\"@id\":\"https:\\\/\\\/www.grifovacances.com\\\/fr\\\/la-propriete-en-detail\\\/\",\"url\":\"https:\\\/\\\/www.grifovacances.com\\\/net2rent-property-detail\\\/\",\"name\":\"La propri\u00e9t\u00e9 en d\u00e9tail - Immobili\u00e0ria Grif\u00f3 Vacances\",\"isPartOf\":{\"@id\":\"https:\\\/\\\/www.grifovacances.com\\\/fr\\\/#website\"},\"primaryImageOfPage\":{\"@id\":\"https:\\\/\\\/www.grifovacances.com\\\/net2rent-property-detail\\\/#primaryimage\"},\"image\":{\"@id\":\"https:\\\/\\\/www.grifovacances.com\\\/net2rent-property-detail\\\/#primaryimage\"},\"thumbnailUrl\":\"https:\\\/\\\/www.grifovacances.com\\\/wp-content\\\/uploads\\\/2024\\\/08\\\/rrss-grifo.jpg\",\"datePublished\":\"2023-07-13T15:31:04+00:00\",\"dateModified\":\"2024-08-28T10:06:59+00:00\",\"description\":\"Propri\u00e9t\u00e9 \u00e0 vendre au pied des pistes \u00e0 Pas de la Casa. Votre investissement immobilier en Andorre, appartement \u00e0 vendre au pied de Grandavalira.\",\"breadcrumb\":{\"@id\":\"https:\\\/\\\/www.grifovacances.com\\\/net2rent-property-detail\\\/#breadcrumb\"},\"inLanguage\":\"fr-FR\",\"potentialAction\":[{\"@type\":\"ReadAction\",\"target\":[\"https:\\\/\\\/www.grifovacances.com\\\/net2rent-property-detail\\\/\"]}]},{\"@type\":\"BreadcrumbList\",\"@id\":\"https:\\\/\\\/www.grifovacances.com\\\/net2rent-property-detail\\\/#breadcrumb\",\"itemListElement\":[{\"@type\":\"ListItem\",\"position\":1,\"name\":\"Inicio\",\"item\":\"https:\\\/\\\/www.grifovacances.com\\\/fr\\\/grifo-vacances-home\\\/\"},{\"@type\":\"ListItem\",\"position\":2,\"name\":\"La propri\u00e9t\u00e9 en d\u00e9tail\"}]},{\"@type\":\"WebSite\",\"@id\":\"https:\\\/\\\/www.grifovacances.com\\\/fr\\\/#website\",\"url\":\"https:\\\/\\\/www.grifovacances.com\\\/fr\\\/\",\"name\":\"Immobili\u00e0ria Grif\u00f3 Vacances\",\"description\":\"Alquiler de apartamentos a pie de pista en Pas de la Casa.\",\"publisher\":{\"@id\":\"https:\\\/\\\/www.grifovacances.com\\\/fr\\\/#organization\"},\"potentialAction\":[{\"@type\":\"SearchAction\",\"target\":{\"@type\":\"EntryPoint\",\"urlTemplate\":\"https:\\\/\\\/www.grifovacances.com\\\/fr\\\/resultats-de-la-recherche\\\/?search_text={search_term_string}\"},\"query-input\":{\"@type\":\"PropertyValueSpecification\",\"valueRequired\":true,\"valueName\":\"search_term_string\"}}],\"inLanguage\":\"fr-FR\"},{\"@type\":\"Organization\",\"@id\":\"https:\\\/\\\/www.grifovacances.com\\\/fr\\\/#organization\",\"name\":\"Inmobiliaria Grig\u00f3 Vacances - Pas de la Casa - Andorra\",\"url\":\"https:\\\/\\\/www.grifovacances.com\\\/fr\\\/\",\"logo\":{\"@type\":\"ImageObject\",\"inLanguage\":\"fr-FR\",\"@id\":\"https:\\\/\\\/www.grifovacances.com\\\/fr\\\/#\\\/schema\\\/logo\\\/image\\\/\",\"url\":\"https:\\\/\\\/www.grifovacances.com\\\/wp-content\\\/uploads\\\/2023\\\/04\\\/LOGO-GRIFO-VACANCES-2023.png\",\"contentUrl\":\"https:\\\/\\\/www.grifovacances.com\\\/wp-content\\\/uploads\\\/2023\\\/04\\\/LOGO-GRIFO-VACANCES-2023.png\",\"width\":525,\"height\":218,\"caption\":\"Inmobiliaria Grig\u00f3 Vacances - Pas de la Casa - Andorra\"},\"image\":{\"@id\":\"https:\\\/\\\/www.grifovacances.com\\\/fr\\\/#\\\/schema\\\/logo\\\/image\\\/\"}}]}<\/script>\n<!-- \/ Yoast SEO plugin. -->","yoast_head_json":{"title":"La propri\u00e9t\u00e9 en d\u00e9tail - Immobili\u00e0ria Grif\u00f3 Vacances","description":"Propri\u00e9t\u00e9 \u00e0 vendre au pied des pistes \u00e0 Pas de la Casa. Votre investissement immobilier en Andorre, appartement \u00e0 vendre au pied de Grandavalira.","robots":{"index":"index","follow":"follow","max-snippet":"max-snippet:-1","max-image-preview":"max-image-preview:large","max-video-preview":"max-video-preview:-1"},"og_locale":"fr_FR","og_type":"article","og_title":"La propri\u00e9t\u00e9 en d\u00e9tail - Immobili\u00e0ria Grif\u00f3 Vacances","og_description":"Propri\u00e9t\u00e9 \u00e0 vendre au pied des pistes \u00e0 Pas de la Casa. Votre investissement immobilier en Andorre, appartement \u00e0 vendre au pied de Grandavalira.","og_url":"https:\/\/www.grifovacances.com\/net2rent-property-detail\/","og_site_name":"Immobili\u00e0ria Grif\u00f3 Vacances","article_modified_time":"2024-08-28T10:06:59+00:00","og_image":[{"width":1280,"height":720,"url":"https:\/\/www.grifovacances.com\/wp-content\/uploads\/2024\/08\/rrss-grifo.jpg","type":"image\/jpeg"}],"twitter_card":"summary_large_image","twitter_misc":{"Dur\u00e9e de lecture estim\u00e9e":"1 minute"},"schema":{"@context":"https:\/\/schema.org","@graph":[{"@type":"WebPage","@id":"https:\/\/www.grifovacances.com\/fr\/la-propriete-en-detail\/","url":"https:\/\/www.grifovacances.com\/net2rent-property-detail\/","name":"La propri\u00e9t\u00e9 en d\u00e9tail - Immobili\u00e0ria Grif\u00f3 Vacances","isPartOf":{"@id":"https:\/\/www.grifovacances.com\/fr\/#website"},"primaryImageOfPage":{"@id":"https:\/\/www.grifovacances.com\/net2rent-property-detail\/#primaryimage"},"image":{"@id":"https:\/\/www.grifovacances.com\/net2rent-property-detail\/#primaryimage"},"thumbnailUrl":"https:\/\/www.grifovacances.com\/wp-content\/uploads\/2024\/08\/rrss-grifo.jpg","datePublished":"2023-07-13T15:31:04+00:00","dateModified":"2024-08-28T10:06:59+00:00","description":"Propri\u00e9t\u00e9 \u00e0 vendre au pied des pistes \u00e0 Pas de la Casa. Votre investissement immobilier en Andorre, appartement \u00e0 vendre au pied de Grandavalira.","breadcrumb":{"@id":"https:\/\/www.grifovacances.com\/net2rent-property-detail\/#breadcrumb"},"inLanguage":"fr-FR","potentialAction":[{"@type":"ReadAction","target":["https:\/\/www.grifovacances.com\/net2rent-property-detail\/"]}]},{"@type":"BreadcrumbList","@id":"https:\/\/www.grifovacances.com\/net2rent-property-detail\/#breadcrumb","itemListElement":[{"@type":"ListItem","position":1,"name":"Inicio","item":"https:\/\/www.grifovacances.com\/fr\/grifo-vacances-home\/"},{"@type":"ListItem","position":2,"name":"La propri\u00e9t\u00e9 en d\u00e9tail"}]},{"@type":"WebSite","@id":"https:\/\/www.grifovacances.com\/fr\/#website","url":"https:\/\/www.grifovacances.com\/fr\/","name":"Immobili\u00e0ria Grif\u00f3 Vacances","description":"Alquiler de apartamentos a pie de pista en Pas de la Casa.","publisher":{"@id":"https:\/\/www.grifovacances.com\/fr\/#organization"},"potentialAction":[{"@type":"SearchAction","target":{"@type":"EntryPoint","urlTemplate":"https:\/\/www.grifovacances.com\/fr\/resultats-de-la-recherche\/?search_text={search_term_string}"},"query-input":{"@type":"PropertyValueSpecification","valueRequired":true,"valueName":"search_term_string"}}],"inLanguage":"fr-FR"},{"@type":"Organization","@id":"https:\/\/www.grifovacances.com\/fr\/#organization","name":"Inmobiliaria Grig\u00f3 Vacances - Pas de la Casa - Andorra","url":"https:\/\/www.grifovacances.com\/fr\/","logo":{"@type":"ImageObject","inLanguage":"fr-FR","@id":"https:\/\/www.grifovacances.com\/fr\/#\/schema\/logo\/image\/","url":"https:\/\/www.grifovacances.com\/wp-content\/uploads\/2023\/04\/LOGO-GRIFO-VACANCES-2023.png","contentUrl":"https:\/\/www.grifovacances.com\/wp-content\/uploads\/2023\/04\/LOGO-GRIFO-VACANCES-2023.png","width":525,"height":218,"caption":"Inmobiliaria Grig\u00f3 Vacances - Pas de la Casa - Andorra"},"image":{"@id":"https:\/\/www.grifovacances.com\/fr\/#\/schema\/logo\/image\/"}}]}},"_links":{"self":[{"href":"https:\/\/www.grifovacances.com\/fr\/wp-json\/wp\/v2\/pages\/2656","targetHints":{"allow":["GET"]}}],"collection":[{"href":"https:\/\/www.grifovacances.com\/fr\/wp-json\/wp\/v2\/pages"}],"about":[{"href":"https:\/\/www.grifovacances.com\/fr\/wp-json\/wp\/v2\/types\/page"}],"author":[{"embeddable":true,"href":"https:\/\/www.grifovacances.com\/fr\/wp-json\/wp\/v2\/users\/1"}],"replies":[{"embeddable":true,"href":"https:\/\/www.grifovacances.com\/fr\/wp-json\/wp\/v2\/comments?post=2656"}],"version-history":[{"count":3,"href":"https:\/\/www.grifovacances.com\/fr\/wp-json\/wp\/v2\/pages\/2656\/revisions"}],"predecessor-version":[{"id":2672,"href":"https:\/\/www.grifovacances.com\/fr\/wp-json\/wp\/v2\/pages\/2656\/revisions\/2672"}],"wp:featuredmedia":[{"embeddable":true,"href":"https:\/\/www.grifovacances.com\/fr\/wp-json\/wp\/v2\/media\/2918"}],"wp:attachment":[{"href":"https:\/\/www.grifovacances.com\/fr\/wp-json\/wp\/v2\/media?parent=2656"}],"curies":[{"name":"wp","href":"https:\/\/api.w.org\/{rel}","templated":true}]}}