{"id":893,"date":"2019-09-23T10:20:41","date_gmt":"2019-09-23T08:20:41","guid":{"rendered":"http:\/\/design.net2rent.com\/grifo\/propriete-en-detail\/"},"modified":"2024-08-28T11:55:38","modified_gmt":"2024-08-28T09:55:38","slug":"appartement-en-detail","status":"publish","type":"page","link":"https:\/\/www.grifovacances.com\/fr\/appartement-en-detail\/","title":{"rendered":"Appartement en d\u00e9tail"},"content":{"rendered":"\t\t<div data-elementor-type=\"wp-page\" data-elementor-id=\"893\" class=\"elementor elementor-893 elementor-542\" data-elementor-post-type=\"page\">\n\t\t\t\t\t\t<section class=\"elementor-section elementor-top-section elementor-element elementor-element-19d7533 elementor-section-boxed elementor-section-height-default elementor-section-height-default\" data-id=\"19d7533\" data-element_type=\"section\" data-e-type=\"section\">\n\t\t\t\t\t\t<div class=\"elementor-container elementor-column-gap-default\">\n\t\t\t\t\t<div class=\"elementor-column elementor-col-50 elementor-top-column elementor-element elementor-element-39284a2\" data-id=\"39284a2\" data-element_type=\"column\" data-e-type=\"column\">\n\t\t\t<div class=\"elementor-widget-wrap elementor-element-populated\">\n\t\t\t\t\t\t<div class=\"elementor-element elementor-element-a4a4828 elementor-widget elementor-widget-shortcode\" data-id=\"a4a4828\" data-element_type=\"widget\" data-e-type=\"widget\" data-widget_type=\"shortcode.default\">\n\t\t\t\t<div class=\"elementor-widget-container\">\n\t\t\t\t\t\t\t<div class=\"elementor-shortcode\"><\/div>\n\t\t\t\t\t\t<\/div>\n\t\t\t\t<\/div>\n\t\t\t\t\t<\/div>\n\t\t<\/div>\n\t\t\t\t<div class=\"elementor-column elementor-col-50 elementor-top-column elementor-element elementor-element-3645227\" data-id=\"3645227\" data-element_type=\"column\" data-e-type=\"column\">\n\t\t\t<div class=\"elementor-widget-wrap elementor-element-populated\">\n\t\t\t\t\t\t<section class=\"elementor-section elementor-inner-section elementor-element elementor-element-a5b278b elementor-section-boxed elementor-section-height-default elementor-section-height-default\" data-id=\"a5b278b\" data-element_type=\"section\" data-e-type=\"section\" data-settings=\"{&quot;background_background&quot;:&quot;classic&quot;}\">\n\t\t\t\t\t\t<div class=\"elementor-container elementor-column-gap-default\">\n\t\t\t\t\t<div class=\"elementor-column elementor-col-100 elementor-inner-column elementor-element elementor-element-44688fa\" data-id=\"44688fa\" data-element_type=\"column\" data-e-type=\"column\">\n\t\t\t<div class=\"elementor-widget-wrap elementor-element-populated\">\n\t\t\t\t\t\t<div class=\"elementor-element elementor-element-cc6a417 elementor-widget elementor-widget-shortcode\" data-id=\"cc6a417\" data-element_type=\"widget\" data-e-type=\"widget\" data-widget_type=\"shortcode.default\">\n\t\t\t\t<div class=\"elementor-widget-container\">\n\t\t\t\t\t\t\t<div class=\"elementor-shortcode\"><\/div>\n\t\t\t\t\t\t<\/div>\n\t\t\t\t<\/div>\n\t\t\t\t\t<\/div>\n\t\t<\/div>\n\t\t\t\t\t<\/div>\n\t\t<\/section>\n\t\t\t\t<section class=\"elementor-section elementor-inner-section elementor-element elementor-element-2c39b55 elementor-section-boxed elementor-section-height-default elementor-section-height-default\" data-id=\"2c39b55\" data-element_type=\"section\" data-e-type=\"section\" data-settings=\"{&quot;background_background&quot;:&quot;classic&quot;}\">\n\t\t\t\t\t\t<div class=\"elementor-container elementor-column-gap-default\">\n\t\t\t\t\t<div class=\"elementor-column elementor-col-100 elementor-inner-column elementor-element elementor-element-781c907\" data-id=\"781c907\" data-element_type=\"column\" data-e-type=\"column\">\n\t\t\t<div class=\"elementor-widget-wrap elementor-element-populated\">\n\t\t\t\t\t\t<div class=\"elementor-element elementor-element-afcfd43 elementor-widget elementor-widget-shortcode\" data-id=\"afcfd43\" data-element_type=\"widget\" data-e-type=\"widget\" data-widget_type=\"shortcode.default\">\n\t\t\t\t<div class=\"elementor-widget-container\">\n\t\t\t\t\t\t\t<div class=\"elementor-shortcode\"><\/div>\n\t\t\t\t\t\t<\/div>\n\t\t\t\t<\/div>\n\t\t\t\t\t<\/div>\n\t\t<\/div>\n\t\t\t\t\t<\/div>\n\t\t<\/section>\n\t\t\t\t\t<\/div>\n\t\t<\/div>\n\t\t\t\t\t<\/div>\n\t\t<\/section>\n\t\t\t\t<section class=\"elementor-section elementor-top-section elementor-element elementor-element-34ec264 elementor-section-boxed elementor-section-height-default elementor-section-height-default\" data-id=\"34ec264\" data-element_type=\"section\" data-e-type=\"section\">\n\t\t\t\t\t\t<div class=\"elementor-container elementor-column-gap-default\">\n\t\t\t\t\t<div class=\"elementor-column elementor-col-100 elementor-top-column elementor-element elementor-element-8c6f602\" data-id=\"8c6f602\" data-element_type=\"column\" data-e-type=\"column\">\n\t\t\t<div class=\"elementor-widget-wrap elementor-element-populated\">\n\t\t\t\t\t\t<div class=\"elementor-element elementor-element-64dc9ec elementor-widget elementor-widget-shortcode\" data-id=\"64dc9ec\" data-element_type=\"widget\" data-e-type=\"widget\" data-widget_type=\"shortcode.default\">\n\t\t\t\t<div class=\"elementor-widget-container\">\n\t\t\t\t\t\t\t<div class=\"elementor-shortcode\"><\/div>\n\t\t\t\t\t\t<\/div>\n\t\t\t\t<\/div>\n\t\t\t\t\t<\/div>\n\t\t<\/div>\n\t\t\t\t\t<\/div>\n\t\t<\/section>\n\t\t\t\t<section class=\"elementor-section elementor-top-section elementor-element elementor-element-e7f4635 elementor-section-boxed elementor-section-height-default elementor-section-height-default\" data-id=\"e7f4635\" data-element_type=\"section\" data-e-type=\"section\">\n\t\t\t\t\t\t<div class=\"elementor-container elementor-column-gap-default\">\n\t\t\t\t\t<div class=\"elementor-column elementor-col-100 elementor-top-column elementor-element elementor-element-2b9bf59\" data-id=\"2b9bf59\" data-element_type=\"column\" data-e-type=\"column\">\n\t\t\t<div class=\"elementor-widget-wrap elementor-element-populated\">\n\t\t\t\t\t\t<div class=\"elementor-element elementor-element-0f00628 elementor-widget elementor-widget-text-editor\" data-id=\"0f00628\" data-element_type=\"widget\" data-e-type=\"widget\" data-widget_type=\"text-editor.default\">\n\t\t\t\t<div class=\"elementor-widget-container\">\n\t\t\t\t\t\t\t\t\t<p><a href=\"https:\/\/www.grifovacances.com\/fr\/\"><strong>Grif\u00f3 Vacances<\/strong><\/a> en Andorre vous propose un large choix de <a href=\"https:\/\/www.grifovacances.com\/fr\/location-de-propriete\/\"><strong>locations<\/strong><\/a> r\u00e9nov\u00e9es, confortables et enti\u00e8rement \u00e9quip\u00e9es avec tout le confort. Tous nos <a href=\"https:\/\/www.grifovacances.com\/fr\/location-de-propriete\/\"><strong>h\u00e9bergements<\/strong><\/a> sont parfaitement situ\u00e9s <strong>\u00e0 moins de 100 m\u00e8tres des pistes de ski<\/strong> pour des vacances de ski sur les pistes de la plus grande station de ski des Pyr\u00e9n\u00e9es et du sud de l&#8217;Europe, la <strong>station <a href=\"https:\/\/www.grandvalira.com\/\">Grandvalira<\/a><\/strong>. Nos <strong>appartements<\/strong> \u00e0 <a href=\"https:\/\/www.grifovacances.com\/fr\/pas-de-la-case\/\"><strong>Pas de la Casa<\/strong><\/a> et <a href=\"https:\/\/www.grifovacances.com\/fr\/soldeu-el-tarter\/\"><strong>El Tarter<\/strong><\/a>, dans la Principaut\u00e9 d&#8217;Andorre, sont le logement id\u00e9al pour passer des vacances inoubliables dans la neige, \u00e0 c\u00f4t\u00e9 de la station de ski de Grandvalira. <a href=\"https:\/\/www.grifovacances.com\/fr\/\"><strong>Grif\u00f3 Vacances<\/strong><\/a> est devenu une r\u00e9f\u00e9rence de professionnalisme \u00e0 votre service dans diff\u00e9rents domaines du secteur immobilier en <a href=\"https:\/\/visitandorra.com\/fr\/\"><strong>Andorre<\/strong><\/a>. En r\u00e9servant un appartement, vous pouvez profiter de tous ces services. N&#8217;h\u00e9sitez pas \u00e0 poser des questions lors de la remise des cl\u00e9s \u00e0 notre bureau <a href=\"https:\/\/www.immogrifo.com\/\"><strong>Immobili\u00e0ria Grif\u00f3<\/strong><\/a>, situ\u00e9 au <strong>29, rue Encamp, \u00e0 Pas de la Casa<\/strong>, ou \u00e0 nous envoyer un commentaire lors de votre r\u00e9servation.<\/p>\n\t\t\t\t\t\t\t\t<\/div>\n\t\t\t\t<\/div>\n\t\t\t\t\t<\/div>\n\t\t<\/div>\n\t\t\t\t\t<\/div>\n\t\t<\/section>\n\t\t\t\t<\/div>\n\t\t","protected":false},"excerpt":{"rendered":"<p>Grif\u00f3 Vacances en Andorre vous propose un large choix de locations r\u00e9nov\u00e9es, confortables et enti\u00e8rement \u00e9quip\u00e9es avec tout le confort. Tous nos h\u00e9bergements sont parfaitement situ\u00e9s \u00e0 moins de 100 m\u00e8tres des pistes de ski pour des vacances de ski sur les pistes de la plus grande station de ski des Pyr\u00e9n\u00e9es et du sud [&hellip;]<\/p>\n","protected":false},"author":1,"featured_media":2918,"parent":0,"menu_order":0,"comment_status":"closed","ping_status":"closed","template":"","meta":{"_joinchat":[],"footnotes":""},"class_list":["post-893","page","type-page","status-publish","has-post-thumbnail","hentry"],"yoast_head":"<!-- This site is optimized with the Yoast SEO plugin v27.5 - https:\/\/yoast.com\/product\/yoast-seo-wordpress\/ -->\n<title>Appartement en d\u00e9tail - Immobili\u00e0ria Grif\u00f3 Vacances<\/title>\n<meta name=\"description\" content=\"Appartement \u00e0 louer au pied des pistes au Pas de la Casa. Vos vacances de ski en Andorre, appartement \u00e0 louer au pied de Grandavalira.\" \/>\n<meta name=\"robots\" content=\"index, follow, max-snippet:-1, max-image-preview:large, max-video-preview:-1\" \/>\n<meta property=\"og:locale\" content=\"fr_FR\" \/>\n<meta property=\"og:type\" content=\"article\" \/>\n<meta property=\"og:title\" content=\"Appartement en d\u00e9tail - Immobili\u00e0ria Grif\u00f3 Vacances\" \/>\n<meta property=\"og:description\" content=\"Appartement \u00e0 louer au pied des pistes au Pas de la Casa. Vos vacances de ski en Andorre, appartement \u00e0 louer au pied de Grandavalira.\" \/>\n<meta property=\"og:url\" content=\"https:\/\/www.grifovacances.com\/net2rent-property-detail\/\" \/>\n<meta property=\"og:site_name\" content=\"Immobili\u00e0ria Grif\u00f3 Vacances\" \/>\n<meta property=\"article:modified_time\" content=\"2024-08-28T09:55:38+00:00\" \/>\n<meta property=\"og:image\" content=\"https:\/\/www.grifovacances.com\/wp-content\/uploads\/2024\/08\/rrss-grifo.jpg\" \/>\n\t<meta property=\"og:image:width\" content=\"1280\" \/>\n\t<meta property=\"og:image:height\" content=\"720\" \/>\n\t<meta property=\"og:image:type\" content=\"image\/jpeg\" \/>\n<meta name=\"twitter:card\" content=\"summary_large_image\" \/>\n<meta name=\"twitter:label1\" content=\"Dur\u00e9e de lecture estim\u00e9e\" \/>\n\t<meta name=\"twitter:data1\" content=\"1 minute\" \/>\n<script type=\"application\/ld+json\" class=\"yoast-schema-graph\">{\"@context\":\"https:\\\/\\\/schema.org\",\"@graph\":[{\"@type\":\"WebPage\",\"@id\":\"https:\\\/\\\/www.grifovacances.com\\\/fr\\\/appartement-en-detail\\\/\",\"url\":\"https:\\\/\\\/www.grifovacances.com\\\/net2rent-property-detail\\\/\",\"name\":\"Appartement en d\u00e9tail - Immobili\u00e0ria Grif\u00f3 Vacances\",\"isPartOf\":{\"@id\":\"https:\\\/\\\/www.grifovacances.com\\\/fr\\\/#website\"},\"primaryImageOfPage\":{\"@id\":\"https:\\\/\\\/www.grifovacances.com\\\/net2rent-property-detail\\\/#primaryimage\"},\"image\":{\"@id\":\"https:\\\/\\\/www.grifovacances.com\\\/net2rent-property-detail\\\/#primaryimage\"},\"thumbnailUrl\":\"https:\\\/\\\/www.grifovacances.com\\\/wp-content\\\/uploads\\\/2024\\\/08\\\/rrss-grifo.jpg\",\"datePublished\":\"2019-09-23T08:20:41+00:00\",\"dateModified\":\"2024-08-28T09:55:38+00:00\",\"description\":\"Appartement \u00e0 louer au pied des pistes au Pas de la Casa. Vos vacances de ski en Andorre, appartement \u00e0 louer au pied de Grandavalira.\",\"breadcrumb\":{\"@id\":\"https:\\\/\\\/www.grifovacances.com\\\/net2rent-property-detail\\\/#breadcrumb\"},\"inLanguage\":\"fr-FR\",\"potentialAction\":[{\"@type\":\"ReadAction\",\"target\":[\"https:\\\/\\\/www.grifovacances.com\\\/net2rent-property-detail\\\/\"]}]},{\"@type\":\"BreadcrumbList\",\"@id\":\"https:\\\/\\\/www.grifovacances.com\\\/net2rent-property-detail\\\/#breadcrumb\",\"itemListElement\":[{\"@type\":\"ListItem\",\"position\":1,\"name\":\"Inicio\",\"item\":\"https:\\\/\\\/www.grifovacances.com\\\/fr\\\/grifo-vacances-home\\\/\"},{\"@type\":\"ListItem\",\"position\":2,\"name\":\"Appartement en d\u00e9tail\"}]},{\"@type\":\"WebSite\",\"@id\":\"https:\\\/\\\/www.grifovacances.com\\\/fr\\\/#website\",\"url\":\"https:\\\/\\\/www.grifovacances.com\\\/fr\\\/\",\"name\":\"Immobili\u00e0ria Grif\u00f3 Vacances\",\"description\":\"Alquiler de apartamentos a pie de pista en Pas de la Casa.\",\"publisher\":{\"@id\":\"https:\\\/\\\/www.grifovacances.com\\\/fr\\\/#organization\"},\"potentialAction\":[{\"@type\":\"SearchAction\",\"target\":{\"@type\":\"EntryPoint\",\"urlTemplate\":\"https:\\\/\\\/www.grifovacances.com\\\/fr\\\/resultats-de-la-recherche\\\/?search_text={search_term_string}\"},\"query-input\":{\"@type\":\"PropertyValueSpecification\",\"valueRequired\":true,\"valueName\":\"search_term_string\"}}],\"inLanguage\":\"fr-FR\"},{\"@type\":\"Organization\",\"@id\":\"https:\\\/\\\/www.grifovacances.com\\\/fr\\\/#organization\",\"name\":\"Inmobiliaria Grig\u00f3 Vacances - Pas de la Casa - Andorra\",\"url\":\"https:\\\/\\\/www.grifovacances.com\\\/fr\\\/\",\"logo\":{\"@type\":\"ImageObject\",\"inLanguage\":\"fr-FR\",\"@id\":\"https:\\\/\\\/www.grifovacances.com\\\/fr\\\/#\\\/schema\\\/logo\\\/image\\\/\",\"url\":\"https:\\\/\\\/www.grifovacances.com\\\/wp-content\\\/uploads\\\/2023\\\/04\\\/LOGO-GRIFO-VACANCES-2023.png\",\"contentUrl\":\"https:\\\/\\\/www.grifovacances.com\\\/wp-content\\\/uploads\\\/2023\\\/04\\\/LOGO-GRIFO-VACANCES-2023.png\",\"width\":525,\"height\":218,\"caption\":\"Inmobiliaria Grig\u00f3 Vacances - Pas de la Casa - Andorra\"},\"image\":{\"@id\":\"https:\\\/\\\/www.grifovacances.com\\\/fr\\\/#\\\/schema\\\/logo\\\/image\\\/\"}}]}<\/script>\n<!-- \/ Yoast SEO plugin. -->","yoast_head_json":{"title":"Appartement en d\u00e9tail - Immobili\u00e0ria Grif\u00f3 Vacances","description":"Appartement \u00e0 louer au pied des pistes au Pas de la Casa. Vos vacances de ski en Andorre, appartement \u00e0 louer au pied de Grandavalira.","robots":{"index":"index","follow":"follow","max-snippet":"max-snippet:-1","max-image-preview":"max-image-preview:large","max-video-preview":"max-video-preview:-1"},"og_locale":"fr_FR","og_type":"article","og_title":"Appartement en d\u00e9tail - Immobili\u00e0ria Grif\u00f3 Vacances","og_description":"Appartement \u00e0 louer au pied des pistes au Pas de la Casa. Vos vacances de ski en Andorre, appartement \u00e0 louer au pied de Grandavalira.","og_url":"https:\/\/www.grifovacances.com\/net2rent-property-detail\/","og_site_name":"Immobili\u00e0ria Grif\u00f3 Vacances","article_modified_time":"2024-08-28T09:55:38+00:00","og_image":[{"width":1280,"height":720,"url":"https:\/\/www.grifovacances.com\/wp-content\/uploads\/2024\/08\/rrss-grifo.jpg","type":"image\/jpeg"}],"twitter_card":"summary_large_image","twitter_misc":{"Dur\u00e9e de lecture estim\u00e9e":"1 minute"},"schema":{"@context":"https:\/\/schema.org","@graph":[{"@type":"WebPage","@id":"https:\/\/www.grifovacances.com\/fr\/appartement-en-detail\/","url":"https:\/\/www.grifovacances.com\/net2rent-property-detail\/","name":"Appartement en d\u00e9tail - Immobili\u00e0ria Grif\u00f3 Vacances","isPartOf":{"@id":"https:\/\/www.grifovacances.com\/fr\/#website"},"primaryImageOfPage":{"@id":"https:\/\/www.grifovacances.com\/net2rent-property-detail\/#primaryimage"},"image":{"@id":"https:\/\/www.grifovacances.com\/net2rent-property-detail\/#primaryimage"},"thumbnailUrl":"https:\/\/www.grifovacances.com\/wp-content\/uploads\/2024\/08\/rrss-grifo.jpg","datePublished":"2019-09-23T08:20:41+00:00","dateModified":"2024-08-28T09:55:38+00:00","description":"Appartement \u00e0 louer au pied des pistes au Pas de la Casa. Vos vacances de ski en Andorre, appartement \u00e0 louer au pied de Grandavalira.","breadcrumb":{"@id":"https:\/\/www.grifovacances.com\/net2rent-property-detail\/#breadcrumb"},"inLanguage":"fr-FR","potentialAction":[{"@type":"ReadAction","target":["https:\/\/www.grifovacances.com\/net2rent-property-detail\/"]}]},{"@type":"BreadcrumbList","@id":"https:\/\/www.grifovacances.com\/net2rent-property-detail\/#breadcrumb","itemListElement":[{"@type":"ListItem","position":1,"name":"Inicio","item":"https:\/\/www.grifovacances.com\/fr\/grifo-vacances-home\/"},{"@type":"ListItem","position":2,"name":"Appartement en d\u00e9tail"}]},{"@type":"WebSite","@id":"https:\/\/www.grifovacances.com\/fr\/#website","url":"https:\/\/www.grifovacances.com\/fr\/","name":"Immobili\u00e0ria Grif\u00f3 Vacances","description":"Alquiler de apartamentos a pie de pista en Pas de la Casa.","publisher":{"@id":"https:\/\/www.grifovacances.com\/fr\/#organization"},"potentialAction":[{"@type":"SearchAction","target":{"@type":"EntryPoint","urlTemplate":"https:\/\/www.grifovacances.com\/fr\/resultats-de-la-recherche\/?search_text={search_term_string}"},"query-input":{"@type":"PropertyValueSpecification","valueRequired":true,"valueName":"search_term_string"}}],"inLanguage":"fr-FR"},{"@type":"Organization","@id":"https:\/\/www.grifovacances.com\/fr\/#organization","name":"Inmobiliaria Grig\u00f3 Vacances - Pas de la Casa - Andorra","url":"https:\/\/www.grifovacances.com\/fr\/","logo":{"@type":"ImageObject","inLanguage":"fr-FR","@id":"https:\/\/www.grifovacances.com\/fr\/#\/schema\/logo\/image\/","url":"https:\/\/www.grifovacances.com\/wp-content\/uploads\/2023\/04\/LOGO-GRIFO-VACANCES-2023.png","contentUrl":"https:\/\/www.grifovacances.com\/wp-content\/uploads\/2023\/04\/LOGO-GRIFO-VACANCES-2023.png","width":525,"height":218,"caption":"Inmobiliaria Grig\u00f3 Vacances - Pas de la Casa - Andorra"},"image":{"@id":"https:\/\/www.grifovacances.com\/fr\/#\/schema\/logo\/image\/"}}]}},"_links":{"self":[{"href":"https:\/\/www.grifovacances.com\/fr\/wp-json\/wp\/v2\/pages\/893","targetHints":{"allow":["GET"]}}],"collection":[{"href":"https:\/\/www.grifovacances.com\/fr\/wp-json\/wp\/v2\/pages"}],"about":[{"href":"https:\/\/www.grifovacances.com\/fr\/wp-json\/wp\/v2\/types\/page"}],"author":[{"embeddable":true,"href":"https:\/\/www.grifovacances.com\/fr\/wp-json\/wp\/v2\/users\/1"}],"replies":[{"embeddable":true,"href":"https:\/\/www.grifovacances.com\/fr\/wp-json\/wp\/v2\/comments?post=893"}],"version-history":[{"count":7,"href":"https:\/\/www.grifovacances.com\/fr\/wp-json\/wp\/v2\/pages\/893\/revisions"}],"predecessor-version":[{"id":2351,"href":"https:\/\/www.grifovacances.com\/fr\/wp-json\/wp\/v2\/pages\/893\/revisions\/2351"}],"wp:featuredmedia":[{"embeddable":true,"href":"https:\/\/www.grifovacances.com\/fr\/wp-json\/wp\/v2\/media\/2918"}],"wp:attachment":[{"href":"https:\/\/www.grifovacances.com\/fr\/wp-json\/wp\/v2\/media?parent=893"}],"curies":[{"name":"wp","href":"https:\/\/api.w.org\/{rel}","templated":true}]}}