{"id":897,"date":"2019-09-23T10:21:21","date_gmt":"2019-09-23T08:21:21","guid":{"rendered":"http:\/\/design.net2rent.com\/grifo\/liste-de-voeux\/"},"modified":"2024-08-28T12:07:15","modified_gmt":"2024-08-28T10:07:15","slug":"liste-de-voeux","status":"publish","type":"page","link":"https:\/\/www.grifovacances.com\/fr\/liste-de-voeux\/","title":{"rendered":"Liste de Favoris"},"content":{"rendered":"\t\t<div data-elementor-type=\"wp-page\" data-elementor-id=\"897\" class=\"elementor elementor-897 elementor-543\" data-elementor-post-type=\"page\">\n\t\t\t\t\t\t<section class=\"elementor-section elementor-top-section elementor-element elementor-element-8e34d99 elementor-section-boxed elementor-section-height-default elementor-section-height-default elementor-invisible\" data-id=\"8e34d99\" data-element_type=\"section\" data-e-type=\"section\" data-settings=\"{&quot;animation&quot;:&quot;fadeIn&quot;}\">\n\t\t\t\t\t\t<div class=\"elementor-container elementor-column-gap-default\">\n\t\t\t\t\t<div class=\"elementor-column elementor-col-100 elementor-top-column elementor-element elementor-element-5c85a91\" data-id=\"5c85a91\" data-element_type=\"column\" data-e-type=\"column\">\n\t\t\t<div class=\"elementor-widget-wrap elementor-element-populated\">\n\t\t\t\t\t\t<div class=\"elementor-element elementor-element-bbaa0dc elementor-widget elementor-widget-shortcode\" data-id=\"bbaa0dc\" data-element_type=\"widget\" data-e-type=\"widget\" data-widget_type=\"shortcode.default\">\n\t\t\t\t<div class=\"elementor-widget-container\">\n\t\t\t\t\t\t\t<div class=\"elementor-shortcode\"><div class=\"n2r__search  \" data-n2r-searchsession-url=\"https:\/\/www.grifovacances.com\/wp-json\/n2r\/v1\/searchsession\" data-n2r-nosession=\"true\">\n    <div class=\"n2r__search__container n2r__tabs__content\">\n    <div class=\"n2r__tabs__content__item n2r__search__container__rental active\" >\n  <form name=\"n2r__search\" method=\"get\" action=\"https:\/\/www.grifovacances.com\/fr\/resultats-de-la-recherche\/\" role=\"form\" autocomplete=\"off\">\n    <input type=\"hidden\" aria-hidden=\"true\" name=\"commercialization_type\" value=\"rental\">\n              <div class=\"n2r__search__field\">\n            <label for=\"n2r-search-rental-search_text-21578\">R\u00e9f\u00e9rence<\/label>\n            <input type=\"text\" name=\"search_text\" id=\"n2r-search-rental-search_text-21578\" class=\"n2r__input\" value=\"\">\n          <\/div>\n                      <div class=\"n2r__search__field\">\n              <label for=\"n2r-search-rental-city-21578\">Destination<\/label>\n              <select name=\"city\" id=\"n2r-search-rental-city-21578\" class=\"n2r__select\">\n                <option value=\"\">Tout<\/option>\n                <option value=\"PAS DE LA CASA\" >PAS DE LA CASA<\/option><option value=\"Pas de la Casa\" >Pas de la Casa<\/option><option value=\"SANT PERE DEL TARTER\" >SANT PERE DEL TARTER<\/option>              <\/select>\n              <span><\/span>\n            <\/div>\n                      <div class=\"n2r__search__field \">\n              <label for=\"n2r-search-rental-type-21578\">Type de b\u00e2timent<\/label>\n              <select name=\"type\" id=\"n2r-search-rental-type-21578\" class=\"n2r__select\">\n                <option value=\"\">Tout<\/option>\n                <option value=\"apartment\" >Appartement<\/option><option value=\"chalet\" >Chalet<\/option><option value=\"parking\" >Parking<\/option><option value=\"study\" >Studio<\/option>              <\/select>\n              <span><\/span>\n            <\/div>\n                    <div class=\"n2r__search__field n2r__datepickercontainer\">\n            <label for=\"n2r-search-rental-dates-21578\">S\u00e9lectionnez les dates<\/label>\n            <input type=\"text\" name=\"dates\" id=\"n2r-search-rental-dates-21578\" class=\"n2r__input n2r-daterangepicker-component\" value=\"\" data-checkin=\"\" data-checkout=\"\" data-language=\"fr\" data-nights=\"1\" placeholder=\" \">\n            <a class=\"n2r__datepickercontainer__clear\"><i class=\"fa fa-times\"><\/i><\/a>\n            <input type=\"hidden\" aria-hidden=\"true\" name=\"checkin\" value=\"\">\n            <input type=\"hidden\" aria-hidden=\"true\" name=\"checkout\" value=\"\">\n          <\/div>\n                  <div class=\"n2r__search__field n2r__search__field--small\">\n            <label for=\"n2r-search-rental-adults-21578\">Adultes<\/label>\n            <input class=\"n2r__input\" name=\"adults\" id=\"n2r-search-rental-adults-21578\" type=\"number\" min=\"1\" max=\"30\" value=\"1\">\n          <\/div>\n                  <div class=\"n2r__search__field n2r__search__field--small\">\n            <label for=\"n2r-search-rental-children-21578\">Enfants<\/label>\n            <input class=\"n2r__input\" name=\"children\" id=\"n2r-search-rental-children-21578\" type=\"number\" min=\"0\" max=\"30\" value=\"0\">\n          <\/div>\n                  <div class=\"n2r__search__field\">\n            <label for=\"n2r-search-rental-flexible-21578\">\n              <input type=\"checkbox\" name=\"flexible\" id=\"n2r-search-rental-flexible-21578\" value=\"1\" >\n              Je suis flexible sur les dates            <\/label>\n          <\/div>\n              <div class=\"n2r__search__field n2r__search__field--submit\">\n      <button type=\"submit\" class=\"n2r__search__submit n2r__btn\">Chercher<\/button>\n    <\/div>\n  <\/form>\n<\/div>  <\/div>\n<\/div> <\/div>\n\t\t\t\t\t\t<\/div>\n\t\t\t\t<\/div>\n\t\t\t\t\t<\/div>\n\t\t<\/div>\n\t\t\t\t\t<\/div>\n\t\t<\/section>\n\t\t\t\t<section class=\"elementor-section elementor-top-section elementor-element elementor-element-55bfbf99 elementor-section-boxed elementor-section-height-default elementor-section-height-default\" data-id=\"55bfbf99\" data-element_type=\"section\" data-e-type=\"section\">\n\t\t\t\t\t\t<div class=\"elementor-container elementor-column-gap-default\">\n\t\t\t\t\t<div class=\"elementor-column elementor-col-100 elementor-top-column elementor-element elementor-element-751e2216\" data-id=\"751e2216\" data-element_type=\"column\" data-e-type=\"column\">\n\t\t\t<div class=\"elementor-widget-wrap elementor-element-populated\">\n\t\t\t\t\t\t<div class=\"elementor-element elementor-element-7bae7d1 elementor-widget elementor-widget-shortcode\" data-id=\"7bae7d1\" data-element_type=\"widget\" data-e-type=\"widget\" data-widget_type=\"shortcode.default\">\n\t\t\t\t<div class=\"elementor-widget-container\">\n\t\t\t\t\t\t\t<div class=\"elementor-shortcode\"><div class=\"n2r__empty\">Aucune propri\u00e9t\u00e9 enregistr\u00e9e dans votre liste de souhaits<\/div><\/div>\n\t\t\t\t\t\t<\/div>\n\t\t\t\t<\/div>\n\t\t\t\t\t<\/div>\n\t\t<\/div>\n\t\t\t\t\t<\/div>\n\t\t<\/section>\n\t\t\t\t<section class=\"elementor-section elementor-top-section elementor-element elementor-element-aee9c21 elementor-section-boxed elementor-section-height-default elementor-section-height-default\" data-id=\"aee9c21\" data-element_type=\"section\" data-e-type=\"section\">\n\t\t\t\t\t\t<div class=\"elementor-container elementor-column-gap-default\">\n\t\t\t\t\t<div class=\"elementor-column elementor-col-100 elementor-top-column elementor-element elementor-element-4c18dc9\" data-id=\"4c18dc9\" data-element_type=\"column\" data-e-type=\"column\">\n\t\t\t<div class=\"elementor-widget-wrap elementor-element-populated\">\n\t\t\t\t\t\t<div class=\"elementor-element elementor-element-ad376b8 elementor-widget elementor-widget-text-editor\" data-id=\"ad376b8\" data-element_type=\"widget\" data-e-type=\"widget\" data-widget_type=\"text-editor.default\">\n\t\t\t\t<div class=\"elementor-widget-container\">\n\t\t\t\t\t\t\t\t\t<p><a href=\"https:\/\/www.grifovacances.com\/fr\/\"><strong>Grif\u00f3 Vacances<\/strong><\/a> en Andorre vous propose un large choix de <a href=\"https:\/\/www.grifovacances.com\/fr\/location-de-propriete\/\"><strong>locations<\/strong><\/a> r\u00e9nov\u00e9es, confortables et enti\u00e8rement \u00e9quip\u00e9es avec tout le confort. Tous nos <a href=\"https:\/\/www.grifovacances.com\/fr\/location-de-propriete\/\"><strong>h\u00e9bergements<\/strong><\/a> sont parfaitement situ\u00e9s <strong>\u00e0 moins de 100 m\u00e8tres des pistes de ski<\/strong> pour des vacances de ski sur les pistes de la plus grande station de ski des Pyr\u00e9n\u00e9es et du sud de l&#8217;Europe, la <strong>station <a href=\"https:\/\/www.grandvalira.com\/\">Grandvalira<\/a><\/strong>. Nos <strong>appartements<\/strong> \u00e0 <a href=\"https:\/\/www.grifovacances.com\/fr\/pas-de-la-case\/\"><strong>Pas de la Casa<\/strong><\/a> et <a href=\"https:\/\/www.grifovacances.com\/fr\/soldeu-el-tarter\/\"><strong>El Tarter<\/strong><\/a>, dans la Principaut\u00e9 d&#8217;Andorre, sont le logement id\u00e9al pour passer des vacances inoubliables dans la neige, \u00e0 c\u00f4t\u00e9 de la station de ski de Grandvalira. <a href=\"https:\/\/www.grifovacances.com\/fr\/\"><strong>Grif\u00f3 Vacances<\/strong><\/a> est devenu une r\u00e9f\u00e9rence de professionnalisme \u00e0 votre service dans diff\u00e9rents domaines du secteur immobilier en <a href=\"https:\/\/visitandorra.com\/fr\/\"><strong>Andorre<\/strong><\/a>. En r\u00e9servant un appartement, vous pouvez profiter de tous ces services. N&#8217;h\u00e9sitez pas \u00e0 poser des questions lors de la remise des cl\u00e9s \u00e0 notre bureau <a href=\"https:\/\/www.immogrifo.com\/\"><strong>Immobili\u00e0ria Grif\u00f3<\/strong><\/a>, situ\u00e9 au <strong>29, rue Encamp, \u00e0 Pas de la Casa<\/strong>, ou \u00e0 nous envoyer un commentaire lors de votre r\u00e9servation.<\/p>\n\t\t\t\t\t\t\t\t<\/div>\n\t\t\t\t<\/div>\n\t\t\t\t\t<\/div>\n\t\t<\/div>\n\t\t\t\t\t<\/div>\n\t\t<\/section>\n\t\t\t\t<\/div>\n\t\t","protected":false},"excerpt":{"rendered":"<p>Grif\u00f3 Vacances en Andorre vous propose un large choix de locations r\u00e9nov\u00e9es, confortables et enti\u00e8rement \u00e9quip\u00e9es avec tout le confort. Tous nos h\u00e9bergements sont parfaitement situ\u00e9s \u00e0 moins de 100 m\u00e8tres des pistes de ski pour des vacances de ski sur les pistes de la plus grande station de ski des Pyr\u00e9n\u00e9es et du sud [&hellip;]<\/p>\n","protected":false},"author":1,"featured_media":1705,"parent":0,"menu_order":0,"comment_status":"closed","ping_status":"closed","template":"","meta":{"_joinchat":[],"footnotes":""},"class_list":["post-897","page","type-page","status-publish","has-post-thumbnail","hentry"],"yoast_head":"<!-- This site is optimized with the Yoast SEO plugin v27.5 - https:\/\/yoast.com\/product\/yoast-seo-wordpress\/ -->\n<title>Liste de Favoris - Immobili\u00e0ria Grif\u00f3 Vacances<\/title>\n<meta name=\"description\" content=\"Appartements \u00e0 louer au pied des pistes au Pas de la Casa. Vos vacances de ski en Andorre, appartements \u00e0 louer \u00e0 Grandavalira.\" \/>\n<meta name=\"robots\" content=\"index, follow, max-snippet:-1, max-image-preview:large, max-video-preview:-1\" \/>\n<meta property=\"og:locale\" content=\"fr_FR\" \/>\n<meta property=\"og:type\" content=\"article\" \/>\n<meta property=\"og:title\" content=\"Liste de Favoris - Immobili\u00e0ria Grif\u00f3 Vacances\" \/>\n<meta property=\"og:description\" content=\"Appartements \u00e0 louer au pied des pistes au Pas de la Casa. Vos vacances de ski en Andorre, appartements \u00e0 louer \u00e0 Grandavalira.\" \/>\n<meta property=\"og:url\" content=\"https:\/\/www.grifovacances.com\/net2rent-wishlist\/\" \/>\n<meta property=\"og:site_name\" content=\"Immobili\u00e0ria Grif\u00f3 Vacances\" \/>\n<meta property=\"article:modified_time\" content=\"2024-08-28T10:07:15+00:00\" \/>\n<meta property=\"og:image\" content=\"https:\/\/www.grifovacances.com\/wp-content\/uploads\/2020\/01\/rrss.jpg\" \/>\n\t<meta property=\"og:image:width\" content=\"1280\" \/>\n\t<meta property=\"og:image:height\" content=\"720\" \/>\n\t<meta property=\"og:image:type\" content=\"image\/jpeg\" \/>\n<meta name=\"twitter:card\" content=\"summary_large_image\" \/>\n<meta name=\"twitter:label1\" content=\"Dur\u00e9e de lecture estim\u00e9e\" \/>\n\t<meta name=\"twitter:data1\" content=\"1 minute\" \/>\n<script type=\"application\/ld+json\" class=\"yoast-schema-graph\">{\"@context\":\"https:\\\/\\\/schema.org\",\"@graph\":[{\"@type\":\"WebPage\",\"@id\":\"https:\\\/\\\/www.grifovacances.com\\\/fr\\\/liste-de-voeux\\\/\",\"url\":\"https:\\\/\\\/www.grifovacances.com\\\/net2rent-wishlist\\\/\",\"name\":\"Liste de Favoris - Immobili\u00e0ria Grif\u00f3 Vacances\",\"isPartOf\":{\"@id\":\"https:\\\/\\\/www.grifovacances.com\\\/fr\\\/#website\"},\"primaryImageOfPage\":{\"@id\":\"https:\\\/\\\/www.grifovacances.com\\\/net2rent-wishlist\\\/#primaryimage\"},\"image\":{\"@id\":\"https:\\\/\\\/www.grifovacances.com\\\/net2rent-wishlist\\\/#primaryimage\"},\"thumbnailUrl\":\"https:\\\/\\\/www.grifovacances.com\\\/wp-content\\\/uploads\\\/2020\\\/01\\\/rrss.jpg\",\"datePublished\":\"2019-09-23T08:21:21+00:00\",\"dateModified\":\"2024-08-28T10:07:15+00:00\",\"description\":\"Appartements \u00e0 louer au pied des pistes au Pas de la Casa. Vos vacances de ski en Andorre, appartements \u00e0 louer \u00e0 Grandavalira.\",\"breadcrumb\":{\"@id\":\"https:\\\/\\\/www.grifovacances.com\\\/net2rent-wishlist\\\/#breadcrumb\"},\"inLanguage\":\"fr-FR\",\"potentialAction\":[{\"@type\":\"ReadAction\",\"target\":[\"https:\\\/\\\/www.grifovacances.com\\\/net2rent-wishlist\\\/\"]}]},{\"@type\":\"BreadcrumbList\",\"@id\":\"https:\\\/\\\/www.grifovacances.com\\\/net2rent-wishlist\\\/#breadcrumb\",\"itemListElement\":[{\"@type\":\"ListItem\",\"position\":1,\"name\":\"Inicio\",\"item\":\"https:\\\/\\\/www.grifovacances.com\\\/fr\\\/grifo-vacances-home\\\/\"},{\"@type\":\"ListItem\",\"position\":2,\"name\":\"Liste de Favoris\"}]},{\"@type\":\"WebSite\",\"@id\":\"https:\\\/\\\/www.grifovacances.com\\\/fr\\\/#website\",\"url\":\"https:\\\/\\\/www.grifovacances.com\\\/fr\\\/\",\"name\":\"Immobili\u00e0ria Grif\u00f3 Vacances\",\"description\":\"Alquiler de apartamentos a pie de pista en Pas de la Casa.\",\"publisher\":{\"@id\":\"https:\\\/\\\/www.grifovacances.com\\\/fr\\\/#organization\"},\"potentialAction\":[{\"@type\":\"SearchAction\",\"target\":{\"@type\":\"EntryPoint\",\"urlTemplate\":\"https:\\\/\\\/www.grifovacances.com\\\/fr\\\/resultats-de-la-recherche\\\/?search_text={search_term_string}\"},\"query-input\":{\"@type\":\"PropertyValueSpecification\",\"valueRequired\":true,\"valueName\":\"search_term_string\"}}],\"inLanguage\":\"fr-FR\"},{\"@type\":\"Organization\",\"@id\":\"https:\\\/\\\/www.grifovacances.com\\\/fr\\\/#organization\",\"name\":\"Inmobiliaria Grig\u00f3 Vacances - Pas de la Casa - Andorra\",\"url\":\"https:\\\/\\\/www.grifovacances.com\\\/fr\\\/\",\"logo\":{\"@type\":\"ImageObject\",\"inLanguage\":\"fr-FR\",\"@id\":\"https:\\\/\\\/www.grifovacances.com\\\/fr\\\/#\\\/schema\\\/logo\\\/image\\\/\",\"url\":\"https:\\\/\\\/www.grifovacances.com\\\/wp-content\\\/uploads\\\/2023\\\/04\\\/LOGO-GRIFO-VACANCES-2023.png\",\"contentUrl\":\"https:\\\/\\\/www.grifovacances.com\\\/wp-content\\\/uploads\\\/2023\\\/04\\\/LOGO-GRIFO-VACANCES-2023.png\",\"width\":525,\"height\":218,\"caption\":\"Inmobiliaria Grig\u00f3 Vacances - Pas de la Casa - Andorra\"},\"image\":{\"@id\":\"https:\\\/\\\/www.grifovacances.com\\\/fr\\\/#\\\/schema\\\/logo\\\/image\\\/\"}}]}<\/script>\n<!-- \/ Yoast SEO plugin. -->","yoast_head_json":{"title":"Liste de Favoris - Immobili\u00e0ria Grif\u00f3 Vacances","description":"Appartements \u00e0 louer au pied des pistes au Pas de la Casa. Vos vacances de ski en Andorre, appartements \u00e0 louer \u00e0 Grandavalira.","robots":{"index":"index","follow":"follow","max-snippet":"max-snippet:-1","max-image-preview":"max-image-preview:large","max-video-preview":"max-video-preview:-1"},"og_locale":"fr_FR","og_type":"article","og_title":"Liste de Favoris - Immobili\u00e0ria Grif\u00f3 Vacances","og_description":"Appartements \u00e0 louer au pied des pistes au Pas de la Casa. Vos vacances de ski en Andorre, appartements \u00e0 louer \u00e0 Grandavalira.","og_url":"https:\/\/www.grifovacances.com\/net2rent-wishlist\/","og_site_name":"Immobili\u00e0ria Grif\u00f3 Vacances","article_modified_time":"2024-08-28T10:07:15+00:00","og_image":[{"width":1280,"height":720,"url":"https:\/\/www.grifovacances.com\/wp-content\/uploads\/2020\/01\/rrss.jpg","type":"image\/jpeg"}],"twitter_card":"summary_large_image","twitter_misc":{"Dur\u00e9e de lecture estim\u00e9e":"1 minute"},"schema":{"@context":"https:\/\/schema.org","@graph":[{"@type":"WebPage","@id":"https:\/\/www.grifovacances.com\/fr\/liste-de-voeux\/","url":"https:\/\/www.grifovacances.com\/net2rent-wishlist\/","name":"Liste de Favoris - Immobili\u00e0ria Grif\u00f3 Vacances","isPartOf":{"@id":"https:\/\/www.grifovacances.com\/fr\/#website"},"primaryImageOfPage":{"@id":"https:\/\/www.grifovacances.com\/net2rent-wishlist\/#primaryimage"},"image":{"@id":"https:\/\/www.grifovacances.com\/net2rent-wishlist\/#primaryimage"},"thumbnailUrl":"https:\/\/www.grifovacances.com\/wp-content\/uploads\/2020\/01\/rrss.jpg","datePublished":"2019-09-23T08:21:21+00:00","dateModified":"2024-08-28T10:07:15+00:00","description":"Appartements \u00e0 louer au pied des pistes au Pas de la Casa. Vos vacances de ski en Andorre, appartements \u00e0 louer \u00e0 Grandavalira.","breadcrumb":{"@id":"https:\/\/www.grifovacances.com\/net2rent-wishlist\/#breadcrumb"},"inLanguage":"fr-FR","potentialAction":[{"@type":"ReadAction","target":["https:\/\/www.grifovacances.com\/net2rent-wishlist\/"]}]},{"@type":"BreadcrumbList","@id":"https:\/\/www.grifovacances.com\/net2rent-wishlist\/#breadcrumb","itemListElement":[{"@type":"ListItem","position":1,"name":"Inicio","item":"https:\/\/www.grifovacances.com\/fr\/grifo-vacances-home\/"},{"@type":"ListItem","position":2,"name":"Liste de Favoris"}]},{"@type":"WebSite","@id":"https:\/\/www.grifovacances.com\/fr\/#website","url":"https:\/\/www.grifovacances.com\/fr\/","name":"Immobili\u00e0ria Grif\u00f3 Vacances","description":"Alquiler de apartamentos a pie de pista en Pas de la Casa.","publisher":{"@id":"https:\/\/www.grifovacances.com\/fr\/#organization"},"potentialAction":[{"@type":"SearchAction","target":{"@type":"EntryPoint","urlTemplate":"https:\/\/www.grifovacances.com\/fr\/resultats-de-la-recherche\/?search_text={search_term_string}"},"query-input":{"@type":"PropertyValueSpecification","valueRequired":true,"valueName":"search_term_string"}}],"inLanguage":"fr-FR"},{"@type":"Organization","@id":"https:\/\/www.grifovacances.com\/fr\/#organization","name":"Inmobiliaria Grig\u00f3 Vacances - Pas de la Casa - Andorra","url":"https:\/\/www.grifovacances.com\/fr\/","logo":{"@type":"ImageObject","inLanguage":"fr-FR","@id":"https:\/\/www.grifovacances.com\/fr\/#\/schema\/logo\/image\/","url":"https:\/\/www.grifovacances.com\/wp-content\/uploads\/2023\/04\/LOGO-GRIFO-VACANCES-2023.png","contentUrl":"https:\/\/www.grifovacances.com\/wp-content\/uploads\/2023\/04\/LOGO-GRIFO-VACANCES-2023.png","width":525,"height":218,"caption":"Inmobiliaria Grig\u00f3 Vacances - Pas de la Casa - Andorra"},"image":{"@id":"https:\/\/www.grifovacances.com\/fr\/#\/schema\/logo\/image\/"}}]}},"_links":{"self":[{"href":"https:\/\/www.grifovacances.com\/fr\/wp-json\/wp\/v2\/pages\/897","targetHints":{"allow":["GET"]}}],"collection":[{"href":"https:\/\/www.grifovacances.com\/fr\/wp-json\/wp\/v2\/pages"}],"about":[{"href":"https:\/\/www.grifovacances.com\/fr\/wp-json\/wp\/v2\/types\/page"}],"author":[{"embeddable":true,"href":"https:\/\/www.grifovacances.com\/fr\/wp-json\/wp\/v2\/users\/1"}],"replies":[{"embeddable":true,"href":"https:\/\/www.grifovacances.com\/fr\/wp-json\/wp\/v2\/comments?post=897"}],"version-history":[{"count":5,"href":"https:\/\/www.grifovacances.com\/fr\/wp-json\/wp\/v2\/pages\/897\/revisions"}],"predecessor-version":[{"id":2361,"href":"https:\/\/www.grifovacances.com\/fr\/wp-json\/wp\/v2\/pages\/897\/revisions\/2361"}],"wp:featuredmedia":[{"embeddable":true,"href":"https:\/\/www.grifovacances.com\/fr\/wp-json\/wp\/v2\/media\/1705"}],"wp:attachment":[{"href":"https:\/\/www.grifovacances.com\/fr\/wp-json\/wp\/v2\/media?parent=897"}],"curies":[{"name":"wp","href":"https:\/\/api.w.org\/{rel}","templated":true}]}}